{"id":32382,"date":"2014-10-06T00:00:00","date_gmt":"2014-10-05T23:00:00","guid":{"rendered":"http:\/\/www.grappa.no\/no\/albums\/ukategorisert\/lillepri-sangene-fra-sesong-3\/"},"modified":"2017-09-29T09:01:14","modified_gmt":"2017-09-29T08:01:14","slug":"lillepri-sangene-fra-sesong-3","status":"publish","type":"product","link":"https:\/\/grappa.no\/no\/albums\/barne\/lillepri-sangene-fra-sesong-3\/","title":{"rendered":"Lillepri &#8211; Sangene fra sesong 3"},"content":{"rendered":"<p><\/p>\n<p>Lillepri &#8211; Sesong 3<\/p>\n<p>Lillepri er en forrykende musikkonkurranse hvor barn kan delta med sin dorullartist. I sesong 3 fremf\u00f8rer dorullartistene alt i fra s\u00f8dmefylte ballader til rocka og spennende l\u00e5ter.<\/p>\n<p><!--more--><\/p>\n<h4><\/h4>\n<\/p>\n<h4><\/h4>\n<p><h4><\/h4>\n<\/p>\n<p><\/p>","protected":false},"excerpt":{"rendered":"<p>Lillepri er en forrykende musikkonkurranse hvor barn kan delta med sin dorullartist.<\/p>\n","protected":false},"featured_media":32388,"comment_status":"closed","ping_status":"open","template":"","meta":[],"product_brand":[],"product_cat":[15],"product_tag":[],"class_list":{"0":"post-32382","1":"product","2":"type-product","3":"status-publish","4":"has-post-thumbnail","6":"product_cat-barne","7":"product_shipping_class-none","8":"uni_artist_genre-children","9":"uni_artist_genre-norwegian-lyrics","11":"first","12":"outofstock","13":"taxable","14":"shipping-taxable","15":"product-type-simple"},"_links":{"self":[{"href":"https:\/\/grappa.no\/no\/wp-json\/wp\/v2\/product\/32382","targetHints":{"allow":["GET"]}}],"collection":[{"href":"https:\/\/grappa.no\/no\/wp-json\/wp\/v2\/product"}],"about":[{"href":"https:\/\/grappa.no\/no\/wp-json\/wp\/v2\/types\/product"}],"replies":[{"embeddable":true,"href":"https:\/\/grappa.no\/no\/wp-json\/wp\/v2\/comments?post=32382"}],"wp:featuredmedia":[{"embeddable":true,"href":"https:\/\/grappa.no\/no\/wp-json\/wp\/v2\/media\/32388"}],"wp:attachment":[{"href":"https:\/\/grappa.no\/no\/wp-json\/wp\/v2\/media?parent=32382"}],"wp:term":[{"taxonomy":"product_brand","embeddable":true,"href":"https:\/\/grappa.no\/no\/wp-json\/wp\/v2\/product_brand?post=32382"},{"taxonomy":"product_cat","embeddable":true,"href":"https:\/\/grappa.no\/no\/wp-json\/wp\/v2\/product_cat?post=32382"},{"taxonomy":"product_tag","embeddable":true,"href":"https:\/\/grappa.no\/no\/wp-json\/wp\/v2\/product_tag?post=32382"}],"curies":[{"name":"wp","href":"https:\/\/api.w.org\/{rel}","templated":true}]}}