{"id":32367,"date":"2014-01-28T00:00:00","date_gmt":"2014-01-27T23:00:00","guid":{"rendered":"http:\/\/www.grappa.no\/no\/albums\/ukategorisert\/stubbefolket-sommerfest\/"},"modified":"2017-09-29T09:01:52","modified_gmt":"2017-09-29T08:01:52","slug":"stubbefolket-sommerfest","status":"publish","type":"product","link":"https:\/\/grappa.no\/no\/albums\/barne\/stubbefolket-sommerfest\/","title":{"rendered":"Stubbefolket &#8211; Sommerfest"},"content":{"rendered":"<p><\/p>\n<p>Musikken fra TV-serien Stubbefolket<\/p>\n<p>Stubbefolket benytter ikke moderne saker som mobil, data og GPS. Dette klarer de seg utmerket godt uten, og de forst\u00e5r ikke hvorfor vi vanlige mennesker gj\u00f8r ting s\u00e5 vanskelig. De elsker \u00e5 v\u00e6re i naturen hvor det alltid finnes spennende ting \u00e5 gj\u00f8re. <\/p>\n<p>Her kan du h\u00f8re musikken fra TV-serien Stubbefolket.<\/p>\n<p><!--more--><\/p>\n<h4><\/h4>\n<\/p>\n<h4><\/h4>\n<p><h4><\/h4>\n<\/p>\n<p><\/p>","protected":false},"excerpt":{"rendered":"<p>Musikken fra Stubbefolket &#8211; et folk som klarer seg uten moderne teknologi og lever n\u00e6rt naturen.<\/p>\n","protected":false},"featured_media":32380,"comment_status":"closed","ping_status":"open","template":"","meta":[],"product_brand":[],"product_cat":[15],"product_tag":[],"class_list":{"0":"post-32367","1":"product","2":"type-product","3":"status-publish","4":"has-post-thumbnail","6":"product_cat-barne","7":"product_shipping_class-none","8":"uni_artist_tag-svein-gundersen","9":"uni_artist_genre-children","10":"uni_artist_genre-norwegian-lyrics","12":"first","13":"outofstock","14":"taxable","15":"shipping-taxable","16":"product-type-simple"},"_links":{"self":[{"href":"https:\/\/grappa.no\/no\/wp-json\/wp\/v2\/product\/32367","targetHints":{"allow":["GET"]}}],"collection":[{"href":"https:\/\/grappa.no\/no\/wp-json\/wp\/v2\/product"}],"about":[{"href":"https:\/\/grappa.no\/no\/wp-json\/wp\/v2\/types\/product"}],"replies":[{"embeddable":true,"href":"https:\/\/grappa.no\/no\/wp-json\/wp\/v2\/comments?post=32367"}],"wp:featuredmedia":[{"embeddable":true,"href":"https:\/\/grappa.no\/no\/wp-json\/wp\/v2\/media\/32380"}],"wp:attachment":[{"href":"https:\/\/grappa.no\/no\/wp-json\/wp\/v2\/media?parent=32367"}],"wp:term":[{"taxonomy":"product_brand","embeddable":true,"href":"https:\/\/grappa.no\/no\/wp-json\/wp\/v2\/product_brand?post=32367"},{"taxonomy":"product_cat","embeddable":true,"href":"https:\/\/grappa.no\/no\/wp-json\/wp\/v2\/product_cat?post=32367"},{"taxonomy":"product_tag","embeddable":true,"href":"https:\/\/grappa.no\/no\/wp-json\/wp\/v2\/product_tag?post=32367"}],"curies":[{"name":"wp","href":"https:\/\/api.w.org\/{rel}","templated":true}]}}