{"id":32365,"date":"2013-02-07T00:00:00","date_gmt":"2013-02-06T23:00:00","guid":{"rendered":"http:\/\/www.grappa.no\/no\/albums\/ukategorisert\/karsten-og-petra-blir-bestevenner\/"},"modified":"2017-09-29T09:01:38","modified_gmt":"2017-09-29T08:01:38","slug":"karsten-og-petra-blir-bestevenner","status":"publish","type":"product","link":"https:\/\/grappa.no\/no\/albums\/barne\/karsten-og-petra-blir-bestevenner\/","title":{"rendered":"Karsten og Petra Blir Bestevenner"},"content":{"rendered":"<p><\/p>\n<p>Karsten og Petra blir bestevenner<\/p>\n<p>Karsten og Petra blir bestevenner er en barnefilm basert p\u00e5 Tor \u00c5ge Bringsv\u00e6rds popul\u00e6re barneb\u00f8ker. Her m\u00f8ter vi de nysgjerrige og livsglade 5-\u00e5ringene Karsten og Petra p\u00e5 sm\u00e5 og store eventyr sammen med deres livlige og underfundige kosedyr, Fr\u00f8ken Kanin og L\u00f8veungen. Men \u00e9n dag blir Fr\u00f8ken Kanin borte \u2026<\/p>\n<p>Musikken fra filmen er komponert av Lars Kilevold, en velkjent artist og komponist for de fleste. Fengende superhiter som \u00abLivet er for kjipt\u00bb, \u00abUte til lunsj\u00bb og \u00abRespekt for Grandiosa\u00bb har s\u00f8rget for at flere generasjoner nordmenn har hatt l\u00e5tene hans p\u00e5 hjernen. Kilevold har ogs\u00e5 produsert og skrevet l\u00e5ter for flere store norske artister som The Monroes, Bobbysocks og Anita Skorgan og st\u00e5r bak Barne TV-vignetten til NRK.<\/p>\n<p><!--more--><\/p>\n<h4><\/h4>\n<\/p>\n<h4><\/h4>\n<p><h4><\/h4>\n<\/p>\n<p><\/p>","protected":false},"excerpt":{"rendered":"<p>Musikken fra den popul\u00e6re barnefilmen Karsten og Petra blir bestevenner.<\/p>\n","protected":false},"featured_media":32378,"comment_status":"closed","ping_status":"open","template":"","meta":[],"product_brand":[],"product_cat":[15],"product_tag":[],"class_list":{"0":"post-32365","1":"product","2":"type-product","3":"status-publish","4":"has-post-thumbnail","6":"product_cat-barne","7":"product_shipping_class-none","8":"uni_artist_tag-janne-formoe","9":"uni_artist_genre-children","10":"uni_artist_genre-norwegian-lyrics","12":"first","13":"outofstock","14":"taxable","15":"shipping-taxable","16":"product-type-simple"},"_links":{"self":[{"href":"https:\/\/grappa.no\/no\/wp-json\/wp\/v2\/product\/32365","targetHints":{"allow":["GET"]}}],"collection":[{"href":"https:\/\/grappa.no\/no\/wp-json\/wp\/v2\/product"}],"about":[{"href":"https:\/\/grappa.no\/no\/wp-json\/wp\/v2\/types\/product"}],"replies":[{"embeddable":true,"href":"https:\/\/grappa.no\/no\/wp-json\/wp\/v2\/comments?post=32365"}],"wp:featuredmedia":[{"embeddable":true,"href":"https:\/\/grappa.no\/no\/wp-json\/wp\/v2\/media\/32378"}],"wp:attachment":[{"href":"https:\/\/grappa.no\/no\/wp-json\/wp\/v2\/media?parent=32365"}],"wp:term":[{"taxonomy":"product_brand","embeddable":true,"href":"https:\/\/grappa.no\/no\/wp-json\/wp\/v2\/product_brand?post=32365"},{"taxonomy":"product_cat","embeddable":true,"href":"https:\/\/grappa.no\/no\/wp-json\/wp\/v2\/product_cat?post=32365"},{"taxonomy":"product_tag","embeddable":true,"href":"https:\/\/grappa.no\/no\/wp-json\/wp\/v2\/product_tag?post=32365"}],"curies":[{"name":"wp","href":"https:\/\/api.w.org\/{rel}","templated":true}]}}