{"id":32364,"date":"2010-11-01T00:00:00","date_gmt":"2010-10-31T23:00:00","guid":{"rendered":"http:\/\/www.grappa.no\/no\/albums\/ukategorisert\/barnas-supershow-hytta-var\/"},"modified":"2017-09-29T09:01:29","modified_gmt":"2017-09-29T08:01:29","slug":"barnas-supershow-hytta-var","status":"publish","type":"product","link":"https:\/\/grappa.no\/no\/albums\/barne\/barnas-supershow-hytta-var\/","title":{"rendered":"Barnas Supershow: Hytta V\u00e5r"},"content":{"rendered":"<p><\/p>\n<p>Barnas Supershow: Hytta V\u00e5r<\/p>\n<p>Barnas Supershow, underholdningsprogrammet med de unge programlederne, har v\u00e6rt en av de aller mest popul\u00e6re seriene for barn p\u00e5 NRK. I september 2010 sendte kanalen den f\u00f8rste av 20 nye episoder av serien, hvor Barnas Supershow har f\u00e5tt sin helt egen trehytte til r\u00e5dighet &#8211; og her er det ungene som bestemmer!<\/p>\n<p><!--more--><\/p>\n<h4><\/h4>\n<\/p>\n<h4><\/h4>\n<p><h4><\/h4>\n<\/p>\n<p><\/p>","protected":false},"excerpt":{"rendered":"<p>Barnas Supershow, underholdningsprogrammet med de unge programlederne, har v\u00e6rt en av de aller mest popul\u00e6re seriene for barn p\u00e5 NRK.<\/p>\n","protected":false},"featured_media":32377,"comment_status":"closed","ping_status":"open","template":"","meta":[],"product_brand":[],"product_cat":[15],"product_tag":[],"class_list":{"0":"post-32364","1":"product","2":"type-product","3":"status-publish","4":"has-post-thumbnail","6":"product_cat-barne","7":"product_shipping_class-none","8":"uni_artist_tag-audun-erlien","9":"uni_artist_tag-barnas-supershow","10":"uni_artist_tag-karin-okkenhaug-seim","11":"uni_artist_tag-kjetil-steensnaes","12":"uni_artist_tag-magnus-beite","13":"uni_artist_tag-martin-horntveth","14":"uni_artist_tag-torstein-lofthus","15":"uni_main_artist_tag-barnas-supershow","16":"uni_artist_genre-children","17":"uni_artist_genre-norwegian-lyrics","19":"first","20":"outofstock","21":"taxable","22":"shipping-taxable","23":"product-type-simple"},"_links":{"self":[{"href":"https:\/\/grappa.no\/no\/wp-json\/wp\/v2\/product\/32364","targetHints":{"allow":["GET"]}}],"collection":[{"href":"https:\/\/grappa.no\/no\/wp-json\/wp\/v2\/product"}],"about":[{"href":"https:\/\/grappa.no\/no\/wp-json\/wp\/v2\/types\/product"}],"replies":[{"embeddable":true,"href":"https:\/\/grappa.no\/no\/wp-json\/wp\/v2\/comments?post=32364"}],"wp:featuredmedia":[{"embeddable":true,"href":"https:\/\/grappa.no\/no\/wp-json\/wp\/v2\/media\/32377"}],"wp:attachment":[{"href":"https:\/\/grappa.no\/no\/wp-json\/wp\/v2\/media?parent=32364"}],"wp:term":[{"taxonomy":"product_brand","embeddable":true,"href":"https:\/\/grappa.no\/no\/wp-json\/wp\/v2\/product_brand?post=32364"},{"taxonomy":"product_cat","embeddable":true,"href":"https:\/\/grappa.no\/no\/wp-json\/wp\/v2\/product_cat?post=32364"},{"taxonomy":"product_tag","embeddable":true,"href":"https:\/\/grappa.no\/no\/wp-json\/wp\/v2\/product_tag?post=32364"}],"curies":[{"name":"wp","href":"https:\/\/api.w.org\/{rel}","templated":true}]}}