{"id":32359,"date":"2005-02-14T00:00:00","date_gmt":"2005-02-13T23:00:00","guid":{"rendered":"http:\/\/www.grappa.no\/no\/albums\/ukategorisert\/kalle-molo\/"},"modified":"2016-12-05T14:02:27","modified_gmt":"2016-12-05T13:02:27","slug":"kalle-molo","status":"publish","type":"product","link":"https:\/\/grappa.no\/no\/albums\/barne\/kalle-molo\/","title":{"rendered":"KALLE &amp; MOLO"},"content":{"rendered":"<p><\/p>\n<p>Kalle &amp; Molo<\/p>\n<p>Her er sangene fra BarneTV-serien Kalle &amp; Molo, hvor nebbdyret Molo synger om alt han lurer og funderer p\u00e5 \u2013 dvs. alt mellom himmel og jord. Molo er en karismatisk type som er blitt veldig glad i Kalle \u2013 den eldre herremannen som er vant til \u00e5 bo alene i det lille huset sitt i skogen, og som trives med det. Molo (Hanne Dahle) synger her om alt fra et bes\u00f8k p\u00e5 slottet til vennskapet med Kalle. Paal Ritter Schjerven fra Monster Entertainment har skrevet alle tekstene, og melodiene har Paal gjort sammen med Odd Harald Jensen.<\/p>\n<p><!--more--><\/p>\n<h4><\/h4>\n<\/p>\n<h4><\/h4>\n<p><h4><\/h4>\n<\/p>\n<p><\/p>","protected":false},"excerpt":{"rendered":"<p>Her er sangene fra BarneTV-serien Kalle &amp; Molo, hvor nebbdyret Molo synger om alt han lurer og funderer p\u00e5 \u2013 dvs. alt mellom himmel og jord.<\/p>\n","protected":false},"featured_media":32372,"comment_status":"closed","ping_status":"open","template":"","meta":[],"product_brand":[],"product_cat":[15],"product_tag":[],"class_list":{"0":"post-32359","1":"product","2":"type-product","3":"status-publish","4":"has-post-thumbnail","6":"product_cat-barne","7":"product_shipping_class-none","8":"uni_artist_tag-bjorn-charles-dreyer","9":"uni_artist_tag-paal-ritter-schjerven","10":"uni_main_artist_tag-paal-ritter-schjerven","11":"uni_artist_genre-children","12":"uni_artist_genre-norwegian-lyrics","14":"first","15":"outofstock","16":"taxable","17":"shipping-taxable","18":"product-type-simple"},"_links":{"self":[{"href":"https:\/\/grappa.no\/no\/wp-json\/wp\/v2\/product\/32359","targetHints":{"allow":["GET"]}}],"collection":[{"href":"https:\/\/grappa.no\/no\/wp-json\/wp\/v2\/product"}],"about":[{"href":"https:\/\/grappa.no\/no\/wp-json\/wp\/v2\/types\/product"}],"replies":[{"embeddable":true,"href":"https:\/\/grappa.no\/no\/wp-json\/wp\/v2\/comments?post=32359"}],"wp:featuredmedia":[{"embeddable":true,"href":"https:\/\/grappa.no\/no\/wp-json\/wp\/v2\/media\/32372"}],"wp:attachment":[{"href":"https:\/\/grappa.no\/no\/wp-json\/wp\/v2\/media?parent=32359"}],"wp:term":[{"taxonomy":"product_brand","embeddable":true,"href":"https:\/\/grappa.no\/no\/wp-json\/wp\/v2\/product_brand?post=32359"},{"taxonomy":"product_cat","embeddable":true,"href":"https:\/\/grappa.no\/no\/wp-json\/wp\/v2\/product_cat?post=32359"},{"taxonomy":"product_tag","embeddable":true,"href":"https:\/\/grappa.no\/no\/wp-json\/wp\/v2\/product_tag?post=32359"}],"curies":[{"name":"wp","href":"https:\/\/api.w.org\/{rel}","templated":true}]}}