{"id":32313,"date":"2011-12-02T00:00:00","date_gmt":"2011-12-01T23:00:00","guid":{"rendered":"http:\/\/www.grappa.no\/no\/albums\/ukategorisert\/min-jul-med-venner-familie\/"},"modified":"2016-12-07T15:32:12","modified_gmt":"2016-12-07T14:32:12","slug":"min-jul-med-venner-familie","status":"publish","type":"product","link":"https:\/\/grappa.no\/no\/albums\/grappa\/min-jul-med-venner-familie\/","title":{"rendered":"Min Jul med venner &amp; familie"},"content":{"rendered":"<p><\/p>\n<p>Tor Endresens julefavoritter<\/p>\n<p>I \u00e5r feirer Tor Endresen 25 \u00e5r som plateartist, og n\u00e5 kommer hans nye plate \u201cMin Jul \u2013 med venner &amp; familie\u201d.<\/p>\n<p>Denne nye platen er full av nydelige julesanger, hvor Tor Endresen har f\u00e5tt med seg venner og familie \u2013 og for han er det akkurat dette julen og julebudskapet handler om.<br \/>\nTor Endresen har p\u00e5 \u201cMin Jul\u201d plukket ut flere av sine favoritt julesanger &#8211; l\u00e5ter han har et dypt og ekte kj\u00e6rlighetsforhold til. <\/p>\n<p>Flere av sangene er spilt inn live i Lommedalen Kirke. Kirkerommets klang og nerven i en konsertfremf\u00f8relse gj\u00f8r det nakent, vakkert og krystallklart. <\/p>\n<p>\u201cMed Stille Natt \u2013 ensemblet, mine d\u00f8tre Camilla og Anne-Sophie, Hilde \u00d8kland og Torstein S\u00f8dal blir \u201cMin Jul \u2013 med venner &amp; familie\u201d komplett for meg\u201d, sier Tor.<\/p>\n<p><!--more--><\/p>\n<p>I \u00e5r feirer Tor Endresen 25 \u00e5r som plateartist, og n\u00e5 kommer hans nye plate \u201cMin Jul \u2013 med venner &amp; familie\u201d.<\/p>\n<h4>Nakent og vakkert<\/h4>\n<p>Flere av sangene er spilt inn live i Lommedalen Kirke. Kirkerommets klang og nerven i en konsertfremf\u00f8relse gj\u00f8r det nakent, vakkert og krystallklart. <\/p>\n<p>\u201cMed Stille Natt \u2013 ensemblet, mine d\u00f8tre Camilla og Anne-Sophie, Hilde \u00d8kland og Torstein S\u00f8dal blir \u201cMin Jul \u2013 med venner &amp; familie\u201d komplett for meg\u201d, sier Tor.<\/p>\n<h4><\/h4>\n<p><h4><\/h4>\n<\/p>\n<p><\/p>","protected":false},"excerpt":{"rendered":"<p>Tor Endresen har p\u00e5 \u201cMin Jul\u201d plukket ut flere av sine favoritt julesanger &#8211; l\u00e5ter han har et dypt og ekte kj\u00e6rlighetsforhold til.<\/p>\n","protected":false},"featured_media":32314,"comment_status":"closed","ping_status":"open","template":"","meta":[],"product_brand":[],"product_cat":[6],"product_tag":[],"class_list":{"0":"post-32313","1":"product","2":"type-product","3":"status-publish","4":"has-post-thumbnail","6":"product_cat-grappa","7":"product_shipping_class-cddvd-shipping","8":"uni_artist_tag-al-stillman","9":"uni_artist_tag-anita-skorgan","10":"uni_artist_tag-anne-sophie-endresen","11":"uni_artist_tag-bebu-silvetti","12":"uni_artist_tag-bjarte-aasmul","13":"uni_artist_tag-camilla-endresen","14":"uni_artist_tag-carole-b-sager","15":"uni_artist_tag-charles-tindley","16":"uni_artist_tag-christopher-weyse","17":"uni_artist_tag-david-foster","18":"uni_artist_tag-egil-eldoen","19":"uni_artist_tag-erik-valderhaug","20":"uni_artist_tag-ervin-drake","21":"uni_artist_tag-franz-gruber","22":"uni_artist_tag-fredrik-sahlander","23":"uni_artist_tag-frode-ostang-mangen","24":"uni_artist_tag-harald-dahlstrom","25":"uni_artist_tag-hilde-okland","26":"uni_artist_tag-irvin-graham","27":"uni_artist_tag-jimmy-shirl","28":"uni_artist_tag-jon-willy-rydningen","29":"uni_artist_tag-kari-iveland","30":"uni_artist_tag-kurt-liso","31":"uni_artist_tag-l-m-lindeman","32":"uni_artist_tag-leif-johansen","33":"uni_artist_tag-marian-aas-hansen","34":"uni_artist_tag-michael-praetorius","35":"uni_artist_tag-morten-endresen","36":"uni_artist_tag-olav-torget","37":"uni_artist_tag-ole-marius-melhus","38":"uni_artist_tag-oystein-trollsas","39":"uni_artist_tag-paul-simon","40":"uni_artist_tag-per-hillestad","41":"uni_artist_tag-per-oystein-sorensen","42":"uni_artist_tag-pete-abbott","43":"uni_artist_tag-pete-knutsen","44":"uni_artist_tag-petter-anthon-naess","45":"uni_artist_tag-rune-larsen","46":"uni_artist_tag-tarjei-nysted","47":"uni_artist_tag-tor-endresen","48":"uni_artist_tag-torstein-sodal","49":"uni_artist_tag-trad","50":"uni_artist_tag-vince-gill","51":"uni_artist_tag-yngve-moe","52":"uni_main_artist_tag-tor-endresen","53":"uni_artist_genre-christmas-music","55":"first","56":"outofstock","57":"taxable","58":"shipping-taxable","59":"purchasable","60":"product-type-simple"},"_links":{"self":[{"href":"https:\/\/grappa.no\/no\/wp-json\/wp\/v2\/product\/32313","targetHints":{"allow":["GET"]}}],"collection":[{"href":"https:\/\/grappa.no\/no\/wp-json\/wp\/v2\/product"}],"about":[{"href":"https:\/\/grappa.no\/no\/wp-json\/wp\/v2\/types\/product"}],"replies":[{"embeddable":true,"href":"https:\/\/grappa.no\/no\/wp-json\/wp\/v2\/comments?post=32313"}],"wp:featuredmedia":[{"embeddable":true,"href":"https:\/\/grappa.no\/no\/wp-json\/wp\/v2\/media\/32314"}],"wp:attachment":[{"href":"https:\/\/grappa.no\/no\/wp-json\/wp\/v2\/media?parent=32313"}],"wp:term":[{"taxonomy":"product_brand","embeddable":true,"href":"https:\/\/grappa.no\/no\/wp-json\/wp\/v2\/product_brand?post=32313"},{"taxonomy":"product_cat","embeddable":true,"href":"https:\/\/grappa.no\/no\/wp-json\/wp\/v2\/product_cat?post=32313"},{"taxonomy":"product_tag","embeddable":true,"href":"https:\/\/grappa.no\/no\/wp-json\/wp\/v2\/product_tag?post=32313"}],"curies":[{"name":"wp","href":"https:\/\/api.w.org\/{rel}","templated":true}]}}