{"id":32306,"date":"2009-03-16T00:00:00","date_gmt":"2009-03-15T23:00:00","guid":{"rendered":"http:\/\/www.grappa.no\/no\/albums\/ukategorisert\/olsenbanden-jr-det-sorte-gullet\/"},"modified":"2017-09-29T09:03:59","modified_gmt":"2017-09-29T08:03:59","slug":"olsenbanden-jr-det-sorte-gullet","status":"publish","type":"product","link":"https:\/\/grappa.no\/no\/albums\/barne\/olsenbanden-jr-det-sorte-gullet\/","title":{"rendered":"Olsenbanden jr. &#8211; Det Sorte Gullet"},"content":{"rendered":"<p><\/p>\n<p>Olsenbanden jr. er tilbake!<\/p>\n<p>Olsenbanden jr. har blitt en kjempesuksess b\u00e5de som TV-serie og filmer. 30. januar 2009 ble den femte filmen i rekken lansert, Olsenbanden jr. \u2013 det sorte gullet. N\u00e5 f\u00e5r du ogs\u00e5 historien p\u00e5 lydbok. Fortellingen er lest inn av Jonas Hoff Oftebro, som spiller Kjell i filmen. <\/p>\n<p>Egon Olsen overtaler sine venner til \u00e5 kj\u00f8pe oljeaksjer for \u00e5 ta del i det kommende oljeeventyret, men alt g\u00e5r ikke som planlagt. Valborg blir kidnappet og holdt fanget i Keopspyramiden, og Olsenbanden jr. begir seg i vei til Egypt for \u00e5 befri henne. Men f\u00f8rst m\u00e5 banden l\u00f8se sfinksens g\u00e5te, og klarer de det, gjenst\u00e5r et stort problem: faraoens sp\u00f8kelse &#8230;<\/p>\n<p><!--more--><\/p>\n<h4><\/h4>\n<\/p>\n<h4><\/h4>\n<p><h4><\/h4>\n<\/p>\n<p><\/p>","protected":false},"excerpt":{"rendered":"<p>Lydboken av den suksesfulle Olsenbanden jr.-filmen &quot;Det Sorte Gullet&quot;.<\/p>\n","protected":false},"featured_media":32311,"comment_status":"closed","ping_status":"open","template":"","meta":[],"product_brand":[],"product_cat":[15],"product_tag":[],"class_list":{"0":"post-32306","1":"product","2":"type-product","3":"status-publish","4":"has-post-thumbnail","6":"product_cat-barne","7":"product_shipping_class-none","8":"uni_artist_tag-bent-fabricius-bjerre","9":"uni_artist_genre-audio-book","10":"uni_artist_genre-children","11":"uni_artist_genre-norwegian-lyrics","13":"first","14":"outofstock","15":"taxable","16":"shipping-taxable","17":"product-type-simple"},"_links":{"self":[{"href":"https:\/\/grappa.no\/no\/wp-json\/wp\/v2\/product\/32306","targetHints":{"allow":["GET"]}}],"collection":[{"href":"https:\/\/grappa.no\/no\/wp-json\/wp\/v2\/product"}],"about":[{"href":"https:\/\/grappa.no\/no\/wp-json\/wp\/v2\/types\/product"}],"replies":[{"embeddable":true,"href":"https:\/\/grappa.no\/no\/wp-json\/wp\/v2\/comments?post=32306"}],"wp:featuredmedia":[{"embeddable":true,"href":"https:\/\/grappa.no\/no\/wp-json\/wp\/v2\/media\/32311"}],"wp:attachment":[{"href":"https:\/\/grappa.no\/no\/wp-json\/wp\/v2\/media?parent=32306"}],"wp:term":[{"taxonomy":"product_brand","embeddable":true,"href":"https:\/\/grappa.no\/no\/wp-json\/wp\/v2\/product_brand?post=32306"},{"taxonomy":"product_cat","embeddable":true,"href":"https:\/\/grappa.no\/no\/wp-json\/wp\/v2\/product_cat?post=32306"},{"taxonomy":"product_tag","embeddable":true,"href":"https:\/\/grappa.no\/no\/wp-json\/wp\/v2\/product_tag?post=32306"}],"curies":[{"name":"wp","href":"https:\/\/api.w.org\/{rel}","templated":true}]}}