{"id":32304,"date":"2009-08-17T00:00:00","date_gmt":"2009-08-16T23:00:00","guid":{"rendered":"http:\/\/www.grappa.no\/no\/albums\/ukategorisert\/kometkameratene\/"},"modified":"2025-01-02T13:56:09","modified_gmt":"2025-01-02T12:56:09","slug":"kometkameratene","status":"publish","type":"product","link":"https:\/\/grappa.no\/no\/albums\/barne\/kometkameratene\/","title":{"rendered":"Kometkameratene"},"content":{"rendered":"<p><\/p>\n<p>Kometkameratene<\/p>\n<p>Kometkameratene har virkelig sl\u00e5tt an hos de yngste barna, og n\u00e5 er 19 av sangene fra de to f\u00f8rste sesongene tilgjengelig p\u00e5 CD. Gisle Martens Meyer, kjent fra electronicagruppa Ugress, har komponert og produsert musikken sammen med Sjur Hjeltnes.<\/p>\n<p><!--more--><\/p>\n<h4><\/h4>\n<h4><\/h4>\n<h4><\/h4>\n<p><\/p>","protected":false},"excerpt":{"rendered":"<p>Kometkameratene har virkelig sl\u00e5tt an hos de yngste barna, og n\u00e5 er 19 av sangene fra de to f\u00f8rste sesongene tilgjengelig p\u00e5 CD.<\/p>\n","protected":false},"featured_media":32309,"comment_status":"closed","ping_status":"closed","template":"","meta":[],"product_brand":[],"product_cat":[15],"product_tag":[],"class_list":{"0":"post-32304","1":"product","2":"type-product","3":"status-publish","4":"has-post-thumbnail","6":"product_cat-barne","7":"product_shipping_class-cddvd-shipping","8":"uni_artist_genre-children","9":"uni_artist_genre-norwegian-lyrics","11":"first","12":"outofstock","13":"taxable","14":"shipping-taxable","15":"purchasable","16":"product-type-simple"},"_links":{"self":[{"href":"https:\/\/grappa.no\/no\/wp-json\/wp\/v2\/product\/32304","targetHints":{"allow":["GET"]}}],"collection":[{"href":"https:\/\/grappa.no\/no\/wp-json\/wp\/v2\/product"}],"about":[{"href":"https:\/\/grappa.no\/no\/wp-json\/wp\/v2\/types\/product"}],"replies":[{"embeddable":true,"href":"https:\/\/grappa.no\/no\/wp-json\/wp\/v2\/comments?post=32304"}],"wp:featuredmedia":[{"embeddable":true,"href":"https:\/\/grappa.no\/no\/wp-json\/wp\/v2\/media\/32309"}],"wp:attachment":[{"href":"https:\/\/grappa.no\/no\/wp-json\/wp\/v2\/media?parent=32304"}],"wp:term":[{"taxonomy":"product_brand","embeddable":true,"href":"https:\/\/grappa.no\/no\/wp-json\/wp\/v2\/product_brand?post=32304"},{"taxonomy":"product_cat","embeddable":true,"href":"https:\/\/grappa.no\/no\/wp-json\/wp\/v2\/product_cat?post=32304"},{"taxonomy":"product_tag","embeddable":true,"href":"https:\/\/grappa.no\/no\/wp-json\/wp\/v2\/product_tag?post=32304"}],"curies":[{"name":"wp","href":"https:\/\/api.w.org\/{rel}","templated":true}]}}