{"id":32303,"date":"2013-11-08T00:00:00","date_gmt":"2013-11-07T23:00:00","guid":{"rendered":"http:\/\/www.grappa.no\/no\/albums\/ukategorisert\/lillepri-sangene-fra-sesong-2\/"},"modified":"2017-09-29T09:01:19","modified_gmt":"2017-09-29T08:01:19","slug":"lillepri-sangene-fra-sesong-2","status":"publish","type":"product","link":"https:\/\/grappa.no\/no\/albums\/barne\/lillepri-sangene-fra-sesong-2\/","title":{"rendered":"Lillepri &#8211; Sangene fra Sesong 2"},"content":{"rendered":"<p><\/p>\n<p>Lillepri &#8211; Sangene fra sesong 2<\/p>\n<p>Lillepri er en forrykende musikkonkurranse i beste Grand Prix-stil som gikk for f\u00f8r f\u00f8rste gang h\u00f8sten 2012 p\u00e5 NRK Super. Her deltar barn med sin egen dorullartist, som de har laget selv og sendt inn til NRK.\u00a0 I sesong 2 blir det mange nye, spennende artister som\u00a0fremf\u00f8rer sanger i ulike sjangre, bl. a. ballade, visepop, country, rock, hip hop og gothic rock!<\/p>\n<p><!--more--><\/p>\n<h4><\/h4>\n<\/p>\n<h4><\/h4>\n<p><h4><\/h4>\n<\/p>\n<p><\/p>","protected":false},"excerpt":{"rendered":"<p>Lillepri er en forrykende musikkonkurranse i beste Grand Prix-stil som gikk for f\u00f8r f\u00f8rste gang h\u00f8sten 2012 p\u00e5 NRK Super.<\/p>\n","protected":false},"featured_media":32308,"comment_status":"closed","ping_status":"open","template":"","meta":[],"product_brand":[],"product_cat":[15],"product_tag":[],"class_list":{"0":"post-32303","1":"product","2":"type-product","3":"status-publish","4":"has-post-thumbnail","6":"product_cat-barne","7":"product_shipping_class-none","8":"uni_artist_genre-children","9":"uni_artist_genre-norwegian-lyrics","11":"first","12":"outofstock","13":"taxable","14":"shipping-taxable","15":"product-type-simple"},"_links":{"self":[{"href":"https:\/\/grappa.no\/no\/wp-json\/wp\/v2\/product\/32303","targetHints":{"allow":["GET"]}}],"collection":[{"href":"https:\/\/grappa.no\/no\/wp-json\/wp\/v2\/product"}],"about":[{"href":"https:\/\/grappa.no\/no\/wp-json\/wp\/v2\/types\/product"}],"replies":[{"embeddable":true,"href":"https:\/\/grappa.no\/no\/wp-json\/wp\/v2\/comments?post=32303"}],"wp:featuredmedia":[{"embeddable":true,"href":"https:\/\/grappa.no\/no\/wp-json\/wp\/v2\/media\/32308"}],"wp:attachment":[{"href":"https:\/\/grappa.no\/no\/wp-json\/wp\/v2\/media?parent=32303"}],"wp:term":[{"taxonomy":"product_brand","embeddable":true,"href":"https:\/\/grappa.no\/no\/wp-json\/wp\/v2\/product_brand?post=32303"},{"taxonomy":"product_cat","embeddable":true,"href":"https:\/\/grappa.no\/no\/wp-json\/wp\/v2\/product_cat?post=32303"},{"taxonomy":"product_tag","embeddable":true,"href":"https:\/\/grappa.no\/no\/wp-json\/wp\/v2\/product_tag?post=32303"}],"curies":[{"name":"wp","href":"https:\/\/api.w.org\/{rel}","templated":true}]}}