{"id":32300,"date":"2015-04-17T00:00:00","date_gmt":"2015-04-16T23:00:00","guid":{"rendered":"http:\/\/www.grappa.no\/no\/albums\/ukategorisert\/halvdan-sivertsen-gjor-det-sa-gjerne\/"},"modified":"2016-11-30T12:02:04","modified_gmt":"2016-11-30T11:02:04","slug":"halvdan-sivertsen-gjor-det-sa-gjerne","status":"publish","type":"product","link":"https:\/\/grappa.no\/no\/albums\/grappa\/halvdan-sivertsen-gjor-det-sa-gjerne\/","title":{"rendered":"Halvdan Sivertsen: Gj\u00f8r det s\u00e5 gjerne"},"content":{"rendered":"<p><\/p>\n<p>En av Norges mest popul\u00e6re artister b\u00e5de live og p\u00e5 plate<\/p>\n<p>Halvdan Sivertsen har lenge v\u00e6rt en av Norges mest popul\u00e6re artister b\u00e5de live og p\u00e5 plate, og hans allerede betydelige fanskare ble enda st\u00f8rre etter deltakelsen i det popul\u00e6re TV2-programmet Hver Gang Vi M\u00f8tes. P\u00e5 Gj\u00f8r Det S\u00e5 Gjerne, Halvdans f\u00f8rste studioalbum siden Spellemann-vinnende Mellom Oss fra 2008, har det blitt plass til elleve nye l\u00e5ter &#8211; inkludert en helt ny innspilling av &quot;Reisa aleina&quot;, den drivende tolkningen av Vinnis &quot;Lonesome Traveller&quot;. Albumet er innspilt i Bod\u00f8, med produksjon av Trond Viggo Sol\u00e5s og Halvdan Sivertsen. <\/p>\n<p>Denne utgaven inneholder dessuten to bonusspor hentet fra Hver Gang Vi M\u00f8tes: &quot;Kj\u00e6rlighet s\u00e5 sterk&quot; (Elvira Nikolaisens &quot;Love I Can&#8217;t Defend&quot;) og &quot;Skinte \u00e6 f\u00f8rr d\u00e6?&quot; (Bertine Zetlitz&#8217; &quot;Twisted Little Star&quot;).<\/p>\n<p><!--more--><\/p>\n<h4><\/h4>\n<\/p>\n<h4><\/h4>\n<p><h4><\/h4>\n<\/p>\n<p><\/p>","protected":false},"excerpt":{"rendered":"<p>Halvdans f\u00f8rste studioalbum siden Spellemann-vinnende Mellom Oss fra 2008.<\/p>\n","protected":false},"featured_media":32301,"comment_status":"closed","ping_status":"open","template":"","meta":[],"product_brand":[],"product_cat":[6],"product_tag":[],"class_list":{"0":"post-32300","1":"product","2":"type-product","3":"status-publish","4":"has-post-thumbnail","6":"product_cat-grappa","7":"product_shipping_class-cddvd-shipping","8":"uni_artist_tag-dag-erik-oksvold","9":"uni_artist_tag-daniel-hovik","10":"uni_artist_tag-eirik-are-oanes-andersen","11":"uni_artist_tag-halvdan-sivertsen","12":"uni_artist_tag-henning-gravrok","13":"uni_artist_tag-jan-gunnar-hoff","14":"uni_artist_tag-rune-mathisen","15":"uni_artist_tag-sveinung-lillebjerka","16":"uni_artist_tag-trond-viggo-solas","17":"uni_main_artist_tag-halvdan-sivertsen","18":"uni_artist_genre-norwegian-lyrics","19":"uni_artist_genre-pop","20":"uni_artist_genre-singersongwriter","22":"first","23":"instock","24":"taxable","25":"shipping-taxable","26":"purchasable","27":"product-type-simple"},"_links":{"self":[{"href":"https:\/\/grappa.no\/no\/wp-json\/wp\/v2\/product\/32300","targetHints":{"allow":["GET"]}}],"collection":[{"href":"https:\/\/grappa.no\/no\/wp-json\/wp\/v2\/product"}],"about":[{"href":"https:\/\/grappa.no\/no\/wp-json\/wp\/v2\/types\/product"}],"replies":[{"embeddable":true,"href":"https:\/\/grappa.no\/no\/wp-json\/wp\/v2\/comments?post=32300"}],"wp:featuredmedia":[{"embeddable":true,"href":"https:\/\/grappa.no\/no\/wp-json\/wp\/v2\/media\/32301"}],"wp:attachment":[{"href":"https:\/\/grappa.no\/no\/wp-json\/wp\/v2\/media?parent=32300"}],"wp:term":[{"taxonomy":"product_brand","embeddable":true,"href":"https:\/\/grappa.no\/no\/wp-json\/wp\/v2\/product_brand?post=32300"},{"taxonomy":"product_cat","embeddable":true,"href":"https:\/\/grappa.no\/no\/wp-json\/wp\/v2\/product_cat?post=32300"},{"taxonomy":"product_tag","embeddable":true,"href":"https:\/\/grappa.no\/no\/wp-json\/wp\/v2\/product_tag?post=32300"}],"curies":[{"name":"wp","href":"https:\/\/api.w.org\/{rel}","templated":true}]}}