{"id":32257,"date":"2016-11-25T00:00:00","date_gmt":"2016-11-24T23:00:00","guid":{"rendered":"http:\/\/www.grappa.no\/no\/albums\/ukategorisert\/unni-lovlid-hymn\/"},"modified":"2018-07-04T08:18:31","modified_gmt":"2018-07-04T07:18:31","slug":"unni-lovlid-hymn","status":"publish","type":"product","link":"https:\/\/grappa.no\/no\/albums\/heilo\/unni-lovlid-hymn\/","title":{"rendered":"Unni L\u00f8vlid: Hymn"},"content":{"rendered":"<p><\/p>\n<p>Unni L\u00f8vlids femte album<\/p>\n<p>Folkesanger Unni L\u00f8vlids utrettelege musikalske s\u00f8ken bring ho denne gong til Japan. Saman med den norske samtidsbassisten H\u00e5kon Thelin, og japanske Remi Miura og Kaizan Harago har ho tatt eit steg vidare fr\u00e5 albumet LUX som kom i 2013 og fekk str\u00e5lande kritikker. Folkemusikken \u00a0er den stille og gl\u00f8dande kjerna i Unni sitt prosjekt, og denne gangen kombinerer ho den med den japanske Gagaku tradisjonen, og samtidsmusikk, og gjev stort rom for dei ulike musikeranes s\u00e6rpreg og personlegdom. Dei smeltar saman moderne og tradisjonell musikk fr\u00e5 Japan og Noreg og har leita seg frem til eit nytt uttrykk og en ny musikk. &quot;Musikk kan ta deg til stader du aldri hadde trodd du ville reise.\u00bb seier. Unni.\u00a0&quot;Plutseleg har du gjort ein musikalsk reise fr\u00e5 Hornindal i Norge til Tokyo &#8211; ikkje fordi du \u00f8nska \u00e5 forlate noko, men fordi det er der du finn akkurat det du treng akkurat no for \u00e5 gjere musikken du treng \u00e5 gjere\u00bb.\u00a0Musikerane har tatt eksisterande  komposisjoner, som Lars Petter Hagens &quot;Hymn&quot;, og kombinert deinmed folketonen &quot;Kvilesteinen&quot;. Tekstar av Jon Fosse og Olav H. Hauge er sett til gamle tonar. &quot;Hikari furu Oto&quot;, ein gagaku-komposisjon av Hideki Togi har blitt smelta saman med ord fr\u00e5 Olina Nyg\u00e5rd fr\u00e5 Honindal og ein folketone fr\u00e5 Sykkylven.\u00a0Unni har henta inn tradisjonelle folkeviser som \u00a0\u00abDen svalande vind&quot;, &quot;Jeg lagde meg s\u00e5 silde&quot; og &quot;Jeg g\u00e5r i tusind tanker\u00bb og demonstrer korleis det kjente og tradisjonelle endrar karakter n\u00e5r blir sett i ein ny kontekst. Unni har arbeida med dette prosjektet siden 2014 og ein viktig inspirasjonskjelde har vore dei norske eksponentane for Japonisme i billedkunsten &#8211; som Frida Hansen og Nikolai Astrup. <\/p>\n<p>CD\u00b4en kjem med eit rikt illustrert og informativt teksthefte.<\/p>\n<p><!--more--><\/p>\n<p>Tre \u00e5r har g\u00e5tt sidan Unni L\u00f8vland forrige utgjeving, der me m\u00f8tte henne i samspel med den spellemannvinnande samtids-bassisten H\u00e5kon Thelin (Poing, Oslo Sinfonietta, Ensemble Modern), og glas-duoen Draup. \u00abHymn\u00bb er p\u00e5 fleire m\u00e5tar ein naturleg vidaref\u00f8ring av prosjektet Unni starta med \u00abLux\u00bb; fortsatt plasser ho folketonar og tradisjonsmusikk inn nye rammer og settingar, men skilnadene fr\u00e5 forrige album er ogs\u00e5 mange.<\/p>\n<h4>Japonismen<\/h4>\n<p>I det omfattande tekstheftet som f\u00f8lgjer utgjevinga gjengis kunst av dei norske art noveau-kunstnarane Frida Hansen, Nikolai Astrup, Gerhard Munthe, Andreas Schneider og Oda Krogh. Desse lot seg i siste halvdel av 1800-tallet bli inspirert av Japansk kunst og japonismen. \u00abLikeverdstanken i den japanske kunsten harmonerte med ein av de viktigaste id\u00e9ane innan art nouveau-stilen om at alle kunstartane skulle spele saman og danne det totale kunstverk. Denne haldninga til kunsten og musikken inspirera meg.\u00bb skriv Unni i den innleiande teksten i CD-heftet.<\/p>\n<p>Musikerarane har tatt tak i eksisterande komposisjonar; som Lars Petter Hagens &quot;Hymn&quot;, og kombinert den med folkemelodien &quot;Kvilesteinen&quot;. &quot;Hikari furu Oto&quot;, ein komposisjon av gagaku komponisten Hideki Togi har blitt smelta saman med ord fr\u00e5 Olina Nyg\u00e5rd fr\u00e5 Hornindal og ein folketone fr\u00e5 Sykkylven.\u00a0Unni har ogs\u00e5 henta inn i prosjektet fleire av dei kjende folkevisene som \u00abDen svalande vind\u00bb, \u00abJeg lagde meg s\u00e5 silde\u00bb og \u00abJeg g\u00e5r i tusind tanker\u00bb, men ogs\u00e5 Lars Petter Hagens komposisjon \u00abHymn\u00bb, og Unnis eigen komposisjon \u00abVind, kom\u00bb, som f\u00f8rst vart utgjeven p\u00e5 Unnis elektroniske album \u00abRite\u00bb.  \u00abMagnushymnen\u00bb, det eldste bevarte fleirstemte norske musikkstykket, dannar nytt tonef\u00f8lge til Jon Fosses dikt \u00abEin forkommen dag (A weary day)\u00bb.<\/p>\n<p>Unni og medmusikarane visar oss  korleis det kjende og tradisjonelle endrar karakter n\u00e5r det blir sett i ein ny kontekst.<\/p>\n<h4>Om Unni L\u00f8vlid:<\/h4>\n<p>Songaren Unni L\u00f8vlid er ein av v\u00e5re mest profilerte ut\u00f8varar innen folkemusikken, men ho har heilt sidan ho var student ogs\u00e5 arbeidd med samtidsmusikk. Ho har framf\u00f8rt verk av Arne Nordheim, \u00d8rjan Matre og Maja Ratkje, og gjort konsert-samarbeid med bl.a. st\u00f8y-duoen Fe-Mail. P\u00e5 eksamenskonserten hennar ved Noregs Musikkh\u00f8gskule framf\u00f8rde ho Sch\u00f8nbergs \u00abPierrot Lunaire\u00bb fr\u00e5 1912. Hymn er Unnis femte album-utgjeving.<\/p>\n<h4><\/h4>\n<\/p>\n<p><\/p>","protected":false},"excerpt":{"rendered":"<p>Dei smeltar saman moderne og tradisjonell musikk fr\u00e5 Japan og Noreg og har leita seg frem til eit nytt uttrykk og en ny musikk.<\/p>\n","protected":false},"featured_media":32261,"comment_status":"closed","ping_status":"open","template":"","meta":[],"product_brand":[],"product_cat":[35],"product_tag":[],"class_list":{"0":"post-32257","1":"product","2":"type-product","3":"status-publish","4":"has-post-thumbnail","6":"product_cat-heilo","7":"product_shipping_class-cddvd-shipping","8":"uni_artist_tag-hakon-thelin","9":"uni_artist_tag-kaizan-harago","10":"uni_artist_tag-lars-petter-hagen","11":"uni_artist_tag-remi-miura","12":"uni_artist_tag-trad","13":"uni_artist_tag-unni-lovlid","14":"uni_main_artist_tag-unni-lovlid","15":"uni_artist_genre-contemporary-music","16":"uni_artist_genre-folk-music","18":"first","19":"instock","20":"taxable","21":"shipping-taxable","22":"purchasable","23":"product-type-simple"},"_links":{"self":[{"href":"https:\/\/grappa.no\/no\/wp-json\/wp\/v2\/product\/32257","targetHints":{"allow":["GET"]}}],"collection":[{"href":"https:\/\/grappa.no\/no\/wp-json\/wp\/v2\/product"}],"about":[{"href":"https:\/\/grappa.no\/no\/wp-json\/wp\/v2\/types\/product"}],"replies":[{"embeddable":true,"href":"https:\/\/grappa.no\/no\/wp-json\/wp\/v2\/comments?post=32257"}],"wp:featuredmedia":[{"embeddable":true,"href":"https:\/\/grappa.no\/no\/wp-json\/wp\/v2\/media\/32261"}],"wp:attachment":[{"href":"https:\/\/grappa.no\/no\/wp-json\/wp\/v2\/media?parent=32257"}],"wp:term":[{"taxonomy":"product_brand","embeddable":true,"href":"https:\/\/grappa.no\/no\/wp-json\/wp\/v2\/product_brand?post=32257"},{"taxonomy":"product_cat","embeddable":true,"href":"https:\/\/grappa.no\/no\/wp-json\/wp\/v2\/product_cat?post=32257"},{"taxonomy":"product_tag","embeddable":true,"href":"https:\/\/grappa.no\/no\/wp-json\/wp\/v2\/product_tag?post=32257"}],"curies":[{"name":"wp","href":"https:\/\/api.w.org\/{rel}","templated":true}]}}