{"id":32249,"date":"2009-11-16T00:00:00","date_gmt":"2009-11-15T23:00:00","guid":{"rendered":"http:\/\/www.grappa.no\/no\/albums\/ukategorisert\/fjellgarden-i-trollheimen-musikk-fra-tv-serien\/"},"modified":"2016-12-05T14:18:20","modified_gmt":"2016-12-05T13:18:20","slug":"fjellgarden-i-trollheimen-musikk-fra-tv-serien","status":"publish","type":"product","link":"https:\/\/grappa.no\/no\/albums\/barne\/fjellgarden-i-trollheimen-musikk-fra-tv-serien\/","title":{"rendered":"FJELLG\u00c5RDEN I TROLLHEIMEN &#8211; MUSIKK FRA TV-SERIEN"},"content":{"rendered":"<p><\/p>\n<p>Musikken fra TV-serien Fjellg\u00e5rden i Trollheimen<\/p>\n<p>Musikken fra TV-serien Fjellg\u00e5rden i Trollheimen er en melodi\u00f8s og vakker plate som veksler med fin balanse mellom det muntre og det litt melankolske, opp tempo-l\u00e5ter og rolige ballader. Tekstene handler om hverdagslige opplevelser og er enkle \u00e5 relater seg til for de minste: \u00e5 reise p\u00e5 tur, ta seg et sommerbad, eller skrive brev til bestevennen sin. <\/p>\n<p>Fjellg\u00e5rden i Trollheimen handler om tre generasjoner som bor p\u00e5 fjellg\u00e5rden K\u00e5rvatn. Eldstejenta i barneflokken, Oda (7 \u00e5r), er hovedperson. Vi f\u00f8lger hennes p\u00e5funn gjennom fire \u00e5rstider i omgivelser og fysiske vilk\u00e5r som p\u00e5 mange m\u00e5ter skiller seg fra de fleste norske sju-\u00e5ringers. Livet p\u00e5 en avsidesliggende g\u00e5rd f\u00f8rer til en spennende, men ogs\u00e5 utfordrende hverdag.<\/p>\n<p><!--more--><\/p>\n<h4><\/h4>\n<\/p>\n<h4><\/h4>\n<p><h4><\/h4>\n<\/p>\n<p><\/p>","protected":false},"excerpt":{"rendered":"<p>Musikken fra TV-serien Fjellg\u00e5rden i Trollheimen.<\/p>\n","protected":false},"featured_media":32251,"comment_status":"closed","ping_status":"open","template":"","meta":[],"product_brand":[],"product_cat":[15],"product_tag":[],"class_list":{"0":"post-32249","1":"product","2":"type-product","3":"status-publish","4":"has-post-thumbnail","6":"product_cat-barne","7":"product_shipping_class-cddvd-shipping","8":"uni_artist_tag-einar-olav-larsen","9":"uni_artist_tag-geir-egil-larsen","10":"uni_artist_tag-oystein-sandbukt","11":"uni_artist_tag-oyvind-smidt","12":"uni_artist_genre-children","13":"uni_artist_genre-norwegian-lyrics","15":"first","16":"instock","17":"taxable","18":"shipping-taxable","19":"purchasable","20":"product-type-simple"},"_links":{"self":[{"href":"https:\/\/grappa.no\/no\/wp-json\/wp\/v2\/product\/32249","targetHints":{"allow":["GET"]}}],"collection":[{"href":"https:\/\/grappa.no\/no\/wp-json\/wp\/v2\/product"}],"about":[{"href":"https:\/\/grappa.no\/no\/wp-json\/wp\/v2\/types\/product"}],"replies":[{"embeddable":true,"href":"https:\/\/grappa.no\/no\/wp-json\/wp\/v2\/comments?post=32249"}],"wp:featuredmedia":[{"embeddable":true,"href":"https:\/\/grappa.no\/no\/wp-json\/wp\/v2\/media\/32251"}],"wp:attachment":[{"href":"https:\/\/grappa.no\/no\/wp-json\/wp\/v2\/media?parent=32249"}],"wp:term":[{"taxonomy":"product_brand","embeddable":true,"href":"https:\/\/grappa.no\/no\/wp-json\/wp\/v2\/product_brand?post=32249"},{"taxonomy":"product_cat","embeddable":true,"href":"https:\/\/grappa.no\/no\/wp-json\/wp\/v2\/product_cat?post=32249"},{"taxonomy":"product_tag","embeddable":true,"href":"https:\/\/grappa.no\/no\/wp-json\/wp\/v2\/product_tag?post=32249"}],"curies":[{"name":"wp","href":"https:\/\/api.w.org\/{rel}","templated":true}]}}