{"id":32241,"date":"2003-11-10T00:00:00","date_gmt":"2003-11-09T23:00:00","guid":{"rendered":"http:\/\/www.grappa.no\/no\/albums\/ukategorisert\/jul-i-skomakergata-den-store-smultringplanen\/"},"modified":"2016-11-28T12:48:03","modified_gmt":"2016-11-28T11:48:03","slug":"jul-i-skomakergata-den-store-smultringplanen","status":"publish","type":"product","link":"https:\/\/grappa.no\/no\/albums\/barne\/jul-i-skomakergata-den-store-smultringplanen\/","title":{"rendered":"JUL I SKOMAKERGATA &#8211; DEN STORE SMULTRINGPLANEN"},"content":{"rendered":"<p><\/p>\n<p>Jul i Skomakergata<\/p>\n<p>Mens alle i Skomakergata er opptatt med juleforbedelsene &#8211; har skomaker Andersen travle dager i verkstedet sitt. Men heldigvis ikke travlere enn at han er klar til \u00e5 hjelpe \u2013 den dagen bakermester Snipp f\u00e5r en kjempebestilling p\u00e5 smultringer i fanget! Skomaker Andersen og vennene hans &#8211; med T\u00f8fflus som kruspersillespisende deltaker &#8211; setter i verk Den Store Smultringplanen \u2013 i dypeste hemmelighet&#8230; S\u00e5 sp\u00f8rs det om alt g\u00e5r etter oppskriften&#8230; eller om den ulykkelige bakermesteren blir sittende der med skjegget i postkassen?<\/p>\n<p><!--more--><\/p>\n<h4><\/h4>\n<\/p>\n<h4><\/h4>\n<p><h4><\/h4>\n<\/p>\n<p><\/p>","protected":false},"excerpt":{"rendered":"<p>Lydboken om skomaker Andersen og Den Store Smultringplanen.<\/p>\n","protected":false},"featured_media":32243,"comment_status":"closed","ping_status":"open","template":"","meta":[],"product_brand":[],"product_cat":[15],"product_tag":[],"class_list":{"0":"post-32241","1":"product","2":"type-product","3":"status-publish","4":"has-post-thumbnail","6":"product_cat-barne","7":"product_shipping_class-cddvd-shipping","8":"uni_artist_genre-audio-book","9":"uni_artist_genre-children","11":"first","12":"outofstock","13":"taxable","14":"shipping-taxable","15":"product-type-simple"},"_links":{"self":[{"href":"https:\/\/grappa.no\/no\/wp-json\/wp\/v2\/product\/32241","targetHints":{"allow":["GET"]}}],"collection":[{"href":"https:\/\/grappa.no\/no\/wp-json\/wp\/v2\/product"}],"about":[{"href":"https:\/\/grappa.no\/no\/wp-json\/wp\/v2\/types\/product"}],"replies":[{"embeddable":true,"href":"https:\/\/grappa.no\/no\/wp-json\/wp\/v2\/comments?post=32241"}],"wp:featuredmedia":[{"embeddable":true,"href":"https:\/\/grappa.no\/no\/wp-json\/wp\/v2\/media\/32243"}],"wp:attachment":[{"href":"https:\/\/grappa.no\/no\/wp-json\/wp\/v2\/media?parent=32241"}],"wp:term":[{"taxonomy":"product_brand","embeddable":true,"href":"https:\/\/grappa.no\/no\/wp-json\/wp\/v2\/product_brand?post=32241"},{"taxonomy":"product_cat","embeddable":true,"href":"https:\/\/grappa.no\/no\/wp-json\/wp\/v2\/product_cat?post=32241"},{"taxonomy":"product_tag","embeddable":true,"href":"https:\/\/grappa.no\/no\/wp-json\/wp\/v2\/product_tag?post=32241"}],"curies":[{"name":"wp","href":"https:\/\/api.w.org\/{rel}","templated":true}]}}