{"id":32234,"date":"2003-10-20T00:00:00","date_gmt":"2003-10-19T23:00:00","guid":{"rendered":"http:\/\/www.grappa.no\/no\/albums\/ukategorisert\/uhu-vol-3\/"},"modified":"2016-12-05T14:18:14","modified_gmt":"2016-12-05T13:18:14","slug":"uhu-vol-3","status":"publish","type":"product","link":"https:\/\/grappa.no\/no\/albums\/barne\/uhu-vol-3\/","title":{"rendered":"UHU! &#8211; VOL.3"},"content":{"rendered":"<p><\/p>\n<p>Uhu! volum tre<\/p>\n<p>I kj\u00f8lvannet av den popul\u00e6re Barne-TV-serien Uhu! som gikk p\u00e5 Barne-TV i perioden 2001 til 2003, er det utgitt tre CD-er. Musikken har h\u00f8stet meget gode kritikker og vunnet flere Spellemannspriser. Her er volum tre i denne serien, med sanger som Hei, vi er en sp\u00f8kelsesfamilie, Solsystemsangen og Spionsangen.<\/p>\n<p><!--more--><\/p>\n<h4><\/h4>\n<\/p>\n<h4><\/h4>\n<p><h4><\/h4>\n<\/p>\n<p><\/p>","protected":false},"excerpt":{"rendered":"<p>Volum tre i serien av musikk fra den popul\u00e6re Barne-TV-serien Uhu!, med sanger som Hei, vi er en sp\u00f8kelsesfamilie, Solsystemsangen og Spionsangen.<\/p>\n","protected":false},"featured_media":32240,"comment_status":"closed","ping_status":"open","template":"","meta":[],"product_brand":[],"product_cat":[15],"product_tag":[],"class_list":{"0":"post-32234","1":"product","2":"type-product","3":"status-publish","4":"has-post-thumbnail","6":"product_cat-barne","7":"product_shipping_class-cddvd-shipping","8":"uni_artist_tag-frode-berg","9":"uni_artist_tag-jarle-vespestad","10":"uni_artist_tag-paolo-vinaccia","11":"uni_artist_tag-stein-bull-hansen","12":"uni_artist_tag-stian-carstensen","13":"uni_artist_tag-svenn-erik-kristoffersen","14":"uni_artist_genre-children","15":"uni_artist_genre-norwegian-lyrics","17":"first","18":"outofstock","19":"taxable","20":"shipping-taxable","21":"purchasable","22":"product-type-simple"},"_links":{"self":[{"href":"https:\/\/grappa.no\/no\/wp-json\/wp\/v2\/product\/32234","targetHints":{"allow":["GET"]}}],"collection":[{"href":"https:\/\/grappa.no\/no\/wp-json\/wp\/v2\/product"}],"about":[{"href":"https:\/\/grappa.no\/no\/wp-json\/wp\/v2\/types\/product"}],"replies":[{"embeddable":true,"href":"https:\/\/grappa.no\/no\/wp-json\/wp\/v2\/comments?post=32234"}],"wp:featuredmedia":[{"embeddable":true,"href":"https:\/\/grappa.no\/no\/wp-json\/wp\/v2\/media\/32240"}],"wp:attachment":[{"href":"https:\/\/grappa.no\/no\/wp-json\/wp\/v2\/media?parent=32234"}],"wp:term":[{"taxonomy":"product_brand","embeddable":true,"href":"https:\/\/grappa.no\/no\/wp-json\/wp\/v2\/product_brand?post=32234"},{"taxonomy":"product_cat","embeddable":true,"href":"https:\/\/grappa.no\/no\/wp-json\/wp\/v2\/product_cat?post=32234"},{"taxonomy":"product_tag","embeddable":true,"href":"https:\/\/grappa.no\/no\/wp-json\/wp\/v2\/product_tag?post=32234"}],"curies":[{"name":"wp","href":"https:\/\/api.w.org\/{rel}","templated":true}]}}