{"id":32233,"date":"2002-01-01T00:00:00","date_gmt":"2001-12-31T23:00:00","guid":{"rendered":"http:\/\/www.grappa.no\/no\/albums\/ukategorisert\/pellemusikk\/"},"modified":"2016-12-05T14:18:14","modified_gmt":"2016-12-05T13:18:14","slug":"pellemusikk","status":"publish","type":"product","link":"https:\/\/grappa.no\/no\/albums\/barne\/pellemusikk\/","title":{"rendered":"PELLEMUSIKK"},"content":{"rendered":"<p><\/p>\n<p>Pellemusikk<\/p>\n<p>Han Rikhard og Pelle har f\u00e5tt hjelp av sine venner Maria og Tyven Bang til \u00e5 synge alle sangene p\u00e5 nytt. De to blir du kjent med i kinofilmen om Pelle Politibil. Her f\u00e5r du h\u00f8re musikk det svinger av, fra bunnpanna til bl\u00e5lyset. Syng med, store og sm\u00e5!<\/p>\n<p><!--more--><\/p>\n<h4><\/h4>\n<\/p>\n<h4><\/h4>\n<p><h4><\/h4>\n<\/p>\n<p><\/p>","protected":false},"excerpt":{"rendered":"<p>Her er sanger du kjenner fra alle historiene om Pelle Politibil og hans trofaste venn Rikhard.<\/p>\n","protected":false},"featured_media":32239,"comment_status":"closed","ping_status":"open","template":"","meta":[],"product_brand":[],"product_cat":[15],"product_tag":[],"class_list":{"0":"post-32233","1":"product","2":"type-product","3":"status-publish","4":"has-post-thumbnail","6":"product_cat-barne","7":"product_shipping_class-cddvd-shipping","8":"uni_artist_genre-children","9":"uni_artist_genre-norwegian-lyrics","11":"first","12":"outofstock","13":"taxable","14":"shipping-taxable","15":"purchasable","16":"product-type-simple"},"_links":{"self":[{"href":"https:\/\/grappa.no\/no\/wp-json\/wp\/v2\/product\/32233","targetHints":{"allow":["GET"]}}],"collection":[{"href":"https:\/\/grappa.no\/no\/wp-json\/wp\/v2\/product"}],"about":[{"href":"https:\/\/grappa.no\/no\/wp-json\/wp\/v2\/types\/product"}],"replies":[{"embeddable":true,"href":"https:\/\/grappa.no\/no\/wp-json\/wp\/v2\/comments?post=32233"}],"wp:featuredmedia":[{"embeddable":true,"href":"https:\/\/grappa.no\/no\/wp-json\/wp\/v2\/media\/32239"}],"wp:attachment":[{"href":"https:\/\/grappa.no\/no\/wp-json\/wp\/v2\/media?parent=32233"}],"wp:term":[{"taxonomy":"product_brand","embeddable":true,"href":"https:\/\/grappa.no\/no\/wp-json\/wp\/v2\/product_brand?post=32233"},{"taxonomy":"product_cat","embeddable":true,"href":"https:\/\/grappa.no\/no\/wp-json\/wp\/v2\/product_cat?post=32233"},{"taxonomy":"product_tag","embeddable":true,"href":"https:\/\/grappa.no\/no\/wp-json\/wp\/v2\/product_tag?post=32233"}],"curies":[{"name":"wp","href":"https:\/\/api.w.org\/{rel}","templated":true}]}}