{"id":32232,"date":"1995-01-01T00:00:00","date_gmt":"1994-12-31T23:00:00","guid":{"rendered":"http:\/\/www.grappa.no\/no\/albums\/ukategorisert\/vare-kjente-barnesanger-og-godnatthistorier\/"},"modified":"2016-12-05T14:18:13","modified_gmt":"2016-12-05T13:18:13","slug":"vare-kjente-barnesanger-og-godnatthistorier","status":"publish","type":"product","link":"https:\/\/grappa.no\/no\/albums\/barne\/vare-kjente-barnesanger-og-godnatthistorier\/","title":{"rendered":"V\u00c5RE KJENTE BARNESANGER OG GODNATTHISTORIER"},"content":{"rendered":"<p><\/p>\n<p>En koselig bok for de minste<\/p>\n<p>&quot;V\u00e5re kjente og kj\u00e6re barnesanger&quot; er en flott illustrert bok som inneholder kjente barnesanger og klassiske H.C. Andersen eventyr. Her finner du bl.a. sangene Lykkeliten, B\u00e6 b\u00e6, lille lam, Kjerringa med staven, og eventyr som  Prinsessen p\u00e5 erten, Keiserens nye kl\u00e6r, og Ole Lukk\u00f8ye.<\/p>\n<p>CD med alle sangene f\u00f8lger med!<\/p>\n<p><!--more--><\/p>\n<h4><\/h4>\n<\/p>\n<h4><\/h4>\n<p><h4><\/h4>\n<\/p>\n<p><\/p>","protected":false},"excerpt":{"rendered":"<p>Kjente barnesanger og klassiske H.C. Andersen eventyr<\/p>\n","protected":false},"featured_media":32238,"comment_status":"closed","ping_status":"open","template":"","meta":[],"product_brand":[],"product_cat":[15],"product_tag":[],"class_list":{"0":"post-32232","1":"product","2":"type-product","3":"status-publish","4":"has-post-thumbnail","6":"product_cat-barne","7":"product_shipping_class-cddvd-shipping","8":"uni_artist_genre-children","9":"uni_artist_genre-norwegian-lyrics","11":"first","12":"outofstock","13":"taxable","14":"shipping-taxable","15":"purchasable","16":"product-type-simple"},"_links":{"self":[{"href":"https:\/\/grappa.no\/no\/wp-json\/wp\/v2\/product\/32232","targetHints":{"allow":["GET"]}}],"collection":[{"href":"https:\/\/grappa.no\/no\/wp-json\/wp\/v2\/product"}],"about":[{"href":"https:\/\/grappa.no\/no\/wp-json\/wp\/v2\/types\/product"}],"replies":[{"embeddable":true,"href":"https:\/\/grappa.no\/no\/wp-json\/wp\/v2\/comments?post=32232"}],"wp:featuredmedia":[{"embeddable":true,"href":"https:\/\/grappa.no\/no\/wp-json\/wp\/v2\/media\/32238"}],"wp:attachment":[{"href":"https:\/\/grappa.no\/no\/wp-json\/wp\/v2\/media?parent=32232"}],"wp:term":[{"taxonomy":"product_brand","embeddable":true,"href":"https:\/\/grappa.no\/no\/wp-json\/wp\/v2\/product_brand?post=32232"},{"taxonomy":"product_cat","embeddable":true,"href":"https:\/\/grappa.no\/no\/wp-json\/wp\/v2\/product_cat?post=32232"},{"taxonomy":"product_tag","embeddable":true,"href":"https:\/\/grappa.no\/no\/wp-json\/wp\/v2\/product_tag?post=32232"}],"curies":[{"name":"wp","href":"https:\/\/api.w.org\/{rel}","templated":true}]}}