{"id":32207,"date":"2015-04-17T00:00:00","date_gmt":"2015-04-16T23:00:00","guid":{"rendered":"http:\/\/www.grappa.no\/no\/albums\/ukategorisert\/halvdan-sivertsen-mellom-oss\/"},"modified":"2016-11-28T16:18:02","modified_gmt":"2016-11-28T15:18:02","slug":"halvdan-sivertsen-mellom-oss","status":"publish","type":"product","link":"https:\/\/grappa.no\/no\/albums\/grappa\/halvdan-sivertsen-mellom-oss\/","title":{"rendered":"Halvdan Sivertsen: Mellom oss"},"content":{"rendered":"<p><\/p>\n<p>Mellom oss<\/p>\n<p>Halvdan Sivertsen er tilbake med sitt f\u00f8rste vanlige studioalbum siden 2001, kritikerroste Tvil, h\u00e5p og kj\u00e6rlighet. Mellom oss er innspilt i det gamle NRK-studioet i Bod\u00f8, med Halvdan selv og Trond-Viggo Sol\u00e5s som produsenter. Platas f\u00f8rste single er &quot;Venta p\u00e5 toget&quot;.<\/p>\n<p><!--more--><\/p>\n<h4><\/h4>\n<\/p>\n<h4><\/h4>\n<p><h4><\/h4>\n<\/p>\n<p><\/p>","protected":false},"excerpt":{"rendered":"<p>Halvdan Sivertsens f\u00f8rste soloalbum siden den kritikerroste Tvil, h\u00e5p og kj\u00e6rlighet.<\/p>\n","protected":false},"featured_media":32210,"comment_status":"closed","ping_status":"open","template":"","meta":[],"product_brand":[],"product_cat":[6],"product_tag":[],"class_list":{"0":"post-32207","1":"product","2":"type-product","3":"status-publish","4":"has-post-thumbnail","6":"product_cat-grappa","7":"product_shipping_class-cddvd-shipping","8":"uni_artist_tag-frode-fjellheim","9":"uni_artist_tag-halvdan-sivertsen","10":"uni_artist_tag-rune-mathisen","11":"uni_artist_tag-thorbjorn-egner","12":"uni_artist_tag-trond-viggo-solas","13":"uni_main_artist_tag-halvdan-sivertsen","14":"uni_artist_genre-norwegian-lyrics","15":"uni_artist_genre-pop","16":"uni_artist_genre-singersongwriter","18":"first","19":"instock","20":"taxable","21":"shipping-taxable","22":"purchasable","23":"product-type-simple"},"_links":{"self":[{"href":"https:\/\/grappa.no\/no\/wp-json\/wp\/v2\/product\/32207","targetHints":{"allow":["GET"]}}],"collection":[{"href":"https:\/\/grappa.no\/no\/wp-json\/wp\/v2\/product"}],"about":[{"href":"https:\/\/grappa.no\/no\/wp-json\/wp\/v2\/types\/product"}],"replies":[{"embeddable":true,"href":"https:\/\/grappa.no\/no\/wp-json\/wp\/v2\/comments?post=32207"}],"wp:featuredmedia":[{"embeddable":true,"href":"https:\/\/grappa.no\/no\/wp-json\/wp\/v2\/media\/32210"}],"wp:attachment":[{"href":"https:\/\/grappa.no\/no\/wp-json\/wp\/v2\/media?parent=32207"}],"wp:term":[{"taxonomy":"product_brand","embeddable":true,"href":"https:\/\/grappa.no\/no\/wp-json\/wp\/v2\/product_brand?post=32207"},{"taxonomy":"product_cat","embeddable":true,"href":"https:\/\/grappa.no\/no\/wp-json\/wp\/v2\/product_cat?post=32207"},{"taxonomy":"product_tag","embeddable":true,"href":"https:\/\/grappa.no\/no\/wp-json\/wp\/v2\/product_tag?post=32207"}],"curies":[{"name":"wp","href":"https:\/\/api.w.org\/{rel}","templated":true}]}}