{"id":32178,"date":"1994-11-01T00:00:00","date_gmt":"1994-10-31T23:00:00","guid":{"rendered":"http:\/\/www.grappa.no\/no\/albums\/ukategorisert\/reisen-til-julestjernen-2\/"},"modified":"2016-11-22T10:32:02","modified_gmt":"2016-11-22T09:32:02","slug":"reisen-til-julestjernen-2","status":"publish","type":"product","link":"https:\/\/grappa.no\/no\/albums\/barne\/reisen-til-julestjernen-2\/","title":{"rendered":"REISEN TIL JULESTJERNEN"},"content":{"rendered":"<p><\/p>\n<p>Reisen til Julestjernen<\/p>\n<p>Lise Fjeldstad forteller i denne lydboken den gamle historien om Gulltopp og julestjernen, den vakre unge piken Sonja, Kongen og Julenissen. Tekstforfatter er Sverre Brandt og komponist er Johan Halvorsen, og historien har fortryllet oss nesten hver jul siden premieren p\u00e5 Nationaltheatert i 1924. Reisen til julestjernen er nok en gang aktuell der, med Lise Fjeldstad som regiss\u00f8r. Denne innspillingen er spesielt stemningsfull med sin vakre musikk og kjente skuespillere: Per Aabel (Julemannen), Hege Sch\u00f8yen (Sonja), Per Sunderland (Kongen), Mari Maurstad (Petrine) og Geir B\u00f8rresen (Ole). Glade Jul synges av S\u00f8lvguttene.<\/p>\n<p><!--more--><\/p>\n<h4><\/h4>\n<\/p>\n<h4><\/h4>\n<p><h4><\/h4>\n<\/p>\n<p><\/p>","protected":false},"excerpt":{"rendered":"<p>Lise Fjeldstad forteller i denne lydboken den gamle historien om Gulltopp og julestjernen, den vakre unge piken Sonja, Kongen og Julenissen.<\/p>\n","protected":false},"featured_media":32188,"comment_status":"closed","ping_status":"open","template":"","meta":[],"product_brand":[],"product_cat":[15],"product_tag":[],"class_list":{"0":"post-32178","1":"product","2":"type-product","3":"status-publish","4":"has-post-thumbnail","6":"product_cat-barne","7":"product_shipping_class-cddvd-shipping","8":"uni_artist_tag-arild-stav","9":"uni_artist_tag-atle-sponberg","10":"uni_artist_tag-carl-anders-sponberg","11":"uni_artist_tag-dorthe-dreier","12":"uni_artist_tag-frode-carlson","13":"uni_artist_tag-geir-tore-larsen","14":"uni_artist_tag-hans-morten-stensland","15":"uni_artist_tag-johan-halvorsen","16":"uni_artist_tag-jonas-haltia","17":"uni_artist_tag-lise-fjeldstad","18":"uni_artist_tag-lotte-havnevik","19":"uni_artist_tag-torstein-grythe","20":"uni_artist_tag-vegard-johnsen","21":"uni_artist_genre-children","22":"uni_artist_genre-norwegian-lyrics","24":"first","25":"outofstock","26":"taxable","27":"shipping-taxable","28":"product-type-simple"},"_links":{"self":[{"href":"https:\/\/grappa.no\/no\/wp-json\/wp\/v2\/product\/32178","targetHints":{"allow":["GET"]}}],"collection":[{"href":"https:\/\/grappa.no\/no\/wp-json\/wp\/v2\/product"}],"about":[{"href":"https:\/\/grappa.no\/no\/wp-json\/wp\/v2\/types\/product"}],"replies":[{"embeddable":true,"href":"https:\/\/grappa.no\/no\/wp-json\/wp\/v2\/comments?post=32178"}],"wp:featuredmedia":[{"embeddable":true,"href":"https:\/\/grappa.no\/no\/wp-json\/wp\/v2\/media\/32188"}],"wp:attachment":[{"href":"https:\/\/grappa.no\/no\/wp-json\/wp\/v2\/media?parent=32178"}],"wp:term":[{"taxonomy":"product_brand","embeddable":true,"href":"https:\/\/grappa.no\/no\/wp-json\/wp\/v2\/product_brand?post=32178"},{"taxonomy":"product_cat","embeddable":true,"href":"https:\/\/grappa.no\/no\/wp-json\/wp\/v2\/product_cat?post=32178"},{"taxonomy":"product_tag","embeddable":true,"href":"https:\/\/grappa.no\/no\/wp-json\/wp\/v2\/product_tag?post=32178"}],"curies":[{"name":"wp","href":"https:\/\/api.w.org\/{rel}","templated":true}]}}