{"id":32177,"date":"1995-01-01T00:00:00","date_gmt":"1994-12-31T23:00:00","guid":{"rendered":"http:\/\/www.grappa.no\/no\/albums\/ukategorisert\/postmann-pat-sangene-og-musikken-fra-barne-tv\/"},"modified":"2016-11-21T15:18:31","modified_gmt":"2016-11-21T14:18:31","slug":"postmann-pat-sangene-og-musikken-fra-barne-tv","status":"publish","type":"product","link":"https:\/\/grappa.no\/no\/albums\/barne\/postmann-pat-sangene-og-musikken-fra-barne-tv\/","title":{"rendered":"POSTMANN PAT: SANGENE OG MUSIKKEN FRA BARNE-TV"},"content":{"rendered":"<p><\/p>\n<p>Ivar N\u00f8rve og Postmann Pat<\/p>\n<p>Ivar N\u00f8rve fremf\u00f8rer de popul\u00e6re sangene fra den klassiske Barne-TV-serien Postmann Pat! P\u00e5 denne platen f\u00e5r vi blant annet h\u00f8re &quot;Landsbyfest&quot;, &quot;Pannekakekonkurranse&quot;, &quot;Karnevaltid&quot; og &quot;Postmann Pats Hemmelighet&quot;.<\/p>\n<p><!--more--><\/p>\n<h4><\/h4>\n<\/p>\n<h4><\/h4>\n<p><h4><\/h4>\n<\/p>\n<p><\/p>","protected":false},"excerpt":{"rendered":"<p>Ivar N\u00f8rve fremf\u00f8rer de popul\u00e6re sangene fra den klassiske Barne-TV-serien Postmann Pat!<\/p>\n","protected":false},"featured_media":32187,"comment_status":"closed","ping_status":"open","template":"","meta":[],"product_brand":[],"product_cat":[15],"product_tag":[],"class_list":{"0":"post-32177","1":"product","2":"type-product","3":"status-publish","4":"has-post-thumbnail","6":"product_cat-barne","7":"product_shipping_class-none","8":"uni_artist_genre-children","9":"uni_artist_genre-norwegian-lyrics","11":"first","12":"outofstock","13":"taxable","14":"shipping-taxable","15":"product-type-simple"},"_links":{"self":[{"href":"https:\/\/grappa.no\/no\/wp-json\/wp\/v2\/product\/32177","targetHints":{"allow":["GET"]}}],"collection":[{"href":"https:\/\/grappa.no\/no\/wp-json\/wp\/v2\/product"}],"about":[{"href":"https:\/\/grappa.no\/no\/wp-json\/wp\/v2\/types\/product"}],"replies":[{"embeddable":true,"href":"https:\/\/grappa.no\/no\/wp-json\/wp\/v2\/comments?post=32177"}],"wp:featuredmedia":[{"embeddable":true,"href":"https:\/\/grappa.no\/no\/wp-json\/wp\/v2\/media\/32187"}],"wp:attachment":[{"href":"https:\/\/grappa.no\/no\/wp-json\/wp\/v2\/media?parent=32177"}],"wp:term":[{"taxonomy":"product_brand","embeddable":true,"href":"https:\/\/grappa.no\/no\/wp-json\/wp\/v2\/product_brand?post=32177"},{"taxonomy":"product_cat","embeddable":true,"href":"https:\/\/grappa.no\/no\/wp-json\/wp\/v2\/product_cat?post=32177"},{"taxonomy":"product_tag","embeddable":true,"href":"https:\/\/grappa.no\/no\/wp-json\/wp\/v2\/product_tag?post=32177"}],"curies":[{"name":"wp","href":"https:\/\/api.w.org\/{rel}","templated":true}]}}