{"id":32176,"date":"1995-01-01T00:00:00","date_gmt":"1994-12-31T23:00:00","guid":{"rendered":"http:\/\/www.grappa.no\/no\/albums\/ukategorisert\/vinglete-viser-for-barske-barn\/"},"modified":"2016-11-21T15:18:29","modified_gmt":"2016-11-21T14:18:29","slug":"vinglete-viser-for-barske-barn","status":"publish","type":"product","link":"https:\/\/grappa.no\/no\/albums\/barne\/vinglete-viser-for-barske-barn\/","title":{"rendered":"VINGLETE VISER FOR BARSKE BARN"},"content":{"rendered":"<p><\/p>\n<p>Kurt Valners Vinglete Viser for Barske Barn<\/p>\n<p>Johannes Joner, Kari-Ann Gr\u00f8nsund og Philip A. Kruse fremf\u00f8rer barnesangene til en av v\u00e5re fremste og etterspurte l\u00e5tskrivere: Kurt Valner. Valner har tidligere skrevet musikk for Jens Book-Jensen, Leif Juster, Carsten Byhring, The Monn Keys, Laila Carlsen og Harald Heide-Steen, og her f\u00e5r vi h\u00f8re flere av hans vinglete viser for barske barn.<\/p>\n<p><!--more--><\/p>\n<h4><\/h4>\n<\/p>\n<h4><\/h4>\n<p><h4><\/h4>\n<\/p>\n<p><\/p>","protected":false},"excerpt":{"rendered":"<p>Johannes Joner, Kari-Ann Gr\u00f8nsund og Philip A. Kruse fremf\u00f8rer barnesangene til en av v\u00e5re fremste og etterspurte l\u00e5tskrivere: Kurt Valner.<\/p>\n","protected":false},"featured_media":32186,"comment_status":"closed","ping_status":"open","template":"","meta":[],"product_brand":[],"product_cat":[15],"product_tag":[],"class_list":{"0":"post-32176","1":"product","2":"type-product","3":"status-publish","4":"has-post-thumbnail","6":"product_cat-barne","7":"product_shipping_class-none","8":"uni_artist_genre-children","9":"uni_artist_genre-norwegian-lyrics","11":"first","12":"outofstock","13":"taxable","14":"shipping-taxable","15":"product-type-simple"},"_links":{"self":[{"href":"https:\/\/grappa.no\/no\/wp-json\/wp\/v2\/product\/32176","targetHints":{"allow":["GET"]}}],"collection":[{"href":"https:\/\/grappa.no\/no\/wp-json\/wp\/v2\/product"}],"about":[{"href":"https:\/\/grappa.no\/no\/wp-json\/wp\/v2\/types\/product"}],"replies":[{"embeddable":true,"href":"https:\/\/grappa.no\/no\/wp-json\/wp\/v2\/comments?post=32176"}],"wp:featuredmedia":[{"embeddable":true,"href":"https:\/\/grappa.no\/no\/wp-json\/wp\/v2\/media\/32186"}],"wp:attachment":[{"href":"https:\/\/grappa.no\/no\/wp-json\/wp\/v2\/media?parent=32176"}],"wp:term":[{"taxonomy":"product_brand","embeddable":true,"href":"https:\/\/grappa.no\/no\/wp-json\/wp\/v2\/product_brand?post=32176"},{"taxonomy":"product_cat","embeddable":true,"href":"https:\/\/grappa.no\/no\/wp-json\/wp\/v2\/product_cat?post=32176"},{"taxonomy":"product_tag","embeddable":true,"href":"https:\/\/grappa.no\/no\/wp-json\/wp\/v2\/product_tag?post=32176"}],"curies":[{"name":"wp","href":"https:\/\/api.w.org\/{rel}","templated":true}]}}