{"id":32173,"date":"1999-07-23T00:00:00","date_gmt":"1999-07-22T23:00:00","guid":{"rendered":"http:\/\/www.grappa.no\/no\/albums\/ukategorisert\/bli-med-til-portveien\/"},"modified":"2016-11-21T15:18:23","modified_gmt":"2016-11-21T14:18:23","slug":"bli-med-til-portveien","status":"publish","type":"product","link":"https:\/\/grappa.no\/no\/albums\/barne\/bli-med-til-portveien\/","title":{"rendered":"BLI MED TIL PORTVEIEN"},"content":{"rendered":"<p><\/p>\n<p>Selve symbolet p\u00e5 Barne-TV<\/p>\n<p>TV-serien Portveien er for mange selve symbolet p\u00e5 Barne-TV. P\u00e5 dette albumet f\u00e5r man h\u00f8re Eli Ryggs og Terje Str\u00f8mdahls sanger fra serien, med l\u00e5ter som &quot;Hjemme hos oss selv&quot;, &quot;Det skal bli v\u00e5r&quot;, &quot;Kakebakevise&quot; og &quot;Vi h\u00f8rer sammen&quot;.<\/p>\n<p><!--more--><\/p>\n<h4><\/h4>\n<\/p>\n<h4><\/h4>\n<p><h4><\/h4>\n<\/p>\n<p><\/p>","protected":false},"excerpt":{"rendered":"<p>Musikken fra den kjente og kj\u00e6re TV-serien Portveien.<\/p>\n","protected":false},"featured_media":32183,"comment_status":"closed","ping_status":"open","template":"","meta":[],"product_brand":[],"product_cat":[15],"product_tag":[],"class_list":{"0":"post-32173","1":"product","2":"type-product","3":"status-publish","4":"has-post-thumbnail","6":"product_cat-barne","7":"product_shipping_class-none","8":"uni_artist_tag-eyvind-skeie","9":"uni_artist_tag-sigvald-tveit","10":"uni_artist_tag-terje-stromdahl","11":"uni_artist_genre-children","12":"uni_artist_genre-norwegian-lyrics","14":"first","15":"outofstock","16":"taxable","17":"shipping-taxable","18":"product-type-simple"},"_links":{"self":[{"href":"https:\/\/grappa.no\/no\/wp-json\/wp\/v2\/product\/32173","targetHints":{"allow":["GET"]}}],"collection":[{"href":"https:\/\/grappa.no\/no\/wp-json\/wp\/v2\/product"}],"about":[{"href":"https:\/\/grappa.no\/no\/wp-json\/wp\/v2\/types\/product"}],"replies":[{"embeddable":true,"href":"https:\/\/grappa.no\/no\/wp-json\/wp\/v2\/comments?post=32173"}],"wp:featuredmedia":[{"embeddable":true,"href":"https:\/\/grappa.no\/no\/wp-json\/wp\/v2\/media\/32183"}],"wp:attachment":[{"href":"https:\/\/grappa.no\/no\/wp-json\/wp\/v2\/media?parent=32173"}],"wp:term":[{"taxonomy":"product_brand","embeddable":true,"href":"https:\/\/grappa.no\/no\/wp-json\/wp\/v2\/product_brand?post=32173"},{"taxonomy":"product_cat","embeddable":true,"href":"https:\/\/grappa.no\/no\/wp-json\/wp\/v2\/product_cat?post=32173"},{"taxonomy":"product_tag","embeddable":true,"href":"https:\/\/grappa.no\/no\/wp-json\/wp\/v2\/product_tag?post=32173"}],"curies":[{"name":"wp","href":"https:\/\/api.w.org\/{rel}","templated":true}]}}