{"id":32172,"date":"1999-07-23T00:00:00","date_gmt":"1999-07-22T23:00:00","guid":{"rendered":"http:\/\/www.grappa.no\/no\/albums\/ukategorisert\/velkommen-til-portveien\/"},"modified":"2016-12-05T14:18:11","modified_gmt":"2016-12-05T13:18:11","slug":"velkommen-til-portveien","status":"publish","type":"product","link":"https:\/\/grappa.no\/no\/albums\/barne\/velkommen-til-portveien\/","title":{"rendered":"VELKOMMEN TIL PORTVEIEN"},"content":{"rendered":"<p><\/p>\n<p>Velkommen til Portveien<\/p>\n<p>Velkommen til Portveien, et bitte lite hus i en bitte liten hage, med Eli Rygg og Jarl Goli. Her f\u00e5r vi h\u00f8re sangene fra den kjente NRK TV-serien, som &quot;Velkommen til Portveien&quot;, &quot;Hvorfor m\u00e5 h\u00f8sten komme?&quot; og &quot;Eventyrland&quot;.<\/p>\n<p><!--more--><\/p>\n<h4><\/h4>\n<\/p>\n<h4><\/h4>\n<p><h4><\/h4>\n<\/p>\n<p><\/p>","protected":false},"excerpt":{"rendered":"<p>Musikken fra TV-serien Velkommen til Portveien.<\/p>\n","protected":false},"featured_media":32182,"comment_status":"closed","ping_status":"open","template":"","meta":[],"product_brand":[],"product_cat":[15],"product_tag":[],"class_list":{"0":"post-32172","1":"product","2":"type-product","3":"status-publish","4":"has-post-thumbnail","6":"product_cat-barne","7":"product_shipping_class-cddvd-shipping","8":"uni_artist_tag-eyvind-skeie","9":"uni_artist_tag-sigvald-tveit","10":"uni_artist_genre-children","11":"uni_artist_genre-norwegian-lyrics","13":"first","14":"outofstock","15":"taxable","16":"shipping-taxable","17":"purchasable","18":"product-type-simple"},"_links":{"self":[{"href":"https:\/\/grappa.no\/no\/wp-json\/wp\/v2\/product\/32172","targetHints":{"allow":["GET"]}}],"collection":[{"href":"https:\/\/grappa.no\/no\/wp-json\/wp\/v2\/product"}],"about":[{"href":"https:\/\/grappa.no\/no\/wp-json\/wp\/v2\/types\/product"}],"replies":[{"embeddable":true,"href":"https:\/\/grappa.no\/no\/wp-json\/wp\/v2\/comments?post=32172"}],"wp:featuredmedia":[{"embeddable":true,"href":"https:\/\/grappa.no\/no\/wp-json\/wp\/v2\/media\/32182"}],"wp:attachment":[{"href":"https:\/\/grappa.no\/no\/wp-json\/wp\/v2\/media?parent=32172"}],"wp:term":[{"taxonomy":"product_brand","embeddable":true,"href":"https:\/\/grappa.no\/no\/wp-json\/wp\/v2\/product_brand?post=32172"},{"taxonomy":"product_cat","embeddable":true,"href":"https:\/\/grappa.no\/no\/wp-json\/wp\/v2\/product_cat?post=32172"},{"taxonomy":"product_tag","embeddable":true,"href":"https:\/\/grappa.no\/no\/wp-json\/wp\/v2\/product_tag?post=32172"}],"curies":[{"name":"wp","href":"https:\/\/api.w.org\/{rel}","templated":true}]}}