{"id":32171,"date":"1999-07-22T00:00:00","date_gmt":"1999-07-21T23:00:00","guid":{"rendered":"http:\/\/www.grappa.no\/no\/albums\/ukategorisert\/i-barnevaerelset-med-inger-hagerup\/"},"modified":"2016-11-21T15:18:18","modified_gmt":"2016-11-21T14:18:18","slug":"i-barnevaerelset-med-inger-hagerup","status":"publish","type":"product","link":"https:\/\/grappa.no\/no\/albums\/barne\/i-barnevaerelset-med-inger-hagerup\/","title":{"rendered":"I BARNEV\u00c6RELSET MED INGER HAGERUP"},"content":{"rendered":"<p><\/p>\n<p>Inger Hagerup, en av v\u00e5re st\u00f8rste lyrikere<\/p>\n<p>Skuespiller Mari Maurstad og pianist Kari Stokke fremf\u00f8rer her over 20 av barnerimene til en av v\u00e5re st\u00f8rste lyrikere fra det forrige \u00e5rhundret, Inger Hagerup. Eldbj\u00f8rg Raknes tonesatte Hagerups rim som har gledet titusenvis av barn. 29 tidl\u00f8se musikalske barnerim fulle av undring og lekenhet.<\/p>\n<p><!--more--><\/p>\n<h4><\/h4>\n<\/p>\n<h4><\/h4>\n<p><h4><\/h4>\n<\/p>\n<p><\/p>","protected":false},"excerpt":{"rendered":"<p>Mari Maurstad og Kari Stokke fremf\u00f8rer barnerim av Inger Hagerup.<\/p>\n","protected":false},"featured_media":32181,"comment_status":"closed","ping_status":"open","template":"","meta":[],"product_brand":[],"product_cat":[15],"product_tag":[],"class_list":{"0":"post-32171","1":"product","2":"type-product","3":"status-publish","4":"has-post-thumbnail","6":"product_cat-barne","7":"product_shipping_class-none","8":"uni_artist_tag-inger-hagerup","9":"uni_artist_genre-children","10":"uni_artist_genre-norwegian-lyrics","12":"first","13":"outofstock","14":"taxable","15":"shipping-taxable","16":"product-type-simple"},"_links":{"self":[{"href":"https:\/\/grappa.no\/no\/wp-json\/wp\/v2\/product\/32171","targetHints":{"allow":["GET"]}}],"collection":[{"href":"https:\/\/grappa.no\/no\/wp-json\/wp\/v2\/product"}],"about":[{"href":"https:\/\/grappa.no\/no\/wp-json\/wp\/v2\/types\/product"}],"replies":[{"embeddable":true,"href":"https:\/\/grappa.no\/no\/wp-json\/wp\/v2\/comments?post=32171"}],"wp:featuredmedia":[{"embeddable":true,"href":"https:\/\/grappa.no\/no\/wp-json\/wp\/v2\/media\/32181"}],"wp:attachment":[{"href":"https:\/\/grappa.no\/no\/wp-json\/wp\/v2\/media?parent=32171"}],"wp:term":[{"taxonomy":"product_brand","embeddable":true,"href":"https:\/\/grappa.no\/no\/wp-json\/wp\/v2\/product_brand?post=32171"},{"taxonomy":"product_cat","embeddable":true,"href":"https:\/\/grappa.no\/no\/wp-json\/wp\/v2\/product_cat?post=32171"},{"taxonomy":"product_tag","embeddable":true,"href":"https:\/\/grappa.no\/no\/wp-json\/wp\/v2\/product_tag?post=32171"}],"curies":[{"name":"wp","href":"https:\/\/api.w.org\/{rel}","templated":true}]}}