{"id":32169,"date":"2010-08-23T00:00:00","date_gmt":"2010-08-22T23:00:00","guid":{"rendered":"http:\/\/www.grappa.no\/no\/albums\/ukategorisert\/i-barnevaerelset-med-margrethe-munthe\/"},"modified":"2016-11-21T15:18:13","modified_gmt":"2016-11-21T14:18:13","slug":"i-barnevaerelset-med-margrethe-munthe","status":"publish","type":"product","link":"https:\/\/grappa.no\/no\/albums\/barne\/i-barnevaerelset-med-margrethe-munthe\/","title":{"rendered":"I BARNEV\u00c6RELSET MED MARGRETHE MUNTHE"},"content":{"rendered":"<p><\/p>\n<p>Norges f\u00f8rste barnesangbokforfatter<\/p>\n<p>I 2010 er det 150 \u00e5r siden Norges f\u00f8rste barnesangbokforfatter, Margrete Munthe, ble f\u00f8dt. Hun har skrevet flere eventyrkomedier for barn og over 140 barnesanger. Selv om sangene hennes til tider, s\u00e6rlig p\u00e5 60- og 70-tallet, har v\u00e6rt ansett som sv\u00e6rt moralistiske og besteborgerlige, har de levd videre fra foreldre til barn og via popul\u00e6re plateinnspillinger. I dag anses de som morsomme og sjarmerende overleveringer fra en svunnen tid. Noen av dem er fortsatt blant landets mest kjente sanger. F\u00f8dselsdagssangen &quot;Hurra for deg som fyller ditt \u00e5r&quot;, synges sannsynligvis et eller annet sted i Norge hver dag eneste dag. Hun har ogs\u00e5 laget kjente sanger som &quot;Da klokka klang&quot;, &quot;Vi har ei tulle&quot; og &quot;Jeg sn\u00f8rer min sekk&quot;.<\/p>\n<p><!--more--><\/p>\n<h4><\/h4>\n<\/p>\n<h4><\/h4>\n<p><h4><\/h4>\n<\/p>\n<p><\/p>","protected":false},"excerpt":{"rendered":"<p>150-\u00e5rsjubileum for barnesangbokforfatteren Margrethe Munthe.<\/p>\n","protected":false},"featured_media":32179,"comment_status":"closed","ping_status":"open","template":"","meta":[],"product_brand":[],"product_cat":[15],"product_tag":[],"class_list":{"0":"post-32169","1":"product","2":"type-product","3":"status-publish","4":"has-post-thumbnail","6":"product_cat-barne","7":"product_shipping_class-none","8":"uni_artist_tag-margrethe-munthe","9":"uni_main_artist_tag-margrethe-munthe","10":"uni_artist_genre-children","11":"uni_artist_genre-norwegian-lyrics","13":"first","14":"outofstock","15":"taxable","16":"shipping-taxable","17":"product-type-simple"},"_links":{"self":[{"href":"https:\/\/grappa.no\/no\/wp-json\/wp\/v2\/product\/32169","targetHints":{"allow":["GET"]}}],"collection":[{"href":"https:\/\/grappa.no\/no\/wp-json\/wp\/v2\/product"}],"about":[{"href":"https:\/\/grappa.no\/no\/wp-json\/wp\/v2\/types\/product"}],"replies":[{"embeddable":true,"href":"https:\/\/grappa.no\/no\/wp-json\/wp\/v2\/comments?post=32169"}],"wp:featuredmedia":[{"embeddable":true,"href":"https:\/\/grappa.no\/no\/wp-json\/wp\/v2\/media\/32179"}],"wp:attachment":[{"href":"https:\/\/grappa.no\/no\/wp-json\/wp\/v2\/media?parent=32169"}],"wp:term":[{"taxonomy":"product_brand","embeddable":true,"href":"https:\/\/grappa.no\/no\/wp-json\/wp\/v2\/product_brand?post=32169"},{"taxonomy":"product_cat","embeddable":true,"href":"https:\/\/grappa.no\/no\/wp-json\/wp\/v2\/product_cat?post=32169"},{"taxonomy":"product_tag","embeddable":true,"href":"https:\/\/grappa.no\/no\/wp-json\/wp\/v2\/product_tag?post=32169"}],"curies":[{"name":"wp","href":"https:\/\/api.w.org\/{rel}","templated":true}]}}