{"id":32138,"date":"2002-11-18T00:00:00","date_gmt":"2002-11-17T23:00:00","guid":{"rendered":"http:\/\/www.grappa.no\/no\/albums\/ukategorisert\/stjerneklang\/"},"modified":"2016-11-30T15:02:14","modified_gmt":"2016-11-30T14:02:14","slug":"stjerneklang","status":"publish","type":"product","link":"https:\/\/grappa.no\/no\/albums\/heilo\/stjerneklang\/","title":{"rendered":"Stjerneklang"},"content":{"rendered":"<p><\/p>\n<p>Gamle julesalmer<\/p>\n<p>Gledessang i dypt alvor skinner gjennom de gamle julesalmene som ble sunget av v\u00e5re forfedre i h\u00f8ytidene b\u00e5de hjemme og i kirken. De gamle tonene ble inderliggjort og personlig utformet og finnes i en mengde varianter over hele landet. Samspillet mellom Sinikka Langeland og Andreas Liebig utvider v\u00e5r musikalske opplevelse av noen av v\u00e5re vakreste julesalmer.<\/p>\n<p><!--more--><\/p>\n<h4><\/h4>\n<\/p>\n<h4><\/h4>\n<p><h4><\/h4>\n<\/p>\n<p><\/p>","protected":false},"excerpt":{"rendered":"<p>Samspillet mellom Sinikka Langeland og Andreas Liebig utvider v\u00e5r musikalske opplevelse av noen av v\u00e5re vakreste julesalmer.<\/p>\n","protected":false},"featured_media":32140,"comment_status":"closed","ping_status":"open","template":"","meta":[],"product_brand":[],"product_cat":[35],"product_tag":[],"class_list":{"0":"post-32138","1":"product","2":"type-product","3":"status-publish","4":"has-post-thumbnail","6":"product_cat-heilo","7":"product_shipping_class-cddvd-shipping","8":"uni_artist_tag-johann-sebastian-bach","9":"uni_artist_tag-sinikka-langeland","10":"uni_artist_tag-trad","11":"uni_main_artist_tag-sinikka-langeland","12":"uni_artist_genre-christmas-music","13":"uni_artist_genre-traditional","15":"first","16":"outofstock","17":"taxable","18":"shipping-taxable","19":"purchasable","20":"product-type-simple"},"_links":{"self":[{"href":"https:\/\/grappa.no\/no\/wp-json\/wp\/v2\/product\/32138","targetHints":{"allow":["GET"]}}],"collection":[{"href":"https:\/\/grappa.no\/no\/wp-json\/wp\/v2\/product"}],"about":[{"href":"https:\/\/grappa.no\/no\/wp-json\/wp\/v2\/types\/product"}],"replies":[{"embeddable":true,"href":"https:\/\/grappa.no\/no\/wp-json\/wp\/v2\/comments?post=32138"}],"wp:featuredmedia":[{"embeddable":true,"href":"https:\/\/grappa.no\/no\/wp-json\/wp\/v2\/media\/32140"}],"wp:attachment":[{"href":"https:\/\/grappa.no\/no\/wp-json\/wp\/v2\/media?parent=32138"}],"wp:term":[{"taxonomy":"product_brand","embeddable":true,"href":"https:\/\/grappa.no\/no\/wp-json\/wp\/v2\/product_brand?post=32138"},{"taxonomy":"product_cat","embeddable":true,"href":"https:\/\/grappa.no\/no\/wp-json\/wp\/v2\/product_cat?post=32138"},{"taxonomy":"product_tag","embeddable":true,"href":"https:\/\/grappa.no\/no\/wp-json\/wp\/v2\/product_tag?post=32138"}],"curies":[{"name":"wp","href":"https:\/\/api.w.org\/{rel}","templated":true}]}}