{"id":32130,"date":"2016-11-18T00:00:00","date_gmt":"2016-11-17T23:00:00","guid":{"rendered":"http:\/\/www.grappa.no\/no\/albums\/ukategorisert\/superbarna-hipp-hurra\/"},"modified":"2024-08-21T11:01:38","modified_gmt":"2024-08-21T10:01:38","slug":"superbarna-hipp-hurra","status":"publish","type":"product","link":"https:\/\/grappa.no\/no\/albums\/barne\/superbarna-hipp-hurra\/","title":{"rendered":"Superbarna: Hipp Hurra"},"content":{"rendered":"<p><\/p>\n<p>Vennskap, bursdager, eventyr og apekatter<\/p>\n<p>Albumet \u201cHipp Hurra\u201d har 10 nye sprudlende flotte barnesanger, som handler om vennskap, bursdager, eventyr og apekatter som er sultne p\u00e5 bananer. \u00c5rets fantastiske vinner av \u201cStjernekamp\u201d, Knut Anders S\u00f8rum, er med og synger b\u00e5de norsk og engelsk versjon av sangen \u201cFlaskepost\u201d.<\/p>\n<p>Superbarna er en liten gruppe fra Gjerdrum best\u00e5ende av barn mellom 9 og 13 \u00e5r. De reiser mye, og er stadig \u00e5 se p\u00e5 TV2 God morgen Norge, Allsang p\u00e5 Grensen, eventer og familiekonserter rundt omkring i hele Norge. Flere kjente artister og musikere har v\u00e6rt med p\u00e5 platene, og deres gode venn Alexander Rybak er med og krydrer musikken med sitt virtuose fiolinspill.<\/p>\n<p><!--more--><\/p>\n<p>Hipp hurra! Vi er med og feirer n\u00e5r Superbarna slipper sitt femte album fredag 18.november.<\/p>\n<h4>Knut Anders S\u00f8rum<\/h4>\n<p>\u00c5rets fantastiske vinner av Stjernekamp, Knut Anders S\u00f8rum, er med \u00e5 synger b\u00e5de norsk og engelsk versjon av sangen Flaskepost. Tittelmelodien til suksesserien fra NRK Flaskepost fra Stillehavet. Sesong to av serien kommer n\u00e5 i julen, og tittelsporet er det samme.<\/p>\n<h4>Barn mellom 9 og 13 \u00e5r<\/h4>\n<p>Superbarna er en liten gruppe fra Gjerdrum best\u00e5ende av barn mellom 9 og 13 \u00e5r. De reiser mye, og er stadig \u00e5 se p\u00e5 TV2 God morgen Norge, Allsang p\u00e5 Grensen, eventer og familiekonserter rundt omkring i hele Norge. Flere kjente artister og musikere har v\u00e6rt med p\u00e5 platene, og deres gode venn Alexander Rybak er med og krydrer musikken med sitt virtuose fiolinspill.<\/p>\n<h4><\/h4>\n<p><\/p>","protected":false},"excerpt":{"rendered":"<p>10 nye sprudlende flotte barnesanger, som handler om vennskap, bursdager, eventyr og apekatter som er sultne p\u00e5 bananer. Knut Anders S\u00f8rum fra Stjernekamp er blant gjestene denne gangen.<\/p>\n","protected":false},"featured_media":32131,"comment_status":"closed","ping_status":"closed","template":"","meta":[],"product_brand":[],"product_cat":[15],"product_tag":[],"class_list":{"0":"post-32130","1":"product","2":"type-product","3":"status-publish","4":"has-post-thumbnail","6":"product_cat-barne","7":"product_shipping_class-cddvd-shipping","8":"uni_artist_tag-alexander-rybak","9":"uni_artist_tag-frode-ostang-mangen","10":"uni_artist_tag-knut-bjornar-asphol","11":"uni_artist_tag-superbarna","12":"uni_artist_tag-tone-lise-ramstad-asphol","13":"uni_artist_tag-torstein-lofthus","14":"uni_main_artist_tag-superbarna","15":"uni_artist_genre-children","16":"uni_artist_genre-norwegian-lyrics","18":"first","19":"outofstock","20":"taxable","21":"shipping-taxable","22":"purchasable","23":"product-type-simple"},"_links":{"self":[{"href":"https:\/\/grappa.no\/no\/wp-json\/wp\/v2\/product\/32130","targetHints":{"allow":["GET"]}}],"collection":[{"href":"https:\/\/grappa.no\/no\/wp-json\/wp\/v2\/product"}],"about":[{"href":"https:\/\/grappa.no\/no\/wp-json\/wp\/v2\/types\/product"}],"replies":[{"embeddable":true,"href":"https:\/\/grappa.no\/no\/wp-json\/wp\/v2\/comments?post=32130"}],"wp:featuredmedia":[{"embeddable":true,"href":"https:\/\/grappa.no\/no\/wp-json\/wp\/v2\/media\/32131"}],"wp:attachment":[{"href":"https:\/\/grappa.no\/no\/wp-json\/wp\/v2\/media?parent=32130"}],"wp:term":[{"taxonomy":"product_brand","embeddable":true,"href":"https:\/\/grappa.no\/no\/wp-json\/wp\/v2\/product_brand?post=32130"},{"taxonomy":"product_cat","embeddable":true,"href":"https:\/\/grappa.no\/no\/wp-json\/wp\/v2\/product_cat?post=32130"},{"taxonomy":"product_tag","embeddable":true,"href":"https:\/\/grappa.no\/no\/wp-json\/wp\/v2\/product_tag?post=32130"}],"curies":[{"name":"wp","href":"https:\/\/api.w.org\/{rel}","templated":true}]}}