{"id":32112,"date":"2016-11-18T00:00:00","date_gmt":"2016-11-17T23:00:00","guid":{"rendered":"http:\/\/www.grappa.no\/no\/albums\/ukategorisert\/drum-n-bach-trommer-bach\/"},"modified":"2017-07-11T11:18:17","modified_gmt":"2017-07-11T10:18:17","slug":"drum-n-bach-trommer-bach","status":"publish","type":"product","link":"https:\/\/grappa.no\/no\/albums\/grappa\/drum-n-bach-trommer-bach\/","title":{"rendered":"Drum &#8216;n&#8217; Bach (Trommer &amp; Bach)"},"content":{"rendered":"<p><\/p>\n<p>DRUM \u2019N\u2019 BACH (TROMMER &amp; BACH)<\/p>\n<p>Alle veier f\u00f8rer til Bach. I hvert fall for Ingrid Bj\u00f8rnov. Hun har spilt Bach siden hun var sju \u00e5r gammel og har alltid trampet takten underveis. Alltid f\u00f8lt at mye god popmusikk har skjult seg mellom notelinjene. Dette er leken tolkning av tolv kjente og mindre kjente temaer av Johann Sebastian Bach. Noen er forkortet, andre forlenget, noen har skiftet taktart, andre toneart. Nesten alle har trommer, ingen har tekst, ett spor har Hohner Clavinet fordi det var umulig \u00e5 la v\u00e6re. De \u00f8vrige er spilt inn p\u00e5 det nitti \u00e5r gamle Bechsteinflygelet til moren til Bj\u00f8rn Ole Rasch i Kongshavn Studio. Ole Petter Hansen Chylie har tilf\u00f8rt store og sm\u00e5 trommer, b\u00f8tter og ymse perkusjon.<\/p>\n<p><!--more--><\/p>\n<p>DRUM \u2019N\u2019 BACH (TROMMER &amp; BACH)<\/p>\n<h4>Leken tolkning<\/h4>\n<p>Ingrid har spilt Bach siden hun var sju \u00e5r gammel og har alltid trampet takten underveis. Alltid f\u00f8lt at mye god popmusikk har skjult seg mellom notelinjene. Ole Petter Hansen Chylie, som har spilt med Ingrid siden tidlig heksetid, hang seg impulsivt p\u00e5 da Ingrid spilte Bach under en lydpr\u00f8ve i 2012. Slik oppsto Drum\u00a0\u2019n\u2019 Bach.<\/p>\n<p>Dette er leken tolkning av tolv kjente og mindre kjente temaer av Johann Sebastian Bach. Noen er forkortet, andre forlenget, noen har skiftet taktart, andre toneart. Nesten alle har trommer, ingen har tekst, ett spor har Hohner Clavinet fordi det var umulig \u00e5 la v\u00e6re. De \u00f8vrige er spilt inn p\u00e5 det nitti \u00e5r gamle Bechsteinflygelet til moren til Bj\u00f8rn Ole Rasch i Kongshavn Studio. Ole Petter har tilf\u00f8rt store og sm\u00e5 trommer, b\u00f8tter og ymse perkusjon.<\/p>\n<p>Alt er h\u00e5ndspilt, alt er samspilt, her er verken klikk, grid eller p\u00e5legg.<\/p>\n<p>Albumet er et instrumentalt sidesprang, som skapt for levende lys og matlaging.<\/p>\n<h4><\/h4>\n<p><h4><\/h4>\n<\/p>\n<p><\/p>","protected":false},"excerpt":{"rendered":"<p>Alle veier f\u00f8rer til Bach. I hvert fall for Ingrid Bj\u00f8rnov. Dette er leken tolkning av tolv kjente og mindre kjente temaer av Johann Sebastian Bach.<\/p>\n","protected":false},"featured_media":32113,"comment_status":"closed","ping_status":"open","template":"","meta":[],"product_brand":[],"product_cat":[6],"product_tag":[],"class_list":{"0":"post-32112","1":"product","2":"type-product","3":"status-publish","4":"has-post-thumbnail","6":"product_cat-grappa","7":"product_shipping_class-cddvd-shipping","8":"uni_artist_tag-ingrid-bjornov","9":"uni_artist_tag-johann-sebastian-bach","10":"uni_artist_tag-kjell-sverre-fardal","11":"uni_artist_tag-ole-petter-hansen-chylie","12":"uni_main_artist_tag-ingrid-bjornov","13":"uni_artist_genre-instrumental","14":"uni_artist_genre-piano","16":"first","17":"outofstock","18":"taxable","19":"shipping-taxable","20":"purchasable","21":"product-type-simple"},"_links":{"self":[{"href":"https:\/\/grappa.no\/no\/wp-json\/wp\/v2\/product\/32112","targetHints":{"allow":["GET"]}}],"collection":[{"href":"https:\/\/grappa.no\/no\/wp-json\/wp\/v2\/product"}],"about":[{"href":"https:\/\/grappa.no\/no\/wp-json\/wp\/v2\/types\/product"}],"replies":[{"embeddable":true,"href":"https:\/\/grappa.no\/no\/wp-json\/wp\/v2\/comments?post=32112"}],"wp:featuredmedia":[{"embeddable":true,"href":"https:\/\/grappa.no\/no\/wp-json\/wp\/v2\/media\/32113"}],"wp:attachment":[{"href":"https:\/\/grappa.no\/no\/wp-json\/wp\/v2\/media?parent=32112"}],"wp:term":[{"taxonomy":"product_brand","embeddable":true,"href":"https:\/\/grappa.no\/no\/wp-json\/wp\/v2\/product_brand?post=32112"},{"taxonomy":"product_cat","embeddable":true,"href":"https:\/\/grappa.no\/no\/wp-json\/wp\/v2\/product_cat?post=32112"},{"taxonomy":"product_tag","embeddable":true,"href":"https:\/\/grappa.no\/no\/wp-json\/wp\/v2\/product_tag?post=32112"}],"curies":[{"name":"wp","href":"https:\/\/api.w.org\/{rel}","templated":true}]}}