{"id":32097,"date":"2012-09-07T00:00:00","date_gmt":"2012-09-06T23:00:00","guid":{"rendered":"http:\/\/www.grappa.no\/no\/albums\/ukategorisert\/tarkus-concertante-from-the-album-three-fates-project\/"},"modified":"2020-10-15T06:10:50","modified_gmt":"2020-10-15T05:10:50","slug":"tarkus-concertante-from-the-album-three-fates-project","status":"publish","type":"product","link":"https:\/\/grappa.no\/no\/albums\/simax-classics\/tarkus-concertante-from-the-album-three-fates-project\/","title":{"rendered":"Tarkus \u2013 concertante (from the album Three Fates Project)"},"content":{"rendered":"<p><\/p>\n<p>Legendariske &#8216;Tarkus&#8217; i vinylutgave 180g<\/p>\n<p>Keith Emersons storverk &#8216;Tarkus&#8217; med Keith Emerson Band og symfoniorkester fyller hele A-siden av denne nydelige gatefoldutgivelsen. Alle stykkene er hentet fra utgivelsen &#8216;Three Fates Project&#8217; der Keith Emerson realiserer musikken sin i fantastiske versjoner med orkester. B-siden har flere Emerson hits pluss et nydelig stykke av gitaristen og komponisten Marc Bonilla.<\/p>\n<p>Emersons karriere, bla. i band som The Nice og Emerson, Lake &amp; Palmer, har etablert ham som selve ikonet innen progrocken. Han tok klassiske komponister som Sibelius, Bach, Tchaikovsky, Mussorgsky og Stravinsky direkte inn i rockeuttrykket, og \u00e5pnet d\u00f8rene p\u00e5 vid vegg mellom genrene.<\/p>\n<p>Utgivelsen er mastret i Abbey Road studios.<\/p>\n<p><!--more--><\/p>\n<h4><\/h4>\n<h4><\/h4>\n<h4><\/h4>\n<p><\/p>","protected":false},"excerpt":{"rendered":"<p>Collector&#8217;s item!<\/p>\n","protected":false},"featured_media":32098,"comment_status":"closed","ping_status":"closed","template":"","meta":[],"product_brand":[],"product_cat":[180],"product_tag":[],"class_list":{"0":"post-32097","1":"product","2":"type-product","3":"status-publish","4":"has-post-thumbnail","6":"product_cat-simax-classics","7":"product_shipping_class-vinyl-shipping","8":"uni_artist_tag-keith-emerson","9":"uni_artist_tag-keith-emerson-band","10":"uni_artist_tag-marc-bonilla","11":"uni_artist_tag-munchner-rundfunkorchester","12":"uni_artist_tag-terje-mikkelsen","13":"uni_main_artist_tag-keith-emerson-band","14":"uni_artist_genre-contemporary-music","15":"uni_artist_genre-orchestral","16":"uni_artist_genre-rock","18":"first","19":"instock","20":"taxable","21":"shipping-taxable","22":"purchasable","23":"product-type-simple"},"_links":{"self":[{"href":"https:\/\/grappa.no\/no\/wp-json\/wp\/v2\/product\/32097","targetHints":{"allow":["GET"]}}],"collection":[{"href":"https:\/\/grappa.no\/no\/wp-json\/wp\/v2\/product"}],"about":[{"href":"https:\/\/grappa.no\/no\/wp-json\/wp\/v2\/types\/product"}],"replies":[{"embeddable":true,"href":"https:\/\/grappa.no\/no\/wp-json\/wp\/v2\/comments?post=32097"}],"wp:featuredmedia":[{"embeddable":true,"href":"https:\/\/grappa.no\/no\/wp-json\/wp\/v2\/media\/32098"}],"wp:attachment":[{"href":"https:\/\/grappa.no\/no\/wp-json\/wp\/v2\/media?parent=32097"}],"wp:term":[{"taxonomy":"product_brand","embeddable":true,"href":"https:\/\/grappa.no\/no\/wp-json\/wp\/v2\/product_brand?post=32097"},{"taxonomy":"product_cat","embeddable":true,"href":"https:\/\/grappa.no\/no\/wp-json\/wp\/v2\/product_cat?post=32097"},{"taxonomy":"product_tag","embeddable":true,"href":"https:\/\/grappa.no\/no\/wp-json\/wp\/v2\/product_tag?post=32097"}],"curies":[{"name":"wp","href":"https:\/\/api.w.org\/{rel}","templated":true}]}}