{"id":32086,"date":"2016-12-02T00:00:00","date_gmt":"2016-12-01T23:00:00","guid":{"rendered":"http:\/\/www.grappa.no\/no\/albums\/ukategorisert\/arve-tellefsen-limelight\/"},"modified":"2017-01-07T20:02:30","modified_gmt":"2017-01-07T19:02:30","slug":"arve-tellefsen-limelight","status":"publish","type":"product","link":"https:\/\/grappa.no\/no\/albums\/grappa\/arve-tellefsen-limelight\/","title":{"rendered":"Arve Tellefsen: Limelight"},"content":{"rendered":"<p><\/p>\n<p>Arve Tellefsen fyller 80 \u00e5r!<\/p>\n<p>Arve Tellefsen er uten sammenligning Norges fremste musikkformidler. 14. desember fyller fiolinisten 80 \u00e5r, og det blir beh\u00f8rig feiret over hele landet. Grappa markerer det ved \u00e5 gi ut en flott samling fra &#8216;v\u00e5r tids Ole Bull&#8217; \u2013 med Arves egne absolutte favoritter innen popul\u00e6rmusikken. Blant Arves medspillere finner vi Jan Garbarek, Kjetil Bjerkestrand og Kaare \u00d8rnung.<\/p>\n<p>\u201dDet er forholdsvis korte stykker som har beholdt sin popularitet i mangfoldige \u00e5r. Nesten alle de st\u00f8rste komponistene har laget korte popl\u00e5ter innimellom sine store symfonier og operaer, s\u00e5 n\u00e5r Beethoven, Mozart og Brahms likte \u00e5 lage melodi\u00f8se korte stykker, hvorfor skal man se p\u00e5 slik musikk som noe mindreverdig? Det er ogs\u00e5 en mengde filmmusikk jeg setter stor pris p\u00e5, s\u00e5 jeg har tatt med noen perler fra filmens verden, ogs\u00e5.\u201d<\/p>\n<p><!--more--><\/p>\n<p>Arve Tellefsen er uten sammenligning Norges fremste musikkformidler, uansett sjanger. 14. desember 2016 fyller fiolinisten 80 \u00e5r, og det blir beh\u00f8rig feiret over hele landet. Grappa markerer det ved \u00e5 gi ut en flott samling fra \u201dv\u00e5r tids Ole Bull\u201d \u2013 der Arve har samlet sine egne favoritter innenfor popul\u00e6rmusikken.<\/p>\n<h4>Ikke bare klassisk<\/h4>\n<p>Men slett ikke bare klassisk! Jan Garbarek og hans klangverden ga Arve inspirasjon til \u00e5 gj\u00f8re en plate med Kjetil Bjerkestrand p\u00e5 synth. Resultatet ble album Pan. Tross slakt av musikkritikere og klassiske kolleger ble albumet godt mottatt av publikum. Pan solgte over 200 000 eksemplarer, og toppet salgsstatistikken i Norge \u00e5ret den kom ut, uansett sjanger. \u201dJeg mener \u00e5 huske at Jahn Teigens pop-plate ble nummer to.\u201d<\/p>\n<h4>En reise med Arve Tellefsen<\/h4>\n<p>Stykkene p\u00e5 Limelight er hentet fra ulike innspilliger med ulike besetninger, og viser hvordan Arve har beveget seg mellom forskjellige uttrykk. Disse stykkene blir gjerne kalt svisker, og navnet skjemmer ingen. Arve kaller dem selv for perler.<\/p>\n<p>\u201dDet er forholdsvis korte stykker som har beholdt sin popularitet i mangfoldige \u00e5r. Nesten alle de st\u00f8rste komponistene har laget korte popl\u00e5ter innimellom sine store symfonier og operaer, s\u00e5 n\u00e5r Beethoven, Mozart og Brahms likte \u00e5 lage melodi\u00f8se korte stykker, hvorfor skal man se p\u00e5 slik musikk som noe mindreverdig? Det er ogs\u00e5 en mengde filmmusikk jeg setter stor pris p\u00e5, s\u00e5 jeg har tatt med noen perler fra filmens verden, ogs\u00e5.\u201d<\/p>\n<h4><\/h4>\n<\/p>\n<p><\/p>","protected":false},"excerpt":{"rendered":"<p>Arves egne absolutte favoritter innen popul\u00e6rmusikken. Stykkene p\u00e5 Limelight viser hvordan Arve beveger seg mellom forskjellige uttrykk \u2013 og beriker alt med sin klang og sitt sterke musikalske n\u00e6rv\u00e6r.<\/p>\n","protected":false},"featured_media":32087,"comment_status":"closed","ping_status":"open","template":"","meta":[],"product_brand":[],"product_cat":[6],"product_tag":[],"class_list":{"0":"post-32086","1":"product","2":"type-product","3":"status-publish","4":"has-post-thumbnail","6":"product_cat-grappa","7":"product_shipping_class-cddvd-shipping","8":"uni_artist_tag-anne-grete-orvik","9":"uni_artist_tag-arild-stav","10":"uni_artist_tag-arve-tellefsen","11":"uni_artist_tag-charlie-chaplin","12":"uni_artist_tag-ennio-morricone","13":"uni_artist_tag-enrique-granados","14":"uni_artist_tag-fritz-kreisler","15":"uni_artist_tag-george-gershwin","16":"uni_artist_tag-goran-w-nilson","17":"uni_artist_tag-heinz-provost","18":"uni_artist_tag-jacob-gade","19":"uni_artist_tag-jan-garbarek","20":"uni_artist_tag-john-williams","21":"uni_artist_tag-joseph-joachim-raff","22":"uni_artist_tag-jules-massenet","23":"uni_artist_tag-kaare-ornung","24":"uni_artist_tag-kim-ofstad","25":"uni_artist_tag-kjetil-bjerkestrand","26":"uni_artist_tag-manuel-ponce","27":"uni_artist_tag-oslo-philharmonic-choir","28":"uni_artist_tag-per-arne-glorvigen","29":"uni_artist_tag-trondheim-symphony-orchestra","30":"uni_artist_tag-william-kroll","31":"uni_artist_tag-zdenek-fibich","32":"uni_main_artist_tag-arve-tellefsen","33":"uni_artist_genre-collection","34":"uni_artist_genre-crossover","35":"uni_artist_genre-film-music","36":"uni_artist_genre-pop","38":"first","39":"instock","40":"taxable","41":"shipping-taxable","42":"purchasable","43":"product-type-simple"},"_links":{"self":[{"href":"https:\/\/grappa.no\/no\/wp-json\/wp\/v2\/product\/32086","targetHints":{"allow":["GET"]}}],"collection":[{"href":"https:\/\/grappa.no\/no\/wp-json\/wp\/v2\/product"}],"about":[{"href":"https:\/\/grappa.no\/no\/wp-json\/wp\/v2\/types\/product"}],"replies":[{"embeddable":true,"href":"https:\/\/grappa.no\/no\/wp-json\/wp\/v2\/comments?post=32086"}],"wp:featuredmedia":[{"embeddable":true,"href":"https:\/\/grappa.no\/no\/wp-json\/wp\/v2\/media\/32087"}],"wp:attachment":[{"href":"https:\/\/grappa.no\/no\/wp-json\/wp\/v2\/media?parent=32086"}],"wp:term":[{"taxonomy":"product_brand","embeddable":true,"href":"https:\/\/grappa.no\/no\/wp-json\/wp\/v2\/product_brand?post=32086"},{"taxonomy":"product_cat","embeddable":true,"href":"https:\/\/grappa.no\/no\/wp-json\/wp\/v2\/product_cat?post=32086"},{"taxonomy":"product_tag","embeddable":true,"href":"https:\/\/grappa.no\/no\/wp-json\/wp\/v2\/product_tag?post=32086"}],"curies":[{"name":"wp","href":"https:\/\/api.w.org\/{rel}","templated":true}]}}