{"id":32011,"date":"2016-11-11T00:00:00","date_gmt":"2016-11-10T23:00:00","guid":{"rendered":"http:\/\/www.grappa.no\/no\/albums\/ukategorisert\/super-heavy-metal-music-for-cymbals-lp\/"},"modified":"2018-08-30T09:09:58","modified_gmt":"2018-08-30T08:09:58","slug":"music-for-cymbals-lp","status":"publish","type":"product","link":"https:\/\/grappa.no\/no\/albums\/hubro\/music-for-cymbals-lp\/","title":{"rendered":"Music For Cymbals LP"},"content":{"rendered":"<p><\/p>\n<p>Cymbalmusikk<\/p>\n<p>Super Heavy Metals musikalske prosjekt er \u00e5 vie seg fullt og helt til det kanskje mest undervurderte og mystiske instrumentet i ethvert band: cymbalen. Med et utvalg av cymbaler, stikker, tape, rangler og effekter bygges lag p\u00e5 lag av rytmer og lyder.<\/p>\n<p>Super Heavy Metal er solodebuten til trommeslageren Kim \u00c5ge Furuhaug (Lars Vaular, Sondre Lerche, Young Dreams).<br \/>\nEtter \u00e5 ha jobbet mesteparten av sitt liv med popmusikk og andres musikk fikk Kim et behov for \u00e5 gj\u00f8re sitt eget prosjekt, og \u00e5 fordype seg i en annen lydverden. Sammen med produsent Anders Bjelland (Electric Eye) ble debutalbumet innspilt i Broen Studio i Bergen, h\u00f8sten 2015.<\/p>\n<p><!--more--><\/p>\n<h4><\/h4>\n<\/p>\n<h4><\/h4>\n<p><h4><\/h4>\n<\/p>\n<p><\/p>","protected":false},"excerpt":{"rendered":"<p>Super Heavy Metals musikalske prosjekt er \u00e5 vie seg fullt og helt til det kanskje mest undervurderte og mystiske instrumentet i ethvert band: cymbalen. Med et utvalg av cymbaler, stikker, tape, rangler og effekter bygges lag p\u00e5 lag av rytmer og lyder.<\/p>\n","protected":false},"featured_media":32012,"comment_status":"closed","ping_status":"open","template":"","meta":[],"product_brand":[],"product_cat":[36],"product_tag":[],"class_list":{"0":"post-32011","1":"product","2":"type-product","3":"status-publish","4":"has-post-thumbnail","6":"product_cat-hubro","7":"product_shipping_class-vinyl-shipping","8":"uni_artist_tag-kim-age-furuhaug","9":"uni_artist_tag-super-heavy-metal","10":"uni_main_artist_tag-super-heavy-metal","11":"uni_artist_genre-electronic","13":"first","14":"instock","15":"taxable","16":"shipping-taxable","17":"purchasable","18":"product-type-simple"},"_links":{"self":[{"href":"https:\/\/grappa.no\/no\/wp-json\/wp\/v2\/product\/32011","targetHints":{"allow":["GET"]}}],"collection":[{"href":"https:\/\/grappa.no\/no\/wp-json\/wp\/v2\/product"}],"about":[{"href":"https:\/\/grappa.no\/no\/wp-json\/wp\/v2\/types\/product"}],"replies":[{"embeddable":true,"href":"https:\/\/grappa.no\/no\/wp-json\/wp\/v2\/comments?post=32011"}],"wp:featuredmedia":[{"embeddable":true,"href":"https:\/\/grappa.no\/no\/wp-json\/wp\/v2\/media\/32012"}],"wp:attachment":[{"href":"https:\/\/grappa.no\/no\/wp-json\/wp\/v2\/media?parent=32011"}],"wp:term":[{"taxonomy":"product_brand","embeddable":true,"href":"https:\/\/grappa.no\/no\/wp-json\/wp\/v2\/product_brand?post=32011"},{"taxonomy":"product_cat","embeddable":true,"href":"https:\/\/grappa.no\/no\/wp-json\/wp\/v2\/product_cat?post=32011"},{"taxonomy":"product_tag","embeddable":true,"href":"https:\/\/grappa.no\/no\/wp-json\/wp\/v2\/product_tag?post=32011"}],"curies":[{"name":"wp","href":"https:\/\/api.w.org\/{rel}","templated":true}]}}