{"id":32003,"date":"2011-11-07T00:00:00","date_gmt":"2011-11-06T23:00:00","guid":{"rendered":"http:\/\/www.grappa.no\/no\/albums\/ukategorisert\/evige-oyeblikk\/"},"modified":"2016-11-18T16:25:40","modified_gmt":"2016-11-18T15:25:40","slug":"evige-oyeblikk","status":"publish","type":"product","link":"https:\/\/grappa.no\/no\/albums\/grappa\/evige-oyeblikk\/","title":{"rendered":"Evige \u00d8yeblikk"},"content":{"rendered":"<p><\/p>\n<p>Evige \u00f8yeblikk<\/p>\n<p>Alle stykkene p\u00e5 denne platen er hentet fra Nidarosdomens Guttekors konsertrepertoar, musikk som av en eller annen grunn har gjort inntrykk &#8211; p\u00e5 dirigenten, p\u00e5 sangerne og p\u00e5 publikum. &quot;Pie Jesu&quot; var et naturlig valg til denne platen. Viktor Stenhjem og Lars Magnus Stenum har gledet mange sopransolister i denne sangen av Andrew Lloyd Webber. At &quot;Pie Jesu&quot; vekker stor applaus, er ingen nyhet, men helt spesielt var det da hele salen p\u00e5 800 mennesker i byen Elk River, Minnesota, reise seg og gav koret st\u00e5ende applaus og bravorop midt i konserten. Et evig \u00f8yeblikk for alle som var til stede. <\/p>\n<p>Gabriel Faur\u00e9s &quot;Hvor fager er din bolig&quot; er et annet eksempel p\u00e5 en perle som alltid vil gj\u00f8re inntrykk. Sangen blir bare vakrere jo oftere du h\u00f8rer den! P\u00e5 samme m\u00e5te kan hvert enkelt stykke p\u00e5 platen knyttes til r\u00f8rende opplevelser for guttesin, men ogs\u00e5 for voksne herrestemmer og dirigent. Derfor har det v\u00e6rt en glede \u00e5 f\u00e5 samlet musikken p\u00e5 denne platen.<\/p>\n<p><!--more--><\/p>\n<h4><\/h4>\n<\/p>\n<h4><\/h4>\n<p><h4><\/h4>\n<\/p>\n<p><\/p>","protected":false},"excerpt":{"rendered":"<p>Alle stykkene p\u00e5 denne platen er hentet fra Nidarosdomens Guttekors konsertrepertoar, musikk som av en eller annen grunn har gjort inntrykk &#8211; p\u00e5 dirigenten, p\u00e5 sangerne og p\u00e5 publikum.<\/p>\n","protected":false},"featured_media":32004,"comment_status":"closed","ping_status":"open","template":"","meta":[],"product_brand":[],"product_cat":[6],"product_tag":[],"class_list":{"0":"post-32003","1":"product","2":"type-product","3":"status-publish","4":"has-post-thumbnail","6":"product_cat-grappa","7":"product_shipping_class-cddvd-shipping","8":"uni_artist_tag-anders-hoff","9":"uni_artist_tag-andrew-lloyd-webber","10":"uni_artist_tag-bjorn-moe","11":"uni_artist_tag-carl-nielsen","12":"uni_artist_tag-cesar-franck","13":"uni_artist_tag-charles-gounod","14":"uni_artist_tag-charles-hubert-perry","15":"uni_artist_tag-felix-mendelssohn","16":"uni_artist_tag-frode-hoff","17":"uni_artist_tag-gabriel-faure","18":"uni_artist_tag-henning-sommerro","19":"uni_artist_tag-johann-nepomuk-hummel","20":"uni_artist_tag-johann-sebastian-bach","21":"uni_artist_tag-johannes-wik","22":"uni_artist_tag-john-rutter","23":"uni_artist_tag-knut-nystedt","24":"uni_artist_tag-lars-magnus-steinum","25":"uni_artist_tag-ludvig-nielsen","26":"uni_artist_tag-nidarosdomens-guttekor","27":"uni_artist_tag-oyvind-kare-pettersen","28":"uni_artist_tag-pablo-casals","29":"uni_artist_tag-viktor-stenhjem","30":"uni_artist_tag-wolfgang-amadeus-mozart","31":"uni_main_artist_tag-nidarosdomens-guttekor","32":"uni_artist_genre-choir","33":"uni_artist_genre-christmas-music","35":"first","36":"instock","37":"taxable","38":"shipping-taxable","39":"purchasable","40":"product-type-simple"},"_links":{"self":[{"href":"https:\/\/grappa.no\/no\/wp-json\/wp\/v2\/product\/32003","targetHints":{"allow":["GET"]}}],"collection":[{"href":"https:\/\/grappa.no\/no\/wp-json\/wp\/v2\/product"}],"about":[{"href":"https:\/\/grappa.no\/no\/wp-json\/wp\/v2\/types\/product"}],"replies":[{"embeddable":true,"href":"https:\/\/grappa.no\/no\/wp-json\/wp\/v2\/comments?post=32003"}],"wp:featuredmedia":[{"embeddable":true,"href":"https:\/\/grappa.no\/no\/wp-json\/wp\/v2\/media\/32004"}],"wp:attachment":[{"href":"https:\/\/grappa.no\/no\/wp-json\/wp\/v2\/media?parent=32003"}],"wp:term":[{"taxonomy":"product_brand","embeddable":true,"href":"https:\/\/grappa.no\/no\/wp-json\/wp\/v2\/product_brand?post=32003"},{"taxonomy":"product_cat","embeddable":true,"href":"https:\/\/grappa.no\/no\/wp-json\/wp\/v2\/product_cat?post=32003"},{"taxonomy":"product_tag","embeddable":true,"href":"https:\/\/grappa.no\/no\/wp-json\/wp\/v2\/product_tag?post=32003"}],"curies":[{"name":"wp","href":"https:\/\/api.w.org\/{rel}","templated":true}]}}