{"id":31969,"date":"2006-06-19T00:00:00","date_gmt":"2006-06-18T23:00:00","guid":{"rendered":"http:\/\/www.grappa.no\/no\/albums\/ukategorisert\/den-lille-traktoren-gratass-jakten-pa-mirakelvannet-2cd\/"},"modified":"2016-11-01T13:46:08","modified_gmt":"2016-11-01T12:46:08","slug":"den-lille-traktoren-gratass-jakten-pa-mirakelvannet-2cd","status":"publish","type":"product","link":"https:\/\/grappa.no\/no\/albums\/barne\/den-lille-traktoren-gratass-jakten-pa-mirakelvannet-2cd\/","title":{"rendered":"DEN LILLE TRAKTOREN GR\u00c5TASS &#8211; JAKTEN P\u00c5 MIRAKELVANNET [2CD]"},"content":{"rendered":"<p><\/p>\n<p>Jakten p\u00e5 Mirakelvannet<\/p>\n<p>Skuespillerne p\u00e5 Gr\u00e5tass-tunet i Svarstad begeistret sm\u00e5 og store med de nye sangene og et helt nytt teaterstykke som n\u00e5 er gitt ut p\u00e5 denne dobbel-CDen.<\/p>\n<p>\u201dJakten p\u00e5 Mirakelvannet\u201d er tittelen p\u00e5 platen, og inneholder b\u00e5de musikken og fortellingen til forestillingen p\u00e5 Gr\u00e5tasstunet. Fortellingen leses av Dag V\u00e5gs\u00e5s, som i tillegg er sangtekstforfatter. Sangene synges av skuespillerne fra teaterstykket; Ole Kristian Lima, Dagrun Anholt, Dan Robert Thorsen, Heljar Berge og Dag V\u00e5gs\u00e5s.<\/p>\n<p><!--more--><\/p>\n<h4><\/h4>\n<\/p>\n<h4><\/h4>\n<p><h4><\/h4>\n<\/p>\n<p><\/p>","protected":false},"excerpt":{"rendered":"<p>Dobbel-CD med musikk fra teaterstykket p\u00e5 Gr\u00e5tass-tunet, Jakten p\u00e5 Mirakelvannet!<\/p>\n","protected":false},"featured_media":31978,"comment_status":"closed","ping_status":"open","template":"","meta":[],"product_brand":[],"product_cat":[15],"product_tag":[],"class_list":{"0":"post-31969","1":"product","2":"type-product","3":"status-publish","4":"has-post-thumbnail","6":"product_cat-barne","7":"product_shipping_class-cddvd-shipping","8":"uni_artist_tag-svein-dag-hauge","9":"uni_artist_tag-svein-gundersen","10":"uni_artist_genre-children","11":"uni_artist_genre-norwegian-lyrics","13":"first","14":"outofstock","15":"taxable","16":"shipping-taxable","17":"product-type-simple"},"_links":{"self":[{"href":"https:\/\/grappa.no\/no\/wp-json\/wp\/v2\/product\/31969","targetHints":{"allow":["GET"]}}],"collection":[{"href":"https:\/\/grappa.no\/no\/wp-json\/wp\/v2\/product"}],"about":[{"href":"https:\/\/grappa.no\/no\/wp-json\/wp\/v2\/types\/product"}],"replies":[{"embeddable":true,"href":"https:\/\/grappa.no\/no\/wp-json\/wp\/v2\/comments?post=31969"}],"wp:featuredmedia":[{"embeddable":true,"href":"https:\/\/grappa.no\/no\/wp-json\/wp\/v2\/media\/31978"}],"wp:attachment":[{"href":"https:\/\/grappa.no\/no\/wp-json\/wp\/v2\/media?parent=31969"}],"wp:term":[{"taxonomy":"product_brand","embeddable":true,"href":"https:\/\/grappa.no\/no\/wp-json\/wp\/v2\/product_brand?post=31969"},{"taxonomy":"product_cat","embeddable":true,"href":"https:\/\/grappa.no\/no\/wp-json\/wp\/v2\/product_cat?post=31969"},{"taxonomy":"product_tag","embeddable":true,"href":"https:\/\/grappa.no\/no\/wp-json\/wp\/v2\/product_tag?post=31969"}],"curies":[{"name":"wp","href":"https:\/\/api.w.org\/{rel}","templated":true}]}}