{"id":31966,"date":"2005-02-21T00:00:00","date_gmt":"2005-02-20T23:00:00","guid":{"rendered":"http:\/\/www.grappa.no\/no\/albums\/ukategorisert\/jakten-pa-karl-xiis-gamasjer-3-cd-lydbok\/"},"modified":"2017-09-18T13:48:40","modified_gmt":"2017-09-18T12:48:40","slug":"jakten-pa-karl-xiis-gamasjer-3-cd-lydbok","status":"publish","type":"product","link":"https:\/\/grappa.no\/no\/albums\/barne\/jakten-pa-karl-xiis-gamasjer-3-cd-lydbok\/","title":{"rendered":"JAKTEN P\u00c5 KARL XIIs GAMASJER  [3 CD LYDBOK]"},"content":{"rendered":"<p><\/p>\n<p>Br\u00f8drene Dal: Jakten p\u00e5 Karl XIIs gamasjer<\/p>\n<p>Det er 100 \u00e5rs jubileum for unionsoppl\u00f8sningen, men Kongen m\u00e5 gi Br\u00f8drene Dal sitt livs viktigste oppdrag, ellers er det ute med Norge som selvstendig nasjon! Mens Br\u00f8drene Dal med hjelp av Kvanterattet begynner jakten p\u00e5 Karl XIIs gamasjer gjennom historien slik at de kan leveres tilbake til svenskene f\u00f8r 7. juni 2005, begynner nev\u00f8ene Snerting, Joste og Mette-Mari sin reise i n\u00e5tiden for \u00e5 fi nne de \u00f8konomiske sammenhengene og forklaringene p\u00e5 at alt ser ut til \u00e5 g\u00e5 d\u00e5rligere for landet v\u00e5rt. Og mens alt dette foreg\u00e5r pr\u00f8ver Fortelleren(Tom Mathisen) p\u00e5 alle tenkelige (og noen utenkelige) m\u00e5ter \u00e5 forklare noen av hendelsene med opplysende fakta. Hva vil skje??? F\u00f8lg med!!!<\/p>\n<p><!--more--><\/p>\n<h4><\/h4>\n<\/p>\n<h4><\/h4>\n<p><h4><\/h4>\n<\/p>\n<p><\/p>","protected":false},"excerpt":{"rendered":"<p>Lydboken Br\u00f8drene Dal: Jakten p\u00e5 Karl XIIs gamasjer<\/p>\n","protected":false},"featured_media":31975,"comment_status":"closed","ping_status":"open","template":"","meta":[],"product_brand":[],"product_cat":[15],"product_tag":[],"class_list":{"0":"post-31966","1":"product","2":"type-product","3":"status-publish","4":"has-post-thumbnail","6":"product_cat-barne","7":"product_shipping_class-cddvd-shipping","8":"uni_artist_tag-bjorn-morten-christophersen","9":"uni_artist_tag-lars-mjoen","10":"uni_artist_tag-norwegian-radio-orchestra","11":"uni_artist_tag-tor-mathisen","12":"uni_main_artist_tag-norwegian-radio-orchestra","13":"uni_artist_genre-audio-book","14":"uni_artist_genre-children","16":"first","17":"outofstock","18":"taxable","19":"shipping-taxable","20":"product-type-simple"},"_links":{"self":[{"href":"https:\/\/grappa.no\/no\/wp-json\/wp\/v2\/product\/31966","targetHints":{"allow":["GET"]}}],"collection":[{"href":"https:\/\/grappa.no\/no\/wp-json\/wp\/v2\/product"}],"about":[{"href":"https:\/\/grappa.no\/no\/wp-json\/wp\/v2\/types\/product"}],"replies":[{"embeddable":true,"href":"https:\/\/grappa.no\/no\/wp-json\/wp\/v2\/comments?post=31966"}],"wp:featuredmedia":[{"embeddable":true,"href":"https:\/\/grappa.no\/no\/wp-json\/wp\/v2\/media\/31975"}],"wp:attachment":[{"href":"https:\/\/grappa.no\/no\/wp-json\/wp\/v2\/media?parent=31966"}],"wp:term":[{"taxonomy":"product_brand","embeddable":true,"href":"https:\/\/grappa.no\/no\/wp-json\/wp\/v2\/product_brand?post=31966"},{"taxonomy":"product_cat","embeddable":true,"href":"https:\/\/grappa.no\/no\/wp-json\/wp\/v2\/product_cat?post=31966"},{"taxonomy":"product_tag","embeddable":true,"href":"https:\/\/grappa.no\/no\/wp-json\/wp\/v2\/product_tag?post=31966"}],"curies":[{"name":"wp","href":"https:\/\/api.w.org\/{rel}","templated":true}]}}