{"id":31959,"date":"2006-10-16T00:00:00","date_gmt":"2006-10-15T23:00:00","guid":{"rendered":"http:\/\/www.grappa.no\/no\/albums\/ukategorisert\/min-forste-lydbok-kjente-eventyr-og-fabler-for-de-minste\/"},"modified":"2017-06-07T10:18:26","modified_gmt":"2017-06-07T09:18:26","slug":"min-forste-lydbok-kjente-eventyr-og-fabler-for-de-minste","status":"publish","type":"product","link":"https:\/\/grappa.no\/no\/albums\/barne\/min-forste-lydbok-kjente-eventyr-og-fabler-for-de-minste\/","title":{"rendered":"MIN F\u00d8RSTE LYDBOK, KJENTE EVENTYR OG FABLER FOR DE MINSTE"},"content":{"rendered":"<p><\/p>\n<p>Min f\u00f8rste lydbok<\/p>\n<p>Min f\u00f8rste lydbok er en tidl\u00f8s samling av eventyr og fabler for de minste. Felles for eventyrene er at de har blitt fortalt og gjenfortalt gjennom mange generasjoner, og de har spredd seg til mange land. P\u00e5 den m\u00e5ten kan noen detaljer ha forandret seg underveis, men moralen er alltid den samme. Eventyr er derfor noe av det f\u00f8rste barnet l\u00e6rer \u00e5 kjenne, og kjente og kj\u00e6re karakterer som Gullh\u00e5r og De tre bukkene Bruse vil fortsette \u00e5 fasinere de minste igjen og igjen.<\/p>\n<p><!--more--><\/p>\n<h4><\/h4>\n<\/p>\n<h4><\/h4>\n<p><h4><\/h4>\n<\/p>\n<p><\/p>","protected":false},"excerpt":{"rendered":"<p>En tidl\u00f8s samling av eventyr og fabler for de minste samlet p\u00e5 \u00e9n lydbok.<\/p>\n","protected":false},"featured_media":31961,"comment_status":"closed","ping_status":"open","template":"","meta":[],"product_brand":[],"product_cat":[15],"product_tag":[],"class_list":{"0":"post-31959","1":"product","2":"type-product","3":"status-publish","4":"has-post-thumbnail","6":"product_cat-barne","7":"product_shipping_class-cddvd-shipping","8":"uni_artist_genre-audio-book","9":"uni_artist_genre-children","11":"first","12":"outofstock","13":"taxable","14":"shipping-taxable","15":"product-type-simple"},"_links":{"self":[{"href":"https:\/\/grappa.no\/no\/wp-json\/wp\/v2\/product\/31959","targetHints":{"allow":["GET"]}}],"collection":[{"href":"https:\/\/grappa.no\/no\/wp-json\/wp\/v2\/product"}],"about":[{"href":"https:\/\/grappa.no\/no\/wp-json\/wp\/v2\/types\/product"}],"replies":[{"embeddable":true,"href":"https:\/\/grappa.no\/no\/wp-json\/wp\/v2\/comments?post=31959"}],"wp:featuredmedia":[{"embeddable":true,"href":"https:\/\/grappa.no\/no\/wp-json\/wp\/v2\/media\/31961"}],"wp:attachment":[{"href":"https:\/\/grappa.no\/no\/wp-json\/wp\/v2\/media?parent=31959"}],"wp:term":[{"taxonomy":"product_brand","embeddable":true,"href":"https:\/\/grappa.no\/no\/wp-json\/wp\/v2\/product_brand?post=31959"},{"taxonomy":"product_cat","embeddable":true,"href":"https:\/\/grappa.no\/no\/wp-json\/wp\/v2\/product_cat?post=31959"},{"taxonomy":"product_tag","embeddable":true,"href":"https:\/\/grappa.no\/no\/wp-json\/wp\/v2\/product_tag?post=31959"}],"curies":[{"name":"wp","href":"https:\/\/api.w.org\/{rel}","templated":true}]}}