{"id":31955,"date":"2009-02-16T00:00:00","date_gmt":"2009-02-15T23:00:00","guid":{"rendered":"http:\/\/www.grappa.no\/no\/albums\/ukategorisert\/henning-sommerro-magnificat\/"},"modified":"2016-11-18T16:35:07","modified_gmt":"2016-11-18T15:35:07","slug":"henning-sommerro-magnificat","status":"publish","type":"product","link":"https:\/\/grappa.no\/no\/albums\/grappa\/henning-sommerro-magnificat\/","title":{"rendered":"Henning Sommerro: Magnificat"},"content":{"rendered":"<p><\/p>\n<p>Henning Sommerros verker<\/p>\n<p>Utvalget av Henning Sommerros verker p\u00e5 denne platen kretser rundt det mange\u00e5rige samarbeidet mellom Nidarosdomens Guttekor med sin dirigent Bj\u00f8rn Moe og fiolinisten Arve Tellefsen. Det begynner med \u201dVivat, Crescat, Floreat\u201d for kor, fiolinsolo, tre trompeter, pauker og strykere, og fortsetter med den enkle og folken\u00e6re \u201dPilgrimssang\u201d, en av NRKs kjenningsmelodier i \u201dV\u00e5rs\u00f8g\u201d, operasatsene \u201dMi sjel er tom\u201d og \u201dFader i himmelen\u201d, den humoristiske, men ogs\u00e5 melankolske, russiske suiten \u201dAljonushka\u201d og den dramatiske \u201dMagnificat\u201d. Albumet inneholder ogs\u00e5 opptredener av den verdenskjente sopranen Marita S\u00f8lberg.<\/p>\n<p><!--more--><\/p>\n<h4><\/h4>\n<\/p>\n<h4><\/h4>\n<p><h4><\/h4>\n<\/p>\n<p><\/p>","protected":false},"excerpt":{"rendered":"<p>Et \u00e5relangt samarbeid mellom komponist Henning Sommerro, Nidarosdomens guttekor og dirigent Bj\u00f8rn Moe, og fiolinist Arve Tellefsen fanget p\u00e5 CD.<\/p>\n","protected":false},"featured_media":31407,"comment_status":"closed","ping_status":"open","template":"","meta":[],"product_brand":[],"product_cat":[6],"product_tag":[],"class_list":{"0":"post-31955","1":"product","2":"type-product","3":"status-publish","4":"has-post-thumbnail","6":"product_cat-grappa","7":"product_shipping_class-cddvd-shipping","8":"uni_artist_tag-arve-tellefsen","9":"uni_artist_tag-bjorn-moe","10":"uni_artist_tag-henning-sommerro","11":"uni_artist_tag-jorn-pedersen","12":"uni_artist_tag-marita-solberg","13":"uni_artist_tag-nidarosdomens-guttekor","14":"uni_main_artist_tag-nidarosdomens-guttekor","15":"uni_artist_genre-choir","17":"first","18":"instock","19":"taxable","20":"shipping-taxable","21":"purchasable","22":"product-type-simple"},"_links":{"self":[{"href":"https:\/\/grappa.no\/no\/wp-json\/wp\/v2\/product\/31955","targetHints":{"allow":["GET"]}}],"collection":[{"href":"https:\/\/grappa.no\/no\/wp-json\/wp\/v2\/product"}],"about":[{"href":"https:\/\/grappa.no\/no\/wp-json\/wp\/v2\/types\/product"}],"replies":[{"embeddable":true,"href":"https:\/\/grappa.no\/no\/wp-json\/wp\/v2\/comments?post=31955"}],"wp:featuredmedia":[{"embeddable":true,"href":"https:\/\/grappa.no\/no\/wp-json\/wp\/v2\/media\/31407"}],"wp:attachment":[{"href":"https:\/\/grappa.no\/no\/wp-json\/wp\/v2\/media?parent=31955"}],"wp:term":[{"taxonomy":"product_brand","embeddable":true,"href":"https:\/\/grappa.no\/no\/wp-json\/wp\/v2\/product_brand?post=31955"},{"taxonomy":"product_cat","embeddable":true,"href":"https:\/\/grappa.no\/no\/wp-json\/wp\/v2\/product_cat?post=31955"},{"taxonomy":"product_tag","embeddable":true,"href":"https:\/\/grappa.no\/no\/wp-json\/wp\/v2\/product_tag?post=31955"}],"curies":[{"name":"wp","href":"https:\/\/api.w.org\/{rel}","templated":true}]}}