{"id":31938,"date":"2016-11-04T00:00:00","date_gmt":"2016-11-03T23:00:00","guid":{"rendered":"http:\/\/www.grappa.no\/no\/albums\/ukategorisert\/uvaer\/"},"modified":"2017-01-07T20:02:30","modified_gmt":"2017-01-07T19:02:30","slug":"uvaer","status":"publish","type":"product","link":"https:\/\/grappa.no\/no\/albums\/grappa\/uvaer\/","title":{"rendered":"Uv\u00e6r"},"content":{"rendered":"<p><\/p>\n<p>Kaia Huuse gir ut kj\u00e6rlighetsbok og bruddskive.\u00a0<\/p>\n<p>Huuse har igjen v\u00e6rt i Stockholm og spilt inn et nytt album. N\u00e5 slipper hun albumet \u201cUv\u00e6r\u201d samtidig som hun utgir boken \u201dEn liten bok om kj\u00e6rlighet\u201d.\u00a0I alle sine refleksjoner er Kaia fascinert av omveier, forsinkelser og sidespor. Dette er noe av det hun skriver om i l\u00e5tene p\u00e5 det nye albumet. Hun har ogs\u00e5 v\u00e6rt opptatt av \u00e5 fange det spontane, det som ofte blir selve smertepunktet i en l\u00e5t eller tekst. Johan Persson (Lars Winnerb\u00e4ck, Lisa Ekdahl, Ane Brun) har produsert albumet, og for Kaia har det v\u00e6rt en utfordrende prosess.. Kaia har skapt seg et liv i den svenske hovedstaden, og bor der n\u00e6r halvparten av tiden. De siste \u00e5rene har hun jobbet mye med musikk, utviklet b\u00e5de vokal og gitarspill, og kommet enda n\u00e6rmere sine musikalske r\u00f8tter. Hun jobber n\u00e5 i et litt m\u00f8rkere, tyngre univers, og tekstene har aldri v\u00e6rt \u00e6rligere. Kaia valgte et samarbeid med nyetablerte Prego Mobile p\u00e5 grunn av deres entusiasme da hun begynte arbeidet med diktboken \u201dEn liten bok om kj\u00e6rlighet\u201d. Kaias dikt er friere i strukturen enn p\u00e5 sangtekstene hun lager. De har sin egen rytme og puls, men hun har forlatt enderimene, versformen og repetisjonene. Men det dreier seg fortsatt om kj\u00e6rlighet. Om kj\u00e6rlighet, oppbrudd, lengsler, tomhet, f\u00f8lelsen av \u00e5 ikke n\u00e5 inn, n\u00e5 opp. Albumet \u201dUv\u00e6r\u201d gis ut 04. november og inneholder ogs\u00e5 tonesatte dikt fra boken \u201dEn liten bok om kj\u00e6rlighet\u201d som slippes samme dag.\u00a0<\/p>\n<p><!--more--><\/p>\n<p>Kaia Huuse gir ut kj\u00e6rlighetsbok og bruddskive.\u00a0<\/p>\n<h4>Uv\u00e6r<\/h4>\n<p>I alle sine refleksjoner er Kaia fascinert av omveier, forsinkelser og sidespor. Dette er noe av det hun skriver om i l\u00e5tene p\u00e5 det nye albumet. Hun har ogs\u00e5 v\u00e6rt opptatt av \u00e5 fange det spontane, det som ofte blir selve smertepunktet i en l\u00e5t eller tekst.<br \/>\n\u201dJeg har alltid f\u00f8lt meg som en blanding av en ordsterk orkan og en s\u00e5rbar nyf\u00f8dt. Det preger nok disse sangene ogs\u00e5\u201d\u00a0\u2013 forteller Kaia.\u00a0<\/p>\n<p>Johan Persson har produsert albumet, og for Kaia har det v\u00e6rt en utfordrende prosess.<\/p>\n<p>\u201dHan ribbet meg for alle p\u00e5fugl-fj\u00e6r og presset meg ut av mine gamle rammer og verdisystemer ved \u00e5 utfordre meg p\u00e5 stemmebruk, tekstskriving og ikke minst selve formen og oppbyggingen av l\u00e5tene. Jeg kr\u00f8p inn fra stupebrettet, og han dyttet meg ut igjen \u2013 men vi fant balansepunktet til slutt. Det har v\u00e6rt en gave \u00e5 jobbe med ham.\u201d<\/p>\n<p>Johan Persson har tidligere jobbet med artister som Lars Winnerb\u00e4ck, Lisa Ekdahl og Ane Brun.\u00a0<br \/>\nAlbumet er innspilt i Durango Records, S\u00f6dermalm i Stockholm.<\/p>\n<p>Kaia har skapt seg et liv i den svenske hovedstaden, og bor der n\u00e6r halvparten av tiden. De siste \u00e5rene har hun jobbet mye med musikk, utviklet b\u00e5de vokal og gitarspill, og kommet enda n\u00e6rmere sine musikalske r\u00f8tter. Hun jobber n\u00e5 i et litt m\u00f8rkere, tyngre univers, og tekstene har aldri v\u00e6rt \u00e6rligere. De \u00f8vrige musikerne p\u00e5 albumet har i mange \u00e5r v\u00e6rt sentrale p\u00e5 utgivelser og turneer med blant andre Th\u00e5str\u00f6m, Laleh, Melissa Horn, Ulf Lundell med flere.\u00a0Disse har gitt en ramme til Kaias l\u00e5tunivers som er mindre s\u00f8tt, og l\u00f8fter frem de hudl\u00f8se, f\u00f8lelsesn\u00e6re tekstene.<\/p>\n<h4>En liten bok om kj\u00e6rlighet<\/h4>\n<p>Kaia valgte et samarbeid med nyetablerte Prego Mobile p\u00e5 grunn av deres entusiasme da hun begynte arbeidet med diktboken \u201dEn liten bok om kj\u00e6rlighet\u201d.\u00a0<\/p>\n<p>\u201dHelt fra jeg kunne sette bokstaver sammen til ord, har jeg skrevet dikt og sangtekster. Jeg elsker ord. Jeg kan forelske meg i en setning, bli \u2019toklykkelig\u2019 av en god tittel. Jeg tror at litteratur er livsviktig og like helende som legemidler. Det skaper m\u00f8tepunkter. Et rom \u00e5 v\u00e6re sammen i, og det tro jeg er menneskenes dypeste lenges; \u00e5 bli sett. M\u00f8tt.\u201d<\/p>\n<p>Kaias dikt er friere i strukturen enn i sangtekstene hun lager. De har sin egen rytme og puls, men hun har forlatt enderimene, versformen og repetisjonene.\u00a0Men det dreier seg fortsatt om kj\u00e6rlighet. Om kj\u00e6rlighet, oppbrudd, lengsler, tomhet, f\u00f8lelsen av \u00e5 ikke n\u00e5 inn, n\u00e5 opp.\u00a0<\/p>\n<p>Albumet \u201dUv\u00e6r\u201d gis ut 04. november og inneholder ogs\u00e5 tonesatte dikt fra boken \u201dEn liten bok om kj\u00e6rlighet\u201d som slippes samme dag.\u00a0<\/p>\n<h4><\/h4>\n<\/p>\n<p><\/p>","protected":false},"excerpt":{"rendered":"<p>Kaia Huuse gir ut kj\u00e6rlighetsbok og bruddskive.\u00a0<\/p>\n","protected":false},"featured_media":31939,"comment_status":"closed","ping_status":"open","template":"","meta":[],"product_brand":[],"product_cat":[6],"product_tag":[],"class_list":{"0":"post-31938","1":"product","2":"type-product","3":"status-publish","4":"has-post-thumbnail","6":"product_cat-grappa","7":"product_shipping_class-cddvd-shipping","8":"uni_artist_tag-andreas-dahlback","9":"uni_artist_tag-andreas-forsman","10":"uni_artist_tag-cecilia-linne","11":"uni_artist_tag-johan-persson","12":"uni_artist_tag-kaia-huuse","13":"uni_artist_tag-malin-my-wall","14":"uni_artist_tag-mattias-lejdal","15":"uni_artist_tag-petter-axelsson","16":"uni_artist_tag-rikard-lidhamn","17":"uni_artist_tag-tomas-hallonsten","18":"uni_main_artist_tag-kaia-huuse","19":"uni_artist_genre-norwegian-lyrics","20":"uni_artist_genre-pop","21":"uni_artist_genre-singersongwriter","23":"first","24":"instock","25":"taxable","26":"shipping-taxable","27":"purchasable","28":"product-type-simple"},"_links":{"self":[{"href":"https:\/\/grappa.no\/no\/wp-json\/wp\/v2\/product\/31938","targetHints":{"allow":["GET"]}}],"collection":[{"href":"https:\/\/grappa.no\/no\/wp-json\/wp\/v2\/product"}],"about":[{"href":"https:\/\/grappa.no\/no\/wp-json\/wp\/v2\/types\/product"}],"replies":[{"embeddable":true,"href":"https:\/\/grappa.no\/no\/wp-json\/wp\/v2\/comments?post=31938"}],"wp:featuredmedia":[{"embeddable":true,"href":"https:\/\/grappa.no\/no\/wp-json\/wp\/v2\/media\/31939"}],"wp:attachment":[{"href":"https:\/\/grappa.no\/no\/wp-json\/wp\/v2\/media?parent=31938"}],"wp:term":[{"taxonomy":"product_brand","embeddable":true,"href":"https:\/\/grappa.no\/no\/wp-json\/wp\/v2\/product_brand?post=31938"},{"taxonomy":"product_cat","embeddable":true,"href":"https:\/\/grappa.no\/no\/wp-json\/wp\/v2\/product_cat?post=31938"},{"taxonomy":"product_tag","embeddable":true,"href":"https:\/\/grappa.no\/no\/wp-json\/wp\/v2\/product_tag?post=31938"}],"curies":[{"name":"wp","href":"https:\/\/api.w.org\/{rel}","templated":true}]}}