{"id":31917,"date":"2016-10-28T00:00:00","date_gmt":"2016-10-27T23:00:00","guid":{"rendered":"http:\/\/www.grappa.no\/no\/albums\/ukategorisert\/trondheim-voices-batagraf-on-anodyne\/"},"modified":"2017-02-15T15:18:11","modified_gmt":"2017-02-15T14:18:11","slug":"trondheim-voices-batagraf-on-anodyne","status":"publish","type":"product","link":"https:\/\/grappa.no\/no\/albums\/grappa\/trondheim-voices-batagraf-on-anodyne\/","title":{"rendered":"Trondheim Voices \/ Batagraf: On Anodyne"},"content":{"rendered":"<p><\/p>\n<p>Smertestillende bestillingsverk<\/p>\n<p>\u00abOn Anodyne\u00ab er Jon Balkes bestillingsverk for vokalensemblet Trondheim Voices og perkusjonsgruppen Batagraf, bygget p\u00e5 diktet \u00abAnodyne\u00bb av den amerikanske poeten Yusef Komunyakaa. \u00abOn Anodyne\u00bb er en hyllest til til kroppen, til musikken, til mennesket.<\/p>\n<p>Verket \u2013 en suite for 9 stemmer og 4 perkusjonister &#8211; ble urfremf\u00f8rt under Molde Jazzfestival i 2011. Anodyne betyr smertestillende, beroligende, og stykket handler om \u00e5 lindre smerte. Konserten i Molde ble gjennomf\u00f8rt 23. juli, nedtonet og vakkert, i respekt for ofrene fra dagen f\u00f8r \u2013 en av de m\u00f8rkeste dagene i norsk historie. Verket er inspirert av afrikansk woloff-tradisjon. Balke har tatt utgangspunkt i\u00a0 Trondheim Voices lek med stemmens uendelige muligheter og harmoniske rikdom og Batagrafs rytmiske flettverk. <\/p>\n<p>\u00abOn Anodyne\u00bb er innspilt og mikset i Rainbow Studio og er produsert av Live Maria Roggen, Jon Balke og Jan Erik Kongshaug.<\/p>\n<p><!--more--><\/p>\n<p>\u00abOn Anodyne\u00ab er Jon Balkes bestillingsverk for vokalensemblet Trondheim Voices og perkusjonsgruppen Batagraf, bygget p\u00e5 diktet \u00abAnodyne\u00bb av den amerikanske poeten Yusef Komunyakaa.<\/p>\n<h4>Musikkens opprinnelse<\/h4>\n<p>\u00abDen musikalske ideen var basert p\u00e5 en retur til musikkens opprinnelse: stemme og trommer, uten noen form for prosessering, effekter eller annen instrumentering involvert. Bare en halvsirkel med mennesker som synger og spiller\u00bb, sier Balke selv om verket.  \u00abDiktet Anondyne ble funnet ved en tilfeldighet p\u00e5 nettet, men viste seg \u00e5 tjene form\u00e5let optimalt: &#8211; \u00e5 bruke et langdikt som en ressursbank for et musikkstykke. Komunyakaas link til afrikanske rytmer ga frasene et kraftfullt driv som passet tromme\/stemme besetningen perfekt\u00bb.<\/p>\n<h4>Trondheim Voices &amp; Batagraf<\/h4>\n<p>Trondheim Voices er et improviserende vokalensemble best\u00e5ende av profesjonelle sangere, alle med r\u00f8tter fra Jazzlinja p\u00e5 NTNU, og har gjennom 10 \u00e5r v\u00e6rt ledende i sitt slag b\u00e5de i Norge og i Verden. De har bestilt ny musikk og fremf\u00f8rt verk av en rekke fremst\u00e5ende komponister, og har i en \u00e5rrekke samarbeidet tett med b\u00e5de lyddesigner Asle Karstad og kunstner Anne-Cathrin Hertling.<\/p>\n<p>Perkusjonskollektivet Batagraf ble etablert av Jon Balke i 2005. Batagraf beskrives som en musikalsk \u00abtenketank\u00bb og form\u00e5let har fra starten v\u00e6rt \u00e5 unders\u00f8ke sammenhenger mellom rytme, spr\u00e5k og litterert innhold. Batagraf har samarbeidet med en rekke musikere, poeter, komikere, dansere og forfattere og har gitt ut to kritikerroste album p\u00e5 ECM.<\/p>\n<p>\u00abOn Anodyne\u00bb er innspilt og mikset i Rainbow Studio og er produsert av Live Maria Roggen, Jon Balke og Jan Erik Kongshaug.<\/p>\n<p>Konserter:<br \/>\n30. oktober:\u00a0Levanger Kulturkirke\u00a0<br \/>\n01 november: Dokkhuset, Trondheim\u00a0<br \/>\n02.\u00a0November: Namsos Kulturhus<br \/>\n03. November: Plassen, Molde<\/p>\n<h4><\/h4>\n<\/p>\n<p><\/p>","protected":false},"excerpt":{"rendered":"<p>\u00abOn Anodyne\u00bb er Jon Balkes bestillingsverk for vokalensemblet Trondheim Voices og perkusjonsgruppen Batagraf, bygget p\u00e5 diktet \u00abAnodyne\u00bb av den amerikanske poeten Yusef Komunyakaa.<\/p>\n","protected":false},"featured_media":31918,"comment_status":"closed","ping_status":"open","template":"","meta":[],"product_brand":[],"product_cat":[6],"product_tag":[],"class_list":{"0":"post-31917","1":"product","2":"type-product","3":"status-publish","4":"has-post-thumbnail","6":"product_cat-grappa","7":"product_shipping_class-cddvd-shipping","8":"uni_artist_tag-anita-kaasboll","9":"uni_artist_tag-batagraf","10":"uni_artist_tag-helge-andreas-norbakken","11":"uni_artist_tag-ingar-zach","12":"uni_artist_tag-jan-erik-kongshaug","13":"uni_artist_tag-jon-balke","14":"uni_artist_tag-live-marie-roggen","15":"uni_artist_tag-siri-gjaere","16":"uni_artist_tag-sissel-vera-pettersen","17":"uni_artist_tag-snorre-bjerck","18":"uni_artist_tag-tone-ase","19":"uni_artist_tag-torunn-saevik","20":"uni_artist_tag-trondheim-voices","21":"uni_main_artist_tag-trondheim-voices","22":"uni_artist_genre-a-cappella","23":"uni_artist_genre-contemporary-music","24":"uni_artist_genre-jazz","26":"first","27":"instock","28":"taxable","29":"shipping-taxable","30":"purchasable","31":"product-type-simple"},"_links":{"self":[{"href":"https:\/\/grappa.no\/no\/wp-json\/wp\/v2\/product\/31917","targetHints":{"allow":["GET"]}}],"collection":[{"href":"https:\/\/grappa.no\/no\/wp-json\/wp\/v2\/product"}],"about":[{"href":"https:\/\/grappa.no\/no\/wp-json\/wp\/v2\/types\/product"}],"replies":[{"embeddable":true,"href":"https:\/\/grappa.no\/no\/wp-json\/wp\/v2\/comments?post=31917"}],"wp:featuredmedia":[{"embeddable":true,"href":"https:\/\/grappa.no\/no\/wp-json\/wp\/v2\/media\/31918"}],"wp:attachment":[{"href":"https:\/\/grappa.no\/no\/wp-json\/wp\/v2\/media?parent=31917"}],"wp:term":[{"taxonomy":"product_brand","embeddable":true,"href":"https:\/\/grappa.no\/no\/wp-json\/wp\/v2\/product_brand?post=31917"},{"taxonomy":"product_cat","embeddable":true,"href":"https:\/\/grappa.no\/no\/wp-json\/wp\/v2\/product_cat?post=31917"},{"taxonomy":"product_tag","embeddable":true,"href":"https:\/\/grappa.no\/no\/wp-json\/wp\/v2\/product_tag?post=31917"}],"curies":[{"name":"wp","href":"https:\/\/api.w.org\/{rel}","templated":true}]}}