{"id":31903,"date":"2006-03-27T00:00:00","date_gmt":"2006-03-26T23:00:00","guid":{"rendered":"http:\/\/www.grappa.no\/no\/albums\/ukategorisert\/gross-og-spokelseshistorier-2cd\/"},"modified":"2016-11-02T11:16:04","modified_gmt":"2016-11-02T10:16:04","slug":"gross-og-spokelseshistorier-2cd","status":"publish","type":"product","link":"https:\/\/grappa.no\/no\/albums\/barne\/gross-og-spokelseshistorier-2cd\/","title":{"rendered":"GR\u00d8SS OG SP\u00d8KELSESHISTORIER [2CD]"},"content":{"rendered":"<p><\/p>\n<p>Gr\u00f8ss og sp\u00f8kelseshistorier<\/p>\n<p>Gr\u00f8ss og sp\u00f8kelseshistorier er fortellinger om det h\u00e5rreisende, mystiske og det overnaturlige, fra kjenninger som Washington Irving, Edgar Allan Poe, Mary Shelley og Bram Stoker. Der fortellingene er en del av en st\u00f8rre roman, er det kun benyttet utdrag. Egner seg ikke for de med svakt hjerte eller barn under 8 \u00e5r!<\/p>\n<p><!--more--><\/p>\n<h4><\/h4>\n<\/p>\n<h4><\/h4>\n<p><h4><\/h4>\n<\/p>\n<p><\/p>","protected":false},"excerpt":{"rendered":"<p>Gr\u00f8ss og sp\u00f8kelseshistorier er fortellinger om det h\u00e5rreisende, mystiske og det overnaturlige.<\/p>\n","protected":false},"featured_media":31905,"comment_status":"closed","ping_status":"open","template":"","meta":[],"product_brand":[],"product_cat":[15],"product_tag":[],"class_list":{"0":"post-31903","1":"product","2":"type-product","3":"status-publish","4":"has-post-thumbnail","6":"product_cat-barne","7":"product_shipping_class-cddvd-shipping","8":"uni_artist_genre-audio-book","9":"uni_artist_genre-children","11":"first","12":"instock","13":"taxable","14":"shipping-taxable","15":"purchasable","16":"product-type-simple"},"_links":{"self":[{"href":"https:\/\/grappa.no\/no\/wp-json\/wp\/v2\/product\/31903","targetHints":{"allow":["GET"]}}],"collection":[{"href":"https:\/\/grappa.no\/no\/wp-json\/wp\/v2\/product"}],"about":[{"href":"https:\/\/grappa.no\/no\/wp-json\/wp\/v2\/types\/product"}],"replies":[{"embeddable":true,"href":"https:\/\/grappa.no\/no\/wp-json\/wp\/v2\/comments?post=31903"}],"wp:featuredmedia":[{"embeddable":true,"href":"https:\/\/grappa.no\/no\/wp-json\/wp\/v2\/media\/31905"}],"wp:attachment":[{"href":"https:\/\/grappa.no\/no\/wp-json\/wp\/v2\/media?parent=31903"}],"wp:term":[{"taxonomy":"product_brand","embeddable":true,"href":"https:\/\/grappa.no\/no\/wp-json\/wp\/v2\/product_brand?post=31903"},{"taxonomy":"product_cat","embeddable":true,"href":"https:\/\/grappa.no\/no\/wp-json\/wp\/v2\/product_cat?post=31903"},{"taxonomy":"product_tag","embeddable":true,"href":"https:\/\/grappa.no\/no\/wp-json\/wp\/v2\/product_tag?post=31903"}],"curies":[{"name":"wp","href":"https:\/\/api.w.org\/{rel}","templated":true}]}}