{"id":31902,"date":"2005-06-06T00:00:00","date_gmt":"2005-06-05T23:00:00","guid":{"rendered":"http:\/\/www.grappa.no\/no\/albums\/ukategorisert\/barnas-beste-eventyr-2-cd-lydbok\/"},"modified":"2017-09-18T13:48:42","modified_gmt":"2017-09-18T12:48:42","slug":"barnas-beste-eventyr-2-cd-lydbok","status":"publish","type":"product","link":"https:\/\/grappa.no\/no\/albums\/barne\/barnas-beste-eventyr-2-cd-lydbok\/","title":{"rendered":"BARNAS BESTE EVENTYR  [2 CD LYDBOK]"},"content":{"rendered":"<p><\/p>\n<p>De norskeste av de norske folkeeventyrene<\/p>\n<p>I denne lydboken kan du f\u00e5 h\u00f8re alle de mest kjente folkeeventyrene v\u00e5re, kanskje noe av \u00abdet norskeste av det norske\u00bb. De fleste av dem ble samlet inn av Asbj\u00f8rnsen og Moe for mange, mange \u00e5r siden. Asbj\u00f8rnsen og Moe var inspirert av de to tyske samlerne Grimm, og jaktet land og strand rundt etter gode lokale historier.<\/p>\n<p>Den muntlige fortellertradisjonen har alltid st\u00e5tt sterkt i Norge, og en slik omfattende samling som dette b\u00f8r inng\u00e5 i alle hjem, til glede for nye generasjoner.<\/p>\n<p>Lydboken inneholder hele 23 kjente eventyr, som for eksempel De tre Bukkene Bruse, Sm\u00e5guttene som traff trolla p\u00e5 Hedalsskogen, Dumme menn og troll til kjerringer, Hjemmusa og fjellmusa, V\u00e6ren og grisen som skulle til skogs, Kjetta p\u00e5 Dovre og Kvitebj\u00f8rn Kong Valemon. Alle er lest av Jens Bolling, kanskje den mest kjente eventyr-fortelleren vi har.<\/p>\n<p><!--more--><\/p>\n<h4><\/h4>\n<\/p>\n<h4><\/h4>\n<p><h4><\/h4>\n<\/p>\n<p><\/p>","protected":false},"excerpt":{"rendered":"<p>23 av v\u00e5re mest kjente folkeeventyr til glede for nye generasjoner!<\/p>\n","protected":false},"featured_media":31904,"comment_status":"closed","ping_status":"open","template":"","meta":[],"product_brand":[],"product_cat":[15],"product_tag":[],"class_list":{"0":"post-31902","1":"product","2":"type-product","3":"status-publish","4":"has-post-thumbnail","6":"product_cat-barne","7":"product_shipping_class-cddvd-shipping","8":"uni_artist_tag-jens-bolling","9":"uni_artist_tag-steinar-ofsdal","10":"uni_artist_genre-audio-book","11":"uni_artist_genre-children","13":"first","14":"outofstock","15":"taxable","16":"shipping-taxable","17":"product-type-simple"},"_links":{"self":[{"href":"https:\/\/grappa.no\/no\/wp-json\/wp\/v2\/product\/31902","targetHints":{"allow":["GET"]}}],"collection":[{"href":"https:\/\/grappa.no\/no\/wp-json\/wp\/v2\/product"}],"about":[{"href":"https:\/\/grappa.no\/no\/wp-json\/wp\/v2\/types\/product"}],"replies":[{"embeddable":true,"href":"https:\/\/grappa.no\/no\/wp-json\/wp\/v2\/comments?post=31902"}],"wp:featuredmedia":[{"embeddable":true,"href":"https:\/\/grappa.no\/no\/wp-json\/wp\/v2\/media\/31904"}],"wp:attachment":[{"href":"https:\/\/grappa.no\/no\/wp-json\/wp\/v2\/media?parent=31902"}],"wp:term":[{"taxonomy":"product_brand","embeddable":true,"href":"https:\/\/grappa.no\/no\/wp-json\/wp\/v2\/product_brand?post=31902"},{"taxonomy":"product_cat","embeddable":true,"href":"https:\/\/grappa.no\/no\/wp-json\/wp\/v2\/product_cat?post=31902"},{"taxonomy":"product_tag","embeddable":true,"href":"https:\/\/grappa.no\/no\/wp-json\/wp\/v2\/product_tag?post=31902"}],"curies":[{"name":"wp","href":"https:\/\/api.w.org\/{rel}","templated":true}]}}