{"id":31898,"date":"1999-06-01T00:00:00","date_gmt":"1999-05-31T23:00:00","guid":{"rendered":"http:\/\/www.grappa.no\/no\/albums\/ukategorisert\/norske-turdansar-fra-agder-og-nord-norge\/"},"modified":"2016-11-18T16:25:46","modified_gmt":"2016-11-18T15:25:46","slug":"norske-turdansar-fra-agder-og-nord-norge","status":"publish","type":"product","link":"https:\/\/grappa.no\/no\/albums\/heilo\/norske-turdansar-fra-agder-og-nord-norge\/","title":{"rendered":"Norske Turdansar \u2013 fr\u00e5 Agder og Nord-Norge"},"content":{"rendered":"<p><\/p>\n<p>Danser fra Nord-Norge og Agder<\/p>\n<p>\u201dDansar fr\u00e5 Agder og Nord-Norge\u201d er den andre utgivelsen i en serie p\u00e5 fire som omfatter alle landets tur- og stildanser, utgitt i regi av Norges Ungdomslag. Denne tar for seg dansene fra b\u00e5de Nord-Norge og Agder med blant annet trondheimar, sjusprang og vals, fremf\u00f8rt av \u00c5non Egeland &amp; Susanne Lundeng.<\/p>\n<p>Andre utgivelser i serien:<br \/>\nTurdanser 1: Kontradansar fr\u00e5 Austlandet (HCD7089)<br \/>\nTurdanser 3: Turdanser fr\u00e5 Vestlandet (HCD7142)<br \/>\nTurdanser 4: Turdanser fr\u00e5 Austlandet (HCD7177)<br \/>\nTurdanser 5: Turdansar fr\u00e5 Tr\u00f8ndelag (HCD7266)<\/p>\n<p><!--more--><\/p>\n<h4><\/h4>\n<\/p>\n<h4><\/h4>\n<p><h4><\/h4>\n<\/p>\n<p><\/p>","protected":false},"excerpt":{"rendered":"<p>Den andre utgivelsen i serien med turdanser fra Norge.<\/p>\n","protected":false},"featured_media":31899,"comment_status":"closed","ping_status":"open","template":"","meta":[],"product_brand":[],"product_cat":[35],"product_tag":[],"class_list":{"0":"post-31898","1":"product","2":"type-product","3":"status-publish","4":"has-post-thumbnail","6":"product_cat-heilo","7":"product_shipping_class-cddvd-shipping","8":"uni_artist_tag-aaste-kveseth","9":"uni_artist_tag-kjell-samkopf","10":"uni_artist_tag-leiv-solberg","11":"uni_artist_tag-susanne-lundeng","12":"uni_artist_tag-trad","13":"uni_artist_tag-vegar-vardal","14":"uni_artist_genre-folk-music","16":"first","17":"instock","18":"taxable","19":"shipping-taxable","20":"purchasable","21":"product-type-simple"},"_links":{"self":[{"href":"https:\/\/grappa.no\/no\/wp-json\/wp\/v2\/product\/31898","targetHints":{"allow":["GET"]}}],"collection":[{"href":"https:\/\/grappa.no\/no\/wp-json\/wp\/v2\/product"}],"about":[{"href":"https:\/\/grappa.no\/no\/wp-json\/wp\/v2\/types\/product"}],"replies":[{"embeddable":true,"href":"https:\/\/grappa.no\/no\/wp-json\/wp\/v2\/comments?post=31898"}],"wp:featuredmedia":[{"embeddable":true,"href":"https:\/\/grappa.no\/no\/wp-json\/wp\/v2\/media\/31899"}],"wp:attachment":[{"href":"https:\/\/grappa.no\/no\/wp-json\/wp\/v2\/media?parent=31898"}],"wp:term":[{"taxonomy":"product_brand","embeddable":true,"href":"https:\/\/grappa.no\/no\/wp-json\/wp\/v2\/product_brand?post=31898"},{"taxonomy":"product_cat","embeddable":true,"href":"https:\/\/grappa.no\/no\/wp-json\/wp\/v2\/product_cat?post=31898"},{"taxonomy":"product_tag","embeddable":true,"href":"https:\/\/grappa.no\/no\/wp-json\/wp\/v2\/product_tag?post=31898"}],"curies":[{"name":"wp","href":"https:\/\/api.w.org\/{rel}","templated":true}]}}