{"id":31874,"date":"2010-04-01T00:00:00","date_gmt":"2010-03-31T23:00:00","guid":{"rendered":"http:\/\/www.grappa.no\/no\/albums\/ukategorisert\/kardemomme-by\/"},"modified":"2017-05-30T08:48:18","modified_gmt":"2017-05-30T07:48:18","slug":"kardemomme-by","status":"publish","type":"product","link":"https:\/\/grappa.no\/no\/albums\/barne\/kardemomme-by\/","title":{"rendered":"Kardemomme By"},"content":{"rendered":"<p><\/p>\n<p>Kardemomme By<\/p>\n<p>Her blir du kjent med gamle Tobias med det lange skjegget og med Tommy og vesle Kamomilla. Her bor trikkef\u00f8rer Syversen og p\u00f8lsemakeren og barberer S\u00f8rensen og mange flere. Og her bor fr\u00f8ken tante Sofie, som mange synes er sv\u00e6rt streng, fordi hun vil at det skal v\u00e6re orden i alt. I byen blir vi venner med politimester Bastian som aldri har lyst til \u00e5 arrestere noen, ikke en gang de tre r\u00f8verne Kasper og Jesper og Jonatan, som bor i et gammelt hus p\u00e5 en ensom slette utenfor byen. De er nok r\u00f8vere, men ikke s\u00e5 ille som mange andre r\u00f8vere. De holder seg mest hjemme i huset sitt, og n\u00e5r de m\u00e5 til byen for \u00e5 r\u00f8ve br\u00f8d og kj\u00f8tt og litt l\u00f8vemat, s\u00e5 tar de s\u00e5 lite de kan. Men en natt blir de fanget av bakeren og p\u00f8lsemakeren og kj\u00f8pmann Berg, og s\u00e5 er politimester Bastian n\u00f8dt til \u00e5 arrestere dem. Men i fengselet hos Bastian og fru Bastian blir r\u00f8verne m\u00f8tt med s\u00e5 mye vennlighet og tillit, at de nesten f\u00f8ler seg som alminnelige mennesker. De f\u00e5r lyst til \u00e5 slutte med r\u00f8veriene sine og bli skikkelige folk. Og alt ender godt for b\u00e5de folk og r\u00f8vere i Kardemomme by.<\/p>\n<p><!--more--><\/p>\n<h4><\/h4>\n<\/p>\n<h4><\/h4>\n<p><h4><\/h4>\n<\/p>\n<p><\/p>","protected":false},"excerpt":{"rendered":"<p>Her blir du kjent med folk og r\u00f8vere i Kardemomme By.<\/p>\n","protected":false},"featured_media":31877,"comment_status":"closed","ping_status":"open","template":"","meta":[],"product_brand":[],"product_cat":[15],"product_tag":[],"class_list":{"0":"post-31874","1":"product","2":"type-product","3":"status-publish","4":"has-post-thumbnail","6":"product_cat-barne","7":"product_shipping_class-cddvd-shipping","8":"uni_artist_tag-thorbjorn-egner","9":"uni_main_artist_tag-thorbjorn-egner","10":"uni_artist_genre-children","11":"uni_artist_genre-norwegian-lyrics","13":"first","14":"instock","15":"taxable","16":"shipping-taxable","17":"purchasable","18":"product-type-simple"},"_links":{"self":[{"href":"https:\/\/grappa.no\/no\/wp-json\/wp\/v2\/product\/31874","targetHints":{"allow":["GET"]}}],"collection":[{"href":"https:\/\/grappa.no\/no\/wp-json\/wp\/v2\/product"}],"about":[{"href":"https:\/\/grappa.no\/no\/wp-json\/wp\/v2\/types\/product"}],"replies":[{"embeddable":true,"href":"https:\/\/grappa.no\/no\/wp-json\/wp\/v2\/comments?post=31874"}],"wp:featuredmedia":[{"embeddable":true,"href":"https:\/\/grappa.no\/no\/wp-json\/wp\/v2\/media\/31877"}],"wp:attachment":[{"href":"https:\/\/grappa.no\/no\/wp-json\/wp\/v2\/media?parent=31874"}],"wp:term":[{"taxonomy":"product_brand","embeddable":true,"href":"https:\/\/grappa.no\/no\/wp-json\/wp\/v2\/product_brand?post=31874"},{"taxonomy":"product_cat","embeddable":true,"href":"https:\/\/grappa.no\/no\/wp-json\/wp\/v2\/product_cat?post=31874"},{"taxonomy":"product_tag","embeddable":true,"href":"https:\/\/grappa.no\/no\/wp-json\/wp\/v2\/product_tag?post=31874"}],"curies":[{"name":"wp","href":"https:\/\/api.w.org\/{rel}","templated":true}]}}