{"id":31873,"date":"2009-11-30T00:00:00","date_gmt":"2009-11-29T23:00:00","guid":{"rendered":"http:\/\/www.grappa.no\/no\/albums\/ukategorisert\/en-bibelhistorie-av-alfred-janson\/"},"modified":"2016-11-18T16:35:22","modified_gmt":"2016-11-18T15:35:22","slug":"en-bibelhistorie-av-alfred-janson","status":"publish","type":"product","link":"https:\/\/grappa.no\/no\/albums\/grappa\/en-bibelhistorie-av-alfred-janson\/","title":{"rendered":"En Bibelhistorie &#8211; av Alfred Janson"},"content":{"rendered":"<p><\/p>\n<p>En Bibelhistorie &#8211; av Alfred Janson<\/p>\n<p>Etter et livslangt politisk engasjement mot en klassedelt verden, g\u00e5r Alfred Janson tilbake til kilden og har skrevet sin egen bibelhistorie.<br \/>\nDette er et musikalsk verk for 15 musikere og en skuespiller, hvor musikken er komponert for \u00e5 ytterligere belyse og forsterke innholdet i teksten.<\/p>\n<p>Skuespilleren er Teodor Janson, musikken av Oslo Sinfonietta &#8211; dirigert av Christian Eggen.<\/p>\n<p><!--more--><\/p>\n<p>Etter et livslangt politisk engasjement mot en klassedelt verden, g\u00e5r Alfred Janson tilbake til kilden og har skrevet sin egen bibelhistorie.<\/p>\n<h4>Alfred Janson<\/h4>\n<p>\u201dEnten vi er troende eller ikke, s\u00e5 er Bibelen en viktig del av selve grunnlaget for v\u00e5r kultur. For hvordan vi f\u00f8ler og hvordan vi tenker i v\u00e5r mektige del av verden. Derfor er Bibelen ogs\u00e5 en viktig del av \u00e5rsaken til at verden ser ut som den gj\u00f8r i dag. Og det er dette En Bibelhistorie handler om\u201d \u2013 Alfred Janson.<\/p>\n<p>Alfred Janson (1937) debuterte som pianist i 1962, og som ut\u00f8vende musiker har han gjort seg spesielt bemerket innen jazz, men mangesidighet er hans kjennetegn. Fra 1962 begynte han ogs\u00e5 \u00e5 komponere mer notebunden musikk, og gjorde seg fordelaktig bemerket med verker som \u201dNovember 1962\u201d og \u201dVuggesang for 48 strykere og sopran\u201d. Det er ikke enkelt \u00e5 plassere Janson i noen stilmessig b\u00e5s, men han blir omtalt som en moderne romantiker som har latt seg inspirere av b\u00e5de jazz og elektronikk. Verkene avspeiler kreativ kraft, originalitet og viljestyrke, samtidig som de har en lys lyrisk undertone.<\/p>\n<h4>Medvirkende<\/h4>\n<p>Oslo Sinfonietta; er organisert som en musikerpool med noen av Norges fremste musikere, frilansere og medlemmer av Oslo Filharmoniske Orkester, Den Norske operea &amp; balletts orkester, Det Norske Kammerorkester og Kringkastingsorkesteret. <\/p>\n<p>Christian Eggen har i en \u00e5rrekke var blant v\u00e5re fremste pianister, og som n\u00e5 er en av Nordens mest profilerte dirigenter. <\/p>\n<p>Teodor Janson, som skuespiller har v\u00e6rt tilknyttet flere teatere i Norge, og som regiss\u00f8r og tekstforfatter av blant annet Raske menn, Ylvis og Peter pan.<\/p>\n<h4><\/h4>\n<\/p>\n<p><\/p>","protected":false},"excerpt":{"rendered":"<p>Etter et livslangt politisk engasjement mot en klassedelt verden, g\u00e5r Alfred Janson tilbake til kilden og har skrevet sin egen bibelhistorie.<\/p>\n","protected":false},"featured_media":31876,"comment_status":"closed","ping_status":"open","template":"","meta":[],"product_brand":[],"product_cat":[6],"product_tag":[],"class_list":{"0":"post-31873","1":"product","2":"type-product","3":"status-publish","4":"has-post-thumbnail","6":"product_cat-grappa","7":"product_shipping_class-cddvd-shipping","8":"uni_artist_tag-alfred-janson","9":"uni_artist_tag-christian-eggen","10":"uni_artist_tag-oslo-sinfonietta","11":"uni_artist_tag-teodor-janson","12":"uni_artist_genre-contemporary-music","13":"uni_artist_genre-religious","15":"first","16":"instock","17":"taxable","18":"shipping-taxable","19":"purchasable","20":"product-type-simple"},"_links":{"self":[{"href":"https:\/\/grappa.no\/no\/wp-json\/wp\/v2\/product\/31873","targetHints":{"allow":["GET"]}}],"collection":[{"href":"https:\/\/grappa.no\/no\/wp-json\/wp\/v2\/product"}],"about":[{"href":"https:\/\/grappa.no\/no\/wp-json\/wp\/v2\/types\/product"}],"replies":[{"embeddable":true,"href":"https:\/\/grappa.no\/no\/wp-json\/wp\/v2\/comments?post=31873"}],"wp:featuredmedia":[{"embeddable":true,"href":"https:\/\/grappa.no\/no\/wp-json\/wp\/v2\/media\/31876"}],"wp:attachment":[{"href":"https:\/\/grappa.no\/no\/wp-json\/wp\/v2\/media?parent=31873"}],"wp:term":[{"taxonomy":"product_brand","embeddable":true,"href":"https:\/\/grappa.no\/no\/wp-json\/wp\/v2\/product_brand?post=31873"},{"taxonomy":"product_cat","embeddable":true,"href":"https:\/\/grappa.no\/no\/wp-json\/wp\/v2\/product_cat?post=31873"},{"taxonomy":"product_tag","embeddable":true,"href":"https:\/\/grappa.no\/no\/wp-json\/wp\/v2\/product_tag?post=31873"}],"curies":[{"name":"wp","href":"https:\/\/api.w.org\/{rel}","templated":true}]}}