{"id":31872,"date":"2000-01-20T00:00:00","date_gmt":"2000-01-19T23:00:00","guid":{"rendered":"http:\/\/www.grappa.no\/no\/albums\/ukategorisert\/francis-poulenc-liberte\/"},"modified":"2019-02-22T15:43:37","modified_gmt":"2019-02-22T14:43:37","slug":"francis-poulenc-liberte","status":"publish","type":"product","link":"https:\/\/grappa.no\/no\/albums\/simax-classics\/francis-poulenc-liberte\/","title":{"rendered":"Francis Poulenc: Libert\u00e9"},"content":{"rendered":"<p><\/p>\n<p>Skjellsettende opplevelser<\/p>\n<p>Til tross for at han ikke ble tatt opp ved musikkonservatoriet i Paris fordi musikken hans ikke var god nok, ble Francis Poulenc en av Frankrikes mest prominente komponister i sin tid. Musikken hans vil bli husket f\u00f8rst og fremst for sin umiskjennelig s\u00e6rpregede stil, som b\u00e5de representerer den franske tradisjon og gjenspeiler tidens trender og tendenser. Som en del av gruppen \u201dLes Six\u201d, som representerte selve essensen av urban frivolitet i de optimistiske 20-\u00e5rene, ble han kjent som en komponist som skrev gode melodier, og vanket i avantgarde-kretser.<\/p>\n<p>Musikken p\u00e5 denne innspillingen, fremf\u00f8rt av Grex Vocalis under dirigent Carl H\u00f8gset, stammer fra to perioder i Poulencs liv, som begge ble preget av skjellsettende opplevelser. P\u00e5 en side, d\u00f8dsfallet til hans venn Pierre-Octave Ferroud, som vekket hans katolske tro som lenge hadde ligget i dvale og resulterte i de to sakrale mesterverkene \u201dMesse en Sol Majeur\u201d og \u201dQuatre motets pour un temps de p\u00e9nitence\u201d. Her finner vi elementer fra fransk renessanse, fra jazz og 20- og 30-tallets popul\u00e6rmusikk, over sterke religi\u00f8se undertoner. Videre ble den tyske okkupasjonen av Frankrike under andre verdenskrig en annen skjellsettende opplevelse. Korverkene \u201dFigure Humaine\u201d og \u201dUn soir de neige\u201d, begge skrevet under denne perioden, skildrer p\u00e5 hver sin m\u00e5te den menneskelige lidelse: f\u00f8rstnevnte et intenst og bevegende vitnesbyrd om krigens meningsl\u00f8se grusomheter, sistnevnte en metafor p\u00e5 den menneskelige lidelse gjennom bilder av sn\u00f8 og vinter.<\/p>\n<p><!--more--><\/p>\n<h4><\/h4>\n<\/p>\n<h4><\/h4>\n<p><h4><\/h4>\n<\/p>\n<p><\/p>","protected":false},"excerpt":{"rendered":"<p>Grex Vocalis\u00b4 gripende fremf\u00f8ringer av Francis Poulencs skjellsettende og dramatiske verker.<\/p>\n","protected":false},"featured_media":31875,"comment_status":"closed","ping_status":"open","template":"","meta":[],"product_brand":[],"product_cat":[180],"product_tag":[],"class_list":{"0":"post-31872","1":"product","2":"type-product","3":"status-publish","4":"has-post-thumbnail","6":"product_cat-simax-classics","7":"product_shipping_class-cddvd-shipping","8":"uni_artist_tag-carl-hogset","9":"uni_artist_tag-francis-poulenc","10":"uni_artist_tag-grex-vocalis","11":"uni_artist_tag-krzysztof-drab","12":"uni_artist_tag-morten-lindberg","13":"uni_main_artist_tag-grex-vocalis","14":"uni_artist_genre-a-cappella","15":"uni_artist_genre-choir","17":"first","18":"outofstock","19":"taxable","20":"shipping-taxable","21":"product-type-simple"},"_links":{"self":[{"href":"https:\/\/grappa.no\/no\/wp-json\/wp\/v2\/product\/31872","targetHints":{"allow":["GET"]}}],"collection":[{"href":"https:\/\/grappa.no\/no\/wp-json\/wp\/v2\/product"}],"about":[{"href":"https:\/\/grappa.no\/no\/wp-json\/wp\/v2\/types\/product"}],"replies":[{"embeddable":true,"href":"https:\/\/grappa.no\/no\/wp-json\/wp\/v2\/comments?post=31872"}],"wp:featuredmedia":[{"embeddable":true,"href":"https:\/\/grappa.no\/no\/wp-json\/wp\/v2\/media\/31875"}],"wp:attachment":[{"href":"https:\/\/grappa.no\/no\/wp-json\/wp\/v2\/media?parent=31872"}],"wp:term":[{"taxonomy":"product_brand","embeddable":true,"href":"https:\/\/grappa.no\/no\/wp-json\/wp\/v2\/product_brand?post=31872"},{"taxonomy":"product_cat","embeddable":true,"href":"https:\/\/grappa.no\/no\/wp-json\/wp\/v2\/product_cat?post=31872"},{"taxonomy":"product_tag","embeddable":true,"href":"https:\/\/grappa.no\/no\/wp-json\/wp\/v2\/product_tag?post=31872"}],"curies":[{"name":"wp","href":"https:\/\/api.w.org\/{rel}","templated":true}]}}