{"id":31869,"date":"2016-10-21T00:00:00","date_gmt":"2016-10-20T23:00:00","guid":{"rendered":"http:\/\/www.grappa.no\/no\/albums\/ukategorisert\/bergen-mandolinband-siste-skrik\/"},"modified":"2016-11-21T11:32:41","modified_gmt":"2016-11-21T10:32:41","slug":"bergen-mandolinband-siste-skrik","status":"publish","type":"product","link":"https:\/\/grappa.no\/no\/albums\/grappa\/bergen-mandolinband-siste-skrik\/","title":{"rendered":"Bergen Mandolinband: Siste skrik"},"content":{"rendered":"<p><\/p>\n<p>Historiefortellere av rang<\/p>\n<p>Historiefortellere av rang! 3 kritikerroste plater og 15 \u00e5r p\u00e5 veien. Midt i jubileums\u00e5ret slipper Bergen Mandolinband sitt fjerde album: Siste skrik. Bandets uimotst\u00e5elige blanding av cajun, blues og viser er intakt, og tekstene er som alltid treffsikre, s\u00e5re og fulle av liv og m\u00f8rk humor. Anne Lise Fr\u00f8kedal og gitarist Kjetil Steensn\u00e6s (Darling West) gjester ogs\u00e5 denne gangen flere spor.\u00a0<\/p>\n<p><!--more--><\/p>\n<p>Historiefortellere av rang! 3 kritikerroste plater og 15 \u00e5r p\u00e5 veien. Midt i jubileums\u00e5ret slipper Bergen Mandolinband sitt fjerde album: Siste skrik. Bandets uimotst\u00e5elige blanding av cajun, blues og viser er intakt, og tekstene er som alltid treffsikre, s\u00e5re og fulle av liv og m\u00f8rk humor.<\/p>\n<h4>Vestlandet m\u00f8ter Louisiana<\/h4>\n<p>Ogs\u00e5 p\u00e5 \u201dSiste skrik\u201d m\u00f8ter vi det som har blitt bandets musikalske varemerke: en s\u00e6regen cocktail av vestlandsblues, viser, folk, country og cajun fra Louisiana.  Vokalist (og forfatter) Gaute M. Sortland st\u00e5r fortsatt for alle tekstene. Sm\u00e5 skeive historier i sangform fortalt med betydelig overskudd. &#8211; Godlynt vestlandsk tungsinn, hverdagstristesse, etterp\u00e5kloke drikkeviser og livlig danse- og festmusikk i skj\u00f8nn forening. &quot;Siste skrik&quot; er helt klart mandolinbandet mest rendyrkede, nedstrippede og konsertn\u00e6re utgivelse s\u00e5 langt, og cajunmusikk fra Louisiana vies st\u00f8rre plassen enn p\u00e5 de tidligere utgivelsene. Bandet har gravd seg inn til sin egen grunnstamme, og det er bare \u00e5 ta med i aftenb\u00f8nnen at denne utgivelsen virkelig ikke blir bandets siste skrik!<\/p>\n<p>Anne Lise Fr\u00f8kedal (I was a king\/Fr\u00f8kedal) og gitarist Kjetil Steensn\u00e6s (Darling West) gjester ogs\u00e5 denne gangen flere spor.\u00a0<\/p>\n<p>&quot;Det svinger og river som en vestlandsk kuling.&quot; Stavanger Aftenblad<br \/>\n&quot;H\u00f8y kvalitet og god allsangfaktor&quot; Telemarksavisa<br \/>\n&quot;Mye mer enn mandoliner&quot; Dagsavisen<br \/>\n&quot;Historiefortellere av rang&quot; Dagbladet<\/p>\n<h4>Konserter<\/h4>\n<p>27. oktober       Fugl F\u00f8nix, Etne (med Lady Hardanger)<br \/>\n28. oktober       Bergen Offentlige Bibliotek, Bergen (med Lady Hardanger)<br \/>\n29. oktober       Martiniqe, Stavanger (med Lady Hardanger)<br \/>\n04. november   Mono, Oslo (med Lady Hardanger)<\/p>\n<h4><\/h4>\n<\/p>\n<p><\/p>","protected":false},"excerpt":{"rendered":"<p>Midt i jubileums\u00e5ret slipper Bergen Mandolinband sitt fjerde album: Siste skrik. Bandets uimotst\u00e5elige blanding av cajun, blues og viser er intakt, og tekstene er som alltid treffsikre, s\u00e5re og fulle av liv og m\u00f8rk humor.<\/p>\n","protected":false},"featured_media":31870,"comment_status":"closed","ping_status":"open","template":"","meta":[],"product_brand":[],"product_cat":[6],"product_tag":[],"class_list":{"0":"post-31869","1":"product","2":"type-product","3":"status-publish","4":"has-post-thumbnail","6":"product_cat-grappa","7":"product_shipping_class-vinyl-shipping","8":"uni_artist_tag-anne-lise-frokedal","9":"uni_artist_tag-bebe-carriere","10":"uni_artist_tag-bergen-mandolinband","11":"uni_artist_tag-craig-johnson","12":"uni_artist_tag-gaute-m-sortland","13":"uni_artist_tag-ingemund-askeland","14":"uni_artist_tag-kjetil-olai-lundo","15":"uni_artist_tag-kjetil-steensnaes","16":"uni_artist_tag-olav-christer-rossebo","17":"uni_artist_tag-stale-holgersen","18":"uni_artist_tag-trad","19":"uni_main_artist_tag-bergen-mandolinband","20":"uni_artist_genre-folk-music","21":"uni_artist_genre-singersongwriter","23":"first","24":"instock","25":"taxable","26":"shipping-taxable","27":"purchasable","28":"product-type-simple"},"_links":{"self":[{"href":"https:\/\/grappa.no\/no\/wp-json\/wp\/v2\/product\/31869","targetHints":{"allow":["GET"]}}],"collection":[{"href":"https:\/\/grappa.no\/no\/wp-json\/wp\/v2\/product"}],"about":[{"href":"https:\/\/grappa.no\/no\/wp-json\/wp\/v2\/types\/product"}],"replies":[{"embeddable":true,"href":"https:\/\/grappa.no\/no\/wp-json\/wp\/v2\/comments?post=31869"}],"wp:featuredmedia":[{"embeddable":true,"href":"https:\/\/grappa.no\/no\/wp-json\/wp\/v2\/media\/31870"}],"wp:attachment":[{"href":"https:\/\/grappa.no\/no\/wp-json\/wp\/v2\/media?parent=31869"}],"wp:term":[{"taxonomy":"product_brand","embeddable":true,"href":"https:\/\/grappa.no\/no\/wp-json\/wp\/v2\/product_brand?post=31869"},{"taxonomy":"product_cat","embeddable":true,"href":"https:\/\/grappa.no\/no\/wp-json\/wp\/v2\/product_cat?post=31869"},{"taxonomy":"product_tag","embeddable":true,"href":"https:\/\/grappa.no\/no\/wp-json\/wp\/v2\/product_tag?post=31869"}],"curies":[{"name":"wp","href":"https:\/\/api.w.org\/{rel}","templated":true}]}}