{"id":31863,"date":"2007-11-19T00:00:00","date_gmt":"2007-11-18T23:00:00","guid":{"rendered":"http:\/\/www.grappa.no\/no\/albums\/ukategorisert\/barnas-superjul-musikken-fra-julekalenderen\/"},"modified":"2016-12-05T14:18:17","modified_gmt":"2016-12-05T13:18:17","slug":"barnas-superjul-musikken-fra-julekalenderen","status":"publish","type":"product","link":"https:\/\/grappa.no\/no\/albums\/barne\/barnas-superjul-musikken-fra-julekalenderen\/","title":{"rendered":"BARNAS SUPERJUL &#8211; MUSIKKEN FRA JULEKALENDEREN"},"content":{"rendered":"<p><\/p>\n<p>Barnas Superjul<\/p>\n<p>Julens viktigste soundtrack! Barnas Superjul \u2013 NRKs julekalender i 2007 \u2013 er en videref\u00f8ring av Barnas Supershow der barn er programledere og styrer sitt eget show. Hver dag er det en ny musikkvideo der 16 av sangene er ny, original musikk \u2013 skrevet av Magnus Beite.<\/p>\n<p>Barnas Superjul er en videref\u00f8ring av popul\u00e6re og prisbel\u00f8nte Barnas Supershow, der barn er programledere og styrer sitt eget show. De voksne blir plassert p\u00e5 sidelinjen som statister, og i 24 episoder f\u00e5r vi se et fargerikt og forrykende show, fylt med juleforberedelser, humor og forventninger.<\/p>\n<p><!--more--><\/p>\n<h4><\/h4>\n<\/p>\n<h4><\/h4>\n<p><h4><\/h4>\n<\/p>\n<p><\/p>","protected":false},"excerpt":{"rendered":"<p>Barnas Superjul: julens viktigste soundtrack!<\/p>\n","protected":false},"featured_media":31864,"comment_status":"closed","ping_status":"open","template":"","meta":[],"product_brand":[],"product_cat":[15],"product_tag":[],"class_list":{"0":"post-31863","1":"product","2":"type-product","3":"status-publish","4":"has-post-thumbnail","6":"product_cat-barne","7":"product_shipping_class-cddvd-shipping","8":"uni_artist_tag-audun-erlien","9":"uni_artist_tag-bernt-rune-stray","10":"uni_artist_tag-eivind-aarset","11":"uni_artist_tag-kenneth-ekornes","12":"uni_artist_tag-magnus-beite","13":"uni_artist_tag-torstein-lofthus","14":"uni_artist_genre-children","15":"uni_artist_genre-norwegian-lyrics","17":"first","18":"outofstock","19":"taxable","20":"shipping-taxable","21":"purchasable","22":"product-type-simple"},"_links":{"self":[{"href":"https:\/\/grappa.no\/no\/wp-json\/wp\/v2\/product\/31863","targetHints":{"allow":["GET"]}}],"collection":[{"href":"https:\/\/grappa.no\/no\/wp-json\/wp\/v2\/product"}],"about":[{"href":"https:\/\/grappa.no\/no\/wp-json\/wp\/v2\/types\/product"}],"replies":[{"embeddable":true,"href":"https:\/\/grappa.no\/no\/wp-json\/wp\/v2\/comments?post=31863"}],"wp:featuredmedia":[{"embeddable":true,"href":"https:\/\/grappa.no\/no\/wp-json\/wp\/v2\/media\/31864"}],"wp:attachment":[{"href":"https:\/\/grappa.no\/no\/wp-json\/wp\/v2\/media?parent=31863"}],"wp:term":[{"taxonomy":"product_brand","embeddable":true,"href":"https:\/\/grappa.no\/no\/wp-json\/wp\/v2\/product_brand?post=31863"},{"taxonomy":"product_cat","embeddable":true,"href":"https:\/\/grappa.no\/no\/wp-json\/wp\/v2\/product_cat?post=31863"},{"taxonomy":"product_tag","embeddable":true,"href":"https:\/\/grappa.no\/no\/wp-json\/wp\/v2\/product_tag?post=31863"}],"curies":[{"name":"wp","href":"https:\/\/api.w.org\/{rel}","templated":true}]}}