{"id":31861,"date":"1999-06-01T00:00:00","date_gmt":"1999-05-31T23:00:00","guid":{"rendered":"http:\/\/www.grappa.no\/no\/albums\/ukategorisert\/norske-turdansar-turdansar-fra-vestlandet\/"},"modified":"2016-11-18T16:25:46","modified_gmt":"2016-11-18T15:25:46","slug":"norske-turdansar-turdansar-fra-vestlandet","status":"publish","type":"product","link":"https:\/\/grappa.no\/no\/albums\/heilo\/norske-turdansar-turdansar-fra-vestlandet\/","title":{"rendered":"Norske Turdansar &#8211; Turdansar Fr\u00e5 Vestlandet"},"content":{"rendered":"<p><\/p>\n<p>Turdanser fra Vestlandet<\/p>\n<p>\u201dTurdansar fr\u00e5 Vestlandet\u201d er den tredje utgivelsen i en serie p\u00e5 fire som omfatter alle landets tur- og stildanser, utgitt i regi av Norges Ungdomslag. Her f\u00e5r vi h\u00f8re alt fra sekskorsedans og pariserpolka til dobbel reinlender og sjuspringar, fremf\u00f8rt av Siri Dyvik, Finn Vab\u00f8, Arild Hoksnes og Vegar V\u00e5rdal.<\/p>\n<p>Andre utgivelser i serien:<br \/>\nTurdanser 1: Kontradansar fr\u00e5 Austlandet (HCD7089)<br \/>\nTurdanser 2: Turdanser fr\u00e5 Agder og Nord-Norge (HCD7117)<br \/>\nTurdanser 4: Turdanser fr\u00e5 Austlandet (HCD7177)<br \/>\nTurdanser 5: Turdansar fr\u00e5 Tr\u00f8ndelag (HCD7266)<\/p>\n<p><!--more--><\/p>\n<h4><\/h4>\n<\/p>\n<h4><\/h4>\n<p><h4><\/h4>\n<\/p>\n<p><\/p>","protected":false},"excerpt":{"rendered":"<p>Den tredje utgivelsen i serien med turdanser fra Norge.<\/p>\n","protected":false},"featured_media":31862,"comment_status":"closed","ping_status":"open","template":"","meta":[],"product_brand":[],"product_cat":[35],"product_tag":[],"class_list":{"0":"post-31861","1":"product","2":"type-product","3":"status-publish","4":"has-post-thumbnail","6":"product_cat-heilo","7":"product_shipping_class-cddvd-shipping","8":"uni_artist_tag-trad","9":"uni_artist_tag-vegar-vardal","10":"uni_artist_genre-folk-music","12":"first","13":"instock","14":"taxable","15":"shipping-taxable","16":"purchasable","17":"product-type-simple"},"_links":{"self":[{"href":"https:\/\/grappa.no\/no\/wp-json\/wp\/v2\/product\/31861","targetHints":{"allow":["GET"]}}],"collection":[{"href":"https:\/\/grappa.no\/no\/wp-json\/wp\/v2\/product"}],"about":[{"href":"https:\/\/grappa.no\/no\/wp-json\/wp\/v2\/types\/product"}],"replies":[{"embeddable":true,"href":"https:\/\/grappa.no\/no\/wp-json\/wp\/v2\/comments?post=31861"}],"wp:featuredmedia":[{"embeddable":true,"href":"https:\/\/grappa.no\/no\/wp-json\/wp\/v2\/media\/31862"}],"wp:attachment":[{"href":"https:\/\/grappa.no\/no\/wp-json\/wp\/v2\/media?parent=31861"}],"wp:term":[{"taxonomy":"product_brand","embeddable":true,"href":"https:\/\/grappa.no\/no\/wp-json\/wp\/v2\/product_brand?post=31861"},{"taxonomy":"product_cat","embeddable":true,"href":"https:\/\/grappa.no\/no\/wp-json\/wp\/v2\/product_cat?post=31861"},{"taxonomy":"product_tag","embeddable":true,"href":"https:\/\/grappa.no\/no\/wp-json\/wp\/v2\/product_tag?post=31861"}],"curies":[{"name":"wp","href":"https:\/\/api.w.org\/{rel}","templated":true}]}}