{"id":31828,"date":"2008-06-30T00:00:00","date_gmt":"2008-06-29T23:00:00","guid":{"rendered":"http:\/\/www.grappa.no\/no\/albums\/ukategorisert\/de-beste-fra-barnas-supershow\/"},"modified":"2016-12-05T14:18:19","modified_gmt":"2016-12-05T13:18:19","slug":"de-beste-fra-barnas-supershow","status":"publish","type":"product","link":"https:\/\/grappa.no\/no\/albums\/barne\/de-beste-fra-barnas-supershow\/","title":{"rendered":"DE BESTE FRA BARNAS SUPERSHOW"},"content":{"rendered":"<p><\/p>\n<p>De beste fra Barnas Supershow<\/p>\n<p>Barnas Supershow har utmerket seg b\u00e5de p\u00e5 nasjonalt og internasjonalt niv\u00e5 og har vunnet flere priser for beste barneproduksjon. Programmet med barn i hovedrollene har blitt en stor suksess blant b\u00e5de store og sm\u00e5. Det er tidligere utgitt tre CD-er med musikk fra serien, og n\u00e5 samler vi de beste av sangene p\u00e5 \u00e9n plate; Maur i rompa, Pappa av papp, \u00c6dda B\u00e6dda, Tid, Skygger, Tall og mange flere.<\/p>\n<p><!--more--><\/p>\n<h4><\/h4>\n<\/p>\n<h4><\/h4>\n<p><h4><\/h4>\n<\/p>\n<p><\/p>","protected":false},"excerpt":{"rendered":"<p>En samleplate med de beste sangene fra Barnas Supershow p\u00e5 \u00e9n plate!<\/p>\n","protected":false},"featured_media":31853,"comment_status":"closed","ping_status":"open","template":"","meta":[],"product_brand":[],"product_cat":[15],"product_tag":[],"class_list":{"0":"post-31828","1":"product","2":"type-product","3":"status-publish","4":"has-post-thumbnail","6":"product_cat-barne","7":"product_shipping_class-cddvd-shipping","8":"uni_artist_tag-barnas-supershow","9":"uni_artist_tag-svenn-erik-kristoffersen","10":"uni_main_artist_tag-barnas-supershow","11":"uni_artist_genre-children","12":"uni_artist_genre-norwegian-lyrics","14":"first","15":"outofstock","16":"taxable","17":"shipping-taxable","18":"purchasable","19":"product-type-simple"},"_links":{"self":[{"href":"https:\/\/grappa.no\/no\/wp-json\/wp\/v2\/product\/31828","targetHints":{"allow":["GET"]}}],"collection":[{"href":"https:\/\/grappa.no\/no\/wp-json\/wp\/v2\/product"}],"about":[{"href":"https:\/\/grappa.no\/no\/wp-json\/wp\/v2\/types\/product"}],"replies":[{"embeddable":true,"href":"https:\/\/grappa.no\/no\/wp-json\/wp\/v2\/comments?post=31828"}],"wp:featuredmedia":[{"embeddable":true,"href":"https:\/\/grappa.no\/no\/wp-json\/wp\/v2\/media\/31853"}],"wp:attachment":[{"href":"https:\/\/grappa.no\/no\/wp-json\/wp\/v2\/media?parent=31828"}],"wp:term":[{"taxonomy":"product_brand","embeddable":true,"href":"https:\/\/grappa.no\/no\/wp-json\/wp\/v2\/product_brand?post=31828"},{"taxonomy":"product_cat","embeddable":true,"href":"https:\/\/grappa.no\/no\/wp-json\/wp\/v2\/product_cat?post=31828"},{"taxonomy":"product_tag","embeddable":true,"href":"https:\/\/grappa.no\/no\/wp-json\/wp\/v2\/product_tag?post=31828"}],"curies":[{"name":"wp","href":"https:\/\/api.w.org\/{rel}","templated":true}]}}