{"id":31822,"date":"2007-02-12T00:00:00","date_gmt":"2007-02-11T23:00:00","guid":{"rendered":"http:\/\/www.grappa.no\/no\/albums\/ukategorisert\/mormors-promenade\/"},"modified":"2019-01-11T16:18:33","modified_gmt":"2019-01-11T15:18:33","slug":"mormors-promenade","status":"publish","type":"product","link":"https:\/\/grappa.no\/no\/albums\/barne\/mormors-promenade\/","title":{"rendered":"MORMORS PROMENADE"},"content":{"rendered":"<p><\/p>\n<p>Den femte boken mormor<\/p>\n<p>Det n\u00e6rmer seg v\u00e5ren, og mor, far, mormor og alle de \u00e5tte ungene blir litt kjent med &#8216;Kommunen&#8217;. S\u00e5 blir det sommer, og Go&#8217;rosa skal f\u00e5 g\u00e5 ute i skogen hele dagen. Ungene skal v\u00e6re gjetere, to av gangen. Da dukker det opp seks sk\u00f8yerfanter som heter Eugen, Hans, Harry, Bj\u00f8rn, Monrad og Knut. Selv om de er noen store ertekroker blir de kamerater med b\u00e5de ungene og mormor. Det kan v\u00e6re bra n\u00e5r &#8216;Kommunen&#8217; vil bestemme alt helt til slutt.<\/p>\n<p><!--more--><\/p>\n<h4><\/h4>\n<\/p>\n<h4><\/h4>\n<p><h4><\/h4>\n<\/p>\n<p><\/p>","protected":false},"excerpt":{"rendered":"<p>Mormors promenade er den femte boken om mormor, mor, far, de \u00e5tte ungene og lastebilen \u2013 ja ogs\u00e5 Ovnsr\u00f8ret da.<\/p>\n","protected":false},"featured_media":31847,"comment_status":"closed","ping_status":"open","template":"","meta":[],"product_brand":[],"product_cat":[15],"product_tag":[],"class_list":{"0":"post-31822","1":"product","2":"type-product","3":"status-publish","4":"has-post-thumbnail","6":"product_cat-barne","7":"product_shipping_class-cddvd-shipping","8":"uni_artist_tag-anne-cath-vestly","9":"uni_artist_tag-jo-vestly","10":"uni_artist_tag-lars-erik-gudim","11":"uni_artist_tag-steinar-larsen","12":"uni_main_artist_tag-anne-cath-vestly","13":"uni_artist_genre-audio-book","14":"uni_artist_genre-children","16":"first","17":"outofstock","18":"taxable","19":"shipping-taxable","20":"purchasable","21":"product-type-simple"},"_links":{"self":[{"href":"https:\/\/grappa.no\/no\/wp-json\/wp\/v2\/product\/31822","targetHints":{"allow":["GET"]}}],"collection":[{"href":"https:\/\/grappa.no\/no\/wp-json\/wp\/v2\/product"}],"about":[{"href":"https:\/\/grappa.no\/no\/wp-json\/wp\/v2\/types\/product"}],"replies":[{"embeddable":true,"href":"https:\/\/grappa.no\/no\/wp-json\/wp\/v2\/comments?post=31822"}],"wp:featuredmedia":[{"embeddable":true,"href":"https:\/\/grappa.no\/no\/wp-json\/wp\/v2\/media\/31847"}],"wp:attachment":[{"href":"https:\/\/grappa.no\/no\/wp-json\/wp\/v2\/media?parent=31822"}],"wp:term":[{"taxonomy":"product_brand","embeddable":true,"href":"https:\/\/grappa.no\/no\/wp-json\/wp\/v2\/product_brand?post=31822"},{"taxonomy":"product_cat","embeddable":true,"href":"https:\/\/grappa.no\/no\/wp-json\/wp\/v2\/product_cat?post=31822"},{"taxonomy":"product_tag","embeddable":true,"href":"https:\/\/grappa.no\/no\/wp-json\/wp\/v2\/product_tag?post=31822"}],"curies":[{"name":"wp","href":"https:\/\/api.w.org\/{rel}","templated":true}]}}