{"id":31821,"date":"2006-06-26T00:00:00","date_gmt":"2006-06-25T23:00:00","guid":{"rendered":"http:\/\/www.grappa.no\/no\/albums\/ukategorisert\/knerten-i-bessby-4cd\/"},"modified":"2019-01-11T16:18:31","modified_gmt":"2019-01-11T15:18:31","slug":"knerten-i-bessby-4cd","status":"publish","type":"product","link":"https:\/\/grappa.no\/no\/albums\/barne\/knerten-i-bessby-4cd\/","title":{"rendered":"KNERTEN I BESSBY (4CD)"},"content":{"rendered":"<p><\/p>\n<p>Knerten i Bessby<\/p>\n<p>Her f\u00e5r du h\u00f8re at far slutter i jobben som handelsreisende og f\u00e5r vanlig kontortid, men det betyr at hele familien m\u00e5 flytte fra Gampetreff til Bessby. Lillebror er lei seg for \u00e5 flytte fra alt han kjenner og er glad i, men det er jo fint at far skal v\u00e6re mer hjemme. <\/p>\n<p>De f\u00f8rste vennene Lillebror f\u00e5r, er skomakeren tvers over gaten. Han f\u00e5r en stor bestilling av Lillebror. <\/p>\n<p>Bokhandleren i byen er god \u00e5 gjemme seg hos n\u00e5r det skjer skumle ting. <\/p>\n<p>I nabohuset bor en liten gutt som heter Magnus sammen med bestefaren sin, og snart er de to guttene bestevenner. <\/p>\n<p>Folk i Bessby er nysgjerrige p\u00e5 sine nye naboer. P\u00e5 s\u00f8ndagen kommer en str\u00f8m av gjester, og stor er forundringen n\u00e5r de ser at familien til Lillebror har h\u00f8velbenk i stuen!<\/p>\n<p><!--more--><\/p>\n<h4><\/h4>\n<\/p>\n<h4><\/h4>\n<p><h4><\/h4>\n<\/p>\n<p><\/p>","protected":false},"excerpt":{"rendered":"<p>Knerten i Bessby lest av Anne-Cath. Vestly selv.<\/p>\n","protected":false},"featured_media":31846,"comment_status":"closed","ping_status":"open","template":"","meta":[],"product_brand":[],"product_cat":[15],"product_tag":[],"class_list":{"0":"post-31821","1":"product","2":"type-product","3":"status-publish","4":"has-post-thumbnail","6":"product_cat-barne","7":"product_shipping_class-cddvd-shipping","8":"uni_artist_tag-anne-cath-vestly","9":"uni_artist_tag-steinar-larsen","10":"uni_main_artist_tag-anne-cath-vestly","11":"uni_artist_genre-audio-book","12":"uni_artist_genre-children","14":"first","15":"outofstock","16":"taxable","17":"shipping-taxable","18":"purchasable","19":"product-type-simple"},"_links":{"self":[{"href":"https:\/\/grappa.no\/no\/wp-json\/wp\/v2\/product\/31821","targetHints":{"allow":["GET"]}}],"collection":[{"href":"https:\/\/grappa.no\/no\/wp-json\/wp\/v2\/product"}],"about":[{"href":"https:\/\/grappa.no\/no\/wp-json\/wp\/v2\/types\/product"}],"replies":[{"embeddable":true,"href":"https:\/\/grappa.no\/no\/wp-json\/wp\/v2\/comments?post=31821"}],"wp:featuredmedia":[{"embeddable":true,"href":"https:\/\/grappa.no\/no\/wp-json\/wp\/v2\/media\/31846"}],"wp:attachment":[{"href":"https:\/\/grappa.no\/no\/wp-json\/wp\/v2\/media?parent=31821"}],"wp:term":[{"taxonomy":"product_brand","embeddable":true,"href":"https:\/\/grappa.no\/no\/wp-json\/wp\/v2\/product_brand?post=31821"},{"taxonomy":"product_cat","embeddable":true,"href":"https:\/\/grappa.no\/no\/wp-json\/wp\/v2\/product_cat?post=31821"},{"taxonomy":"product_tag","embeddable":true,"href":"https:\/\/grappa.no\/no\/wp-json\/wp\/v2\/product_tag?post=31821"}],"curies":[{"name":"wp","href":"https:\/\/api.w.org\/{rel}","templated":true}]}}