{"id":31820,"date":"2005-12-05T00:00:00","date_gmt":"2005-12-04T23:00:00","guid":{"rendered":"http:\/\/www.grappa.no\/no\/albums\/ukategorisert\/knerten-gifter-seg-4cd\/"},"modified":"2019-01-11T16:18:29","modified_gmt":"2019-01-11T15:18:29","slug":"knerten-gifter-seg-4cd","status":"publish","type":"product","link":"https:\/\/grappa.no\/no\/albums\/barne\/knerten-gifter-seg-4cd\/","title":{"rendered":"KNERTEN GIFTER SEG [4CD]"},"content":{"rendered":"<p><\/p>\n<p>Knerten gifter seg<\/p>\n<p>Dette er tredje lydbok i serien om Knerten. Den har 4 CD-er og leses av Anne-Cath. Vestly.<\/p>\n<p>F\u00f8rst blir Knerten skolegutt, s\u00e5 er han lastebilsjaf\u00f8r som drar av g\u00e5rde. Det ender godt, men hjemme er det noe som er skummelt, synes Knerten \u2013 iallfall s\u00e5nn med en gang. Men det hjelper \u00e5 f\u00e5 flosshatt. Det er godt at Lillebror har to kamerater fra f\u00f8r, nemlig den gamle snekkeren og Knerten. <\/p>\n<p>Lillebror er p\u00e5 realskolen enda han er altfor liten. Neste dag slipper han det, for da kommer tante Rundtomkring og Lille-Bj\u00f8rn. Da blir det Knertens tur til \u00e5 v\u00e6re med Phillip. Hva de to skal, er en hemmelighet. Det g\u00e5r mot jul, mor kommer hjem fra sykehuset og Lille-Knerten er p\u00e5 ferie hos tippoldefar.<\/p>\n<p><!--more--><\/p>\n<h4><\/h4>\n<\/p>\n<h4><\/h4>\n<p><h4><\/h4>\n<\/p>\n<p><\/p>","protected":false},"excerpt":{"rendered":"<p>Tredje lydbok i serien om Knerten &#8211; lest av Anne-Cath. Vestly!<\/p>\n","protected":false},"featured_media":31845,"comment_status":"closed","ping_status":"open","template":"","meta":[],"product_brand":[],"product_cat":[15],"product_tag":[],"class_list":{"0":"post-31820","1":"product","2":"type-product","3":"status-publish","4":"has-post-thumbnail","6":"product_cat-barne","7":"product_shipping_class-cddvd-shipping","8":"uni_artist_tag-anne-cath-vestly","9":"uni_artist_tag-steinar-larsen","10":"uni_main_artist_tag-anne-cath-vestly","11":"uni_artist_genre-audio-book","12":"uni_artist_genre-children","14":"first","15":"outofstock","16":"taxable","17":"shipping-taxable","18":"purchasable","19":"product-type-simple"},"_links":{"self":[{"href":"https:\/\/grappa.no\/no\/wp-json\/wp\/v2\/product\/31820","targetHints":{"allow":["GET"]}}],"collection":[{"href":"https:\/\/grappa.no\/no\/wp-json\/wp\/v2\/product"}],"about":[{"href":"https:\/\/grappa.no\/no\/wp-json\/wp\/v2\/types\/product"}],"replies":[{"embeddable":true,"href":"https:\/\/grappa.no\/no\/wp-json\/wp\/v2\/comments?post=31820"}],"wp:featuredmedia":[{"embeddable":true,"href":"https:\/\/grappa.no\/no\/wp-json\/wp\/v2\/media\/31845"}],"wp:attachment":[{"href":"https:\/\/grappa.no\/no\/wp-json\/wp\/v2\/media?parent=31820"}],"wp:term":[{"taxonomy":"product_brand","embeddable":true,"href":"https:\/\/grappa.no\/no\/wp-json\/wp\/v2\/product_brand?post=31820"},{"taxonomy":"product_cat","embeddable":true,"href":"https:\/\/grappa.no\/no\/wp-json\/wp\/v2\/product_cat?post=31820"},{"taxonomy":"product_tag","embeddable":true,"href":"https:\/\/grappa.no\/no\/wp-json\/wp\/v2\/product_tag?post=31820"}],"curies":[{"name":"wp","href":"https:\/\/api.w.org\/{rel}","templated":true}]}}